{"id":131593,"date":"2026-02-04T15:33:32","date_gmt":"2026-02-04T18:33:32","guid":{"rendered":"https:\/\/www.fitnessbrasil.com.br\/?page_id=131593"},"modified":"2026-02-04T15:45:45","modified_gmt":"2026-02-04T18:45:45","slug":"nasm","status":"publish","type":"page","link":"https:\/\/www.fitnessbrasil.com.br\/es\/fb-news\/nasm\/","title":{"rendered":"Ofrecido por NASM"},"content":{"rendered":"<div class=\"hidden\">\n\t\t\t\t\n\n<style>\n.wp-post-image{\n    \/*width: 100%;\n    height: 100%;\n    object-fit: cover;\n    clip-path: polygon(0 0, 100% 0, 100% 50%, 0 50%);*\/\n    border-radius: 10px;\n}\n\n.cat-label {\n    color: #d82d79;\n    font-size: 11px;\n    font-weight: 700;\n}\n\n.post-item .is-divider {\n    display: none;\n}\n\n.box-text-inner.blog-post-inner p{\n    margin-bottom: 20px;\n}\n\n.heading img{\n    max-width: 400px;\n    margin-bottom: 30px;\n}\n\n.box-text .button{\n    margin: 0px;\n}\n\n\/*** PAGINA\u00c7\u00c3O ***\/\n\n.nav-pagination>li>.current, .nav-pagination>li>a:hover, .nav-pagination>li>span:hover {\n    \/*background-color: var(--fs-color-primary);*\/\n    background-color: #d82d79;\n    border-color: #d82d79 !important;\n    color: #fff;\n}\n\n.nav-pagination>li>a, .nav-pagination>li>span {\n    border: none;\n    border-right: 1px solid #ccc;\n    border-radius: 0px;\n    color: #d82d79;\n    font-size: 16px;\n    font-weight: 700;\n}\n\n.page-numbers.nav-pagination.links {\n    width: auto;\n    border: 1px solid #ccc;\n    display: inline-block;\n    border-radius: 5px;\n    color: #d82d79;\n}\n\nul.links li {\n    display: inline-block;\n    margin: 0px;\n}\n\n\n\/*** TITULOS ***\/\n.col.titulos .col-inner {\n    display: flex;\n    flex-direction: row;\n    align-content: center;    \n    align-items: center;\n}\n\n.col.titulos .col-inner img{\n    margin: 0px !important;\n    max-width: 20px;\n}\n\n.col.titulos .img.heading {\n    margin: 0px 0px !important;\n    max-width: 20px;\n}\n\n.col.titulos .text,\n.col.titulos h3,\n.col.titulos h2{\n    margin: 0px 10px;\nwidth: auto !important;\n}\n\n\n\n<\/style>\n\t\t<\/div>\n\t\n\t\t<div class=\"hidden\">\n\t\t\t\t\n\n<style>\n.menu-news-novo a{\n    color: #fff !important;\n}\n\n<\/style>\n\t\t<\/div>\n\t\n<div class=\"row row-collapse row-full-width align-middle align-center\"  id=\"row-1248214316\">\n\n\n\t<div id=\"col-887579513\" class=\"col small-12 large-12\"  >\n\t\t\t\t<div class=\"col-inner text-center\"  >\n\t\t\t\n\t\t\t\n\n\t<div class=\"img has-hover logo-fitbr-news x md-x lg-x y md-y lg-y\" id=\"image_679012945\">\n\t\t\t\t\t\t\t\t<div class=\"img-inner dark\" >\n\t\t\t<img decoding=\"async\" width=\"768\" height=\"121\" data-src=\"https:\/\/www.fitnessbrasil.com.br\/wp-content\/uploads\/2024\/03\/fitbrnews_logo_cabecalho-768x121.png\" class=\"attachment-medium_large size-medium_large lazyload\" alt=\"\" data-srcset=\"https:\/\/www.fitnessbrasil.com.br\/wp-content\/uploads\/2024\/03\/fitbrnews_logo_cabecalho-768x121.png 768w, https:\/\/www.fitnessbrasil.com.br\/wp-content\/uploads\/2024\/03\/fitbrnews_logo_cabecalho-800x126.png 800w, https:\/\/www.fitnessbrasil.com.br\/wp-content\/uploads\/2024\/03\/fitbrnews_logo_cabecalho-18x3.png 18w, https:\/\/www.fitnessbrasil.com.br\/wp-content\/uploads\/2024\/03\/fitbrnews_logo_cabecalho-510x80.png 510w, https:\/\/www.fitnessbrasil.com.br\/wp-content\/uploads\/2024\/03\/fitbrnews_logo_cabecalho.png 1375w\" data-sizes=\"(max-width: 768px) 100vw, 768px\" src=\"data:image\/svg+xml;base64,PHN2ZyB3aWR0aD0iMSIgaGVpZ2h0PSIxIiB4bWxucz0iaHR0cDovL3d3dy53My5vcmcvMjAwMC9zdmciPjwvc3ZnPg==\" style=\"--smush-placeholder-width: 768px; --smush-placeholder-aspect-ratio: 768\/121;\" \/>\t\t\t\t\t\t\n\t\t\t\t\t<\/div>\n\t\t\t\t\t\t\t\t\n<style>\n#image_679012945 {\n  width: 60%;\n}\n@media (min-width:550px) {\n  #image_679012945 {\n    width: 38%;\n  }\n}\n@media (min-width:850px) {\n  #image_679012945 {\n    width: 21%;\n  }\n}\n<\/style>\n\t<\/div>\n\t\n\n\t<div id=\"text-2295416117\" class=\"text\">\n\t\t\n\n<p>Not\u00edcias, entrevistas e artigos de grandes colunistas do mercado sa\u00fade, business, fitness e bem-estar<\/p>\n\t\t\n<style>\n#text-2295416117 {\n  font-size: 0.95rem;\n  color: rgb(77, 178, 162);\n}\n#text-2295416117 > * {\n  color: rgb(77, 178, 162);\n}\n@media (min-width:550px) {\n  #text-2295416117 {\n    font-size: 1.5rem;\n  }\n}\n<\/style>\n\t<\/div>\n\t\n<div class=\"row row-collapse align-middle align-center\"  id=\"row-1213336571\">\n\n\n\t<div id=\"col-67408341\" class=\"col medium-3 small-12 large-3\"  >\n\t\t\t\t<div class=\"col-inner\"  >\n\t\t\t\n\t\t\t\n\n\n\t\t<\/div>\n\t\t\t\t\t<\/div>\n\n\t\n\n\t<div id=\"col-1167705638\" class=\"col medium-6 small-12 large-6\"  >\n\t\t\t\t<div class=\"col-inner\"  >\n\t\t\t\n\t\t\t\n\n\n\n<style>\n.searchbox {\n    text-align: right;\n    display: flex;\n    align-content: center;\n    justify-content: flex-end;\n    align-items: center;\n    flex-direction: row;\n    flex-wrap: nowrap;\n}\n\n.searchbox #search-field {\n    background-color: #ebf5f4;\n    border: 2px solid #2db7a2;\n    border-radius: 99px;\n    box-shadow: none;\n    color: currentColor !important;\n}\n\n.searchbox .searchform .button.icon i{\n    color: #2db7a2;\n}\n\n.searchbox .searchform {\n    width: 100%;\n}\n<\/style>\n<div class=\"searchform-wrapper ux-search-box relative searchbox form-flat is-normal\">\n\n<form role=\"search\" method=\"get\" class=\"searchform\" action=\"https:\/\/www.fitnessbrasil.com.br\/es\/\" data-trp-original-action=\"https:\/\/www.fitnessbrasil.com.br\/\">\n\t<div class=\"flex-row relative\">\n\t\t\t\t\t\t<div class=\"flex-col flex-grow\">\n\t\t\t<label class=\"screen-reader-text\" for=\"search-field\">Pesquisar por:<\/label>\n\t\t\t<input type=\"search\" id=\"search-field\" class=\"search-field mb-0\" placeholder=\"Pesquisar\u2026\" value=\"\" name=\"s\" autocomplete=\"off\">\n\t\t\t\t\t<\/div>\n\t\t<div class=\"flex-col\">\n\t\t\t<button type=\"submit\" value=\"Pesquisar\" class=\"ux-search-submit submit-button secondary button  icon mb-0\" aria-label=\"Enviar\">\n\t\t\t\t<i class=\"icon-search\"><\/i>\t\t\t<\/button>\n\t\t<\/div>\n\t<\/div>\n<input type=\"hidden\" name=\"trp-form-language\" value=\"es\"\/><\/form>\n\n<\/div>\n\n\n\t\t<\/div>\n\t\t\t\t\t<\/div>\n\n\t\n\n\t<div id=\"col-2081476403\" class=\"col medium-3 small-12 large-3\"  >\n\t\t\t\t<div class=\"col-inner\"  >\n\t\t\t\n\t\t\t\n\n\n\t\t<\/div>\n\t\t\t\t\t<\/div>\n\n\t\n\n<\/div>\n\n\t\t<\/div>\n\t\t\t\t\n<style>\n#col-887579513 > .col-inner {\n  padding: 0px 30px 0px 30px;\n  margin: 0px 0px 0px 0px;\n  max-width: 100%;\n}\n@media (min-width:550px) {\n  #col-887579513 > .col-inner {\n    padding: 0px 30px 0px 30px;\n  }\n}\n@media (min-width:850px) {\n  #col-887579513 > .col-inner {\n    padding: 0px 0px 0px 0px;\n  }\n}\n<\/style>\n\t<\/div>\n\n\t\n\n\n<style>\n#row-1248214316 > .col > .col-inner {\n  padding: 60px 30px 60px 30px;\n  background-color: rgb(21, 21, 21);\n}\n@media (min-width:850px) {\n  #row-1248214316 > .col > .col-inner {\n    padding: 60px 0px 60px 0px;\n  }\n}\n<\/style>\n<\/div>\n<div class=\"row row-collapse row-full-width align-middle\"  id=\"row-1661153273\">\n\n\n\t<div id=\"col-1775340335\" class=\"col small-12 large-12\"  >\n\t\t\t\t<div class=\"col-inner\"  >\n\t\t\t\n\t\t\t\n\n<div class=\"nav-wrapper\"><ul class=\"nav menu-news-novo nav-uppercase nav-horizontal nav-simple text-center nav-center\"><li class=\"active\"><a href=\"https:\/\/www.fitnessbrasil.com.br\/es\/fb-news\/nasm\/\">Ofrecido por NASM<\/a><\/li><li class=\"\"><a href=\"https:\/\/www.fitnessbrasil.com.br\/es\/fb-news\/quem-e-quem\/\">Qui\u00e9n es qui\u00e9n<\/a><\/li><li class=\"\"><a href=\"https:\/\/www.fitnessbrasil.com.br\/es\/fb-news\/saude-e-bem-estar\/\">Salud y Bienestar<\/a><\/li><li class=\"\"><a href=\"https:\/\/www.fitnessbrasil.com.br\/es\/fb-news\/gestao-e-negocios\/\">Gesti\u00f3n y Negocios<\/a><\/li><li class=\"\"><a href=\"https:\/\/www.fitnessbrasil.com.br\/es\/fb-news\/fitness\/\">Fitness<\/a><\/li><li class=\"\"><a href=\"https:\/\/www.fitnessbrasil.com.br\/es\/fb-news\/esporte\/\">Deporte<\/a><\/li><li class=\"\"><a href=\"https:\/\/www.fitnessbrasil.com.br\/es\/fb-news\/academias\/\">Gimnasios<\/a><\/li><li class=\"\"><a href=\"https:\/\/www.fitnessbrasil.com.br\/es\/fb-news\/noticias\/\">Noticias<\/a><\/li><li class=\"\"><a href=\"https:\/\/www.fitnessbrasil.com.br\/es\/fb-news\/colunistas\/\">Columnistas<\/a><\/li><li class=\"\"><a href=\"https:\/\/www.fitnessbrasil.com.br\/es\/fb-news\/fitbr-cast-podcast\/\">FitBR Cast - Podcast<\/a><\/li><\/ul><\/div>\n\n\n\t\t<\/div>\n\t\t\t\t\t<\/div>\n\n\t\n\n\n<style>\n#row-1661153273 > .col > .col-inner {\n  padding: 5px 0px 5px 0px;\n  background-color: #17c3b2;\n}\n<\/style>\n<\/div>\n\n<div class=\"row\"  id=\"row-947583860\">\n\n\n\t<div id=\"col-1668190835\" class=\"col small-12 large-12\"  >\n\t\t\t\t<div class=\"col-inner text-center\"  >\n\t\t\t\n\t\t\t\n\n<div class=\"row align-middle align-center\"  id=\"row-1641503272\">\n\n\n\t<div id=\"col-575920361\" class=\"col medium-4 small-12 large-4\"  >\n\t\t\t\t<div class=\"col-inner\"  >\n\t\t\t\n\t\t\t\n\n\n\t\t<\/div>\n\t\t\t\t\t<\/div>\n\n\t\n\n\t<div id=\"col-276324850\" class=\"col titulos medium-4 small-12 large-4\"  >\n\t\t\t\t<div class=\"col-inner\"  >\n\t\t\t\n\t\t\t\n\n\t<div class=\"img has-hover heading x md-x lg-x y md-y lg-y\" id=\"image_102965370\">\n\t\t\t\t\t\t\t\t<div class=\"img-inner dark\" >\n\t\t\t<img decoding=\"async\" width=\"78\" height=\"100\" data-src=\"https:\/\/www.fitnessbrasil.com.br\/wp-content\/uploads\/2024\/04\/logotipo_100pxH.png\" class=\"attachment-original size-original lazyload\" alt=\"\" data-srcset=\"https:\/\/www.fitnessbrasil.com.br\/wp-content\/uploads\/2024\/04\/logotipo_100pxH.png 78w, https:\/\/www.fitnessbrasil.com.br\/wp-content\/uploads\/2024\/04\/logotipo_100pxH-9x12.png 9w\" data-sizes=\"(max-width: 78px) 100vw, 78px\" src=\"data:image\/svg+xml;base64,PHN2ZyB3aWR0aD0iMSIgaGVpZ2h0PSIxIiB4bWxucz0iaHR0cDovL3d3dy53My5vcmcvMjAwMC9zdmciPjwvc3ZnPg==\" style=\"--smush-placeholder-width: 78px; --smush-placeholder-aspect-ratio: 78\/100;\" \/>\t\t\t\t\t\t\n\t\t\t\t\t<\/div>\n\t\t\t\t\t\t\t\t\n<style>\n#image_102965370 {\n  width: 100%;\n}\n<\/style>\n\t<\/div>\n\t\n\n\t<div id=\"text-76513484\" class=\"text\">\n\t\t\n\n<h1>OFERECIMENTO NASM<\/h1>\n\t\t\n<style>\n#text-76513484 {\n  text-align: center;\n  color: rgb(133, 176, 170);\n}\n#text-76513484 > * {\n  color: rgb(133, 176, 170);\n}\n<\/style>\n\t<\/div>\n\t\n\t<div class=\"img has-hover heading x md-x lg-x y md-y lg-y\" id=\"image_1212541097\">\n\t\t\t\t\t\t\t\t<div class=\"img-inner dark\" >\n\t\t\t<img decoding=\"async\" width=\"78\" height=\"100\" data-src=\"https:\/\/www.fitnessbrasil.com.br\/wp-content\/uploads\/2024\/04\/logotipo_100pxH.png\" class=\"attachment-original size-original lazyload\" alt=\"\" data-srcset=\"https:\/\/www.fitnessbrasil.com.br\/wp-content\/uploads\/2024\/04\/logotipo_100pxH.png 78w, https:\/\/www.fitnessbrasil.com.br\/wp-content\/uploads\/2024\/04\/logotipo_100pxH-9x12.png 9w\" data-sizes=\"(max-width: 78px) 100vw, 78px\" src=\"data:image\/svg+xml;base64,PHN2ZyB3aWR0aD0iMSIgaGVpZ2h0PSIxIiB4bWxucz0iaHR0cDovL3d3dy53My5vcmcvMjAwMC9zdmciPjwvc3ZnPg==\" style=\"--smush-placeholder-width: 78px; --smush-placeholder-aspect-ratio: 78\/100;\" \/>\t\t\t\t\t\t\n\t\t\t\t\t<\/div>\n\t\t\t\t\t\t\t\t\n<style>\n#image_1212541097 {\n  width: 100%;\n}\n<\/style>\n\t<\/div>\n\t\n\n\n\t\t<\/div>\n\t\t\t\t\t<\/div>\n\n\t\n\n\t<div id=\"col-677467107\" class=\"col medium-4 small-12 large-4\"  >\n\t\t\t\t<div class=\"col-inner\"  >\n\t\t\t\n\t\t\t\n\n\n\t\t<\/div>\n\t\t\t\t\t<\/div>\n\n\t\n\n<\/div>\n\n\t\t<\/div>\n\t\t\t\t\t<\/div>\n\n\t\n\n\n<style>\n#row-947583860 > .col > .col-inner {\n  padding: 60px 0px 0px 0px;\n}\n<\/style>\n<\/div>\n\n  \n    <div class=\"row large-columns-3 medium-columns-1 small-columns-1\" >\n  <div class=\"col post-item\" >\n\t\t\t<div class=\"col-inner\">\n\t\t\t\t<div class=\"box box-normal box-text-bottom box-blog-post has-hover\">\n            \t\t\t\t\t<div class=\"box-image\" >\n  \t\t\t\t\t\t<div class=\"image-cover\" style=\"padding-top:56.25%;\">\n\t\t\t\t\t\t\t<a href=\"https:\/\/www.fitnessbrasil.com.br\/es\/newsfitbr\/alcool-e-nutricao-como-o-consumo-consciente-impacta-metabolismo-desempenho-e-saude\/\" class=\"plain\" aria-label=\"\u00c1lcool e nutri\u00e7\u00e3o: como o consumo consciente impacta metabolismo, desempenho e sa\u00fade\">\n\t\t\t\t\t\t\t\t<img decoding=\"async\" width=\"600\" height=\"400\" data-src=\"https:\/\/www.fitnessbrasil.com.br\/wp-content\/uploads\/2026\/02\/NASM-AdobeStock_309964672-600x400.jpg\" class=\"attachment-medium size-medium wp-post-image lazyload\" alt=\"NASM\" data-srcset=\"https:\/\/www.fitnessbrasil.com.br\/wp-content\/uploads\/2026\/02\/NASM-AdobeStock_309964672-600x400.jpg 600w, https:\/\/www.fitnessbrasil.com.br\/wp-content\/uploads\/2026\/02\/NASM-AdobeStock_309964672-1200x800.jpg 1200w, https:\/\/www.fitnessbrasil.com.br\/wp-content\/uploads\/2026\/02\/NASM-AdobeStock_309964672-768x512.jpg 768w, https:\/\/www.fitnessbrasil.com.br\/wp-content\/uploads\/2026\/02\/NASM-AdobeStock_309964672-1536x1024.jpg 1536w, https:\/\/www.fitnessbrasil.com.br\/wp-content\/uploads\/2026\/02\/NASM-AdobeStock_309964672-18x12.jpg 18w, https:\/\/www.fitnessbrasil.com.br\/wp-content\/uploads\/2026\/02\/NASM-AdobeStock_309964672-510x340.jpg 510w, https:\/\/www.fitnessbrasil.com.br\/wp-content\/uploads\/2026\/02\/NASM-AdobeStock_309964672.jpg 1600w\" data-sizes=\"(max-width: 600px) 100vw, 600px\" src=\"data:image\/svg+xml;base64,PHN2ZyB3aWR0aD0iMSIgaGVpZ2h0PSIxIiB4bWxucz0iaHR0cDovL3d3dy53My5vcmcvMjAwMC9zdmciPjwvc3ZnPg==\" style=\"--smush-placeholder-width: 600px; --smush-placeholder-aspect-ratio: 600\/400;\" \/>\t\t\t\t\t\t\t<\/a>\n  \t\t\t\t\t\t\t  \t\t\t\t\t\t\t  \t\t\t\t\t\t<\/div>\n  \t\t\t\t\t\t  \t\t\t\t\t<\/div>\n          \t\t\t\t\t<div class=\"box-text text-left\" >\n\t\t\t\t\t<div class=\"box-text-inner blog-post-inner\">\n\n\t\t\t\t\t\n\t\t\t\t\t\t\t\t\t\t\t<p class=\"cat-label  is-xxsmall op-7 uppercase\">\n\t\t\t\t\tDestaques Nasm Not\u00edcias \t\t\t\t\t<\/p>\n\t\t\t\t\t\t\t\t\t\t<h5 class=\"post-title is-large\">\n\t\t\t\t\t\t<a href=\"https:\/\/www.fitnessbrasil.com.br\/es\/newsfitbr\/alcool-e-nutricao-como-o-consumo-consciente-impacta-metabolismo-desempenho-e-saude\/\" class=\"plain\">\u00c1lcool e nutri\u00e7\u00e3o: como o consumo consciente impacta metabolismo, desempenho e sa\u00fade<\/a>\n\t\t\t\t\t<\/h5>\n\t\t\t\t\t\t\t\t\t\t<div class=\"is-divider\"><\/div>\n\t\t\t\t\t\t\t\t\t\t<p class=\"from_the_blog_excerpt\">\n\t\t\t\t\t\tComo o \u00e1lcool afeta escolhas alimentares, absor\u00e7\u00e3o de nutrientes, recupera\u00e7\u00e3o...\t\t\t\t\t<\/p>\n\t\t\t\t\t                    \n\t\t\t\t\t\t\t\t\t\t\t<a href=\"https:\/\/www.fitnessbrasil.com.br\/es\/newsfitbr\/alcool-e-nutricao-como-o-consumo-consciente-impacta-metabolismo-desempenho-e-saude\/\" class=\"button  is-gloss is-small mb-0\">\n\t\t\t\t\t\t\tLEIA MAIS\t\t\t\t\t\t<\/a>\n\t\t\t\t\t\n\t\t\t\t\t\n\t\t\t\t\t<\/div>\n\t\t\t\t\t<\/div>\n\t\t\t\t\t\t\t\t\t<\/div>\n\t\t\t<\/div>\n\t\t<\/div><div class=\"col post-item\" >\n\t\t\t<div class=\"col-inner\">\n\t\t\t\t<div class=\"box box-normal box-text-bottom box-blog-post has-hover\">\n            \t\t\t\t\t<div class=\"box-image\" >\n  \t\t\t\t\t\t<div class=\"image-cover\" style=\"padding-top:56.25%;\">\n\t\t\t\t\t\t\t<a href=\"https:\/\/www.fitnessbrasil.com.br\/es\/newsfitbr\/fb-firma-parceria-com-a-nasm-e-traz-ao-brasil-referencia-internacional-em-formacao-profissional-para-o-fitness\/\" class=\"plain\" aria-label=\"FB firma parceria com a NASM e traz ao Brasil refer\u00eancia internacional em forma\u00e7\u00e3o profissional para o fitness\">\n\t\t\t\t\t\t\t\t<img decoding=\"async\" width=\"600\" height=\"400\" data-src=\"https:\/\/www.fitnessbrasil.com.br\/wp-content\/uploads\/2025\/07\/NASM_Day2_1283-600x400.jpg\" class=\"attachment-medium size-medium wp-post-image lazyload\" alt=\"\" data-srcset=\"https:\/\/www.fitnessbrasil.com.br\/wp-content\/uploads\/2025\/07\/NASM_Day2_1283-600x400.jpg 600w, https:\/\/www.fitnessbrasil.com.br\/wp-content\/uploads\/2025\/07\/NASM_Day2_1283-1200x800.jpg 1200w, https:\/\/www.fitnessbrasil.com.br\/wp-content\/uploads\/2025\/07\/NASM_Day2_1283-768x512.jpg 768w, https:\/\/www.fitnessbrasil.com.br\/wp-content\/uploads\/2025\/07\/NASM_Day2_1283-1536x1024.jpg 1536w, https:\/\/www.fitnessbrasil.com.br\/wp-content\/uploads\/2025\/07\/NASM_Day2_1283-2048x1366.jpg 2048w, https:\/\/www.fitnessbrasil.com.br\/wp-content\/uploads\/2025\/07\/NASM_Day2_1283-18x12.jpg 18w, https:\/\/www.fitnessbrasil.com.br\/wp-content\/uploads\/2025\/07\/NASM_Day2_1283-510x340.jpg 510w\" data-sizes=\"(max-width: 600px) 100vw, 600px\" src=\"data:image\/svg+xml;base64,PHN2ZyB3aWR0aD0iMSIgaGVpZ2h0PSIxIiB4bWxucz0iaHR0cDovL3d3dy53My5vcmcvMjAwMC9zdmciPjwvc3ZnPg==\" style=\"--smush-placeholder-width: 600px; --smush-placeholder-aspect-ratio: 600\/400;\" \/>\t\t\t\t\t\t\t<\/a>\n  \t\t\t\t\t\t\t  \t\t\t\t\t\t\t  \t\t\t\t\t\t<\/div>\n  \t\t\t\t\t\t  \t\t\t\t\t<\/div>\n          \t\t\t\t\t<div class=\"box-text text-left\" >\n\t\t\t\t\t<div class=\"box-text-inner blog-post-inner\">\n\n\t\t\t\t\t\n\t\t\t\t\t\t\t\t\t\t\t<p class=\"cat-label  is-xxsmall op-7 uppercase\">\n\t\t\t\t\tDestaques Fitness Nasm Not\u00edcias \t\t\t\t\t<\/p>\n\t\t\t\t\t\t\t\t\t\t<h5 class=\"post-title is-large\">\n\t\t\t\t\t\t<a href=\"https:\/\/www.fitnessbrasil.com.br\/es\/newsfitbr\/fb-firma-parceria-com-a-nasm-e-traz-ao-brasil-referencia-internacional-em-formacao-profissional-para-o-fitness\/\" class=\"plain\">FB firma parceria com a NASM e traz ao Brasil refer\u00eancia internacional em forma\u00e7\u00e3o profissional para o fitness<\/a>\n\t\t\t\t\t<\/h5>\n\t\t\t\t\t\t\t\t\t\t<div class=\"is-divider\"><\/div>\n\t\t\t\t\t\t\t\t\t\t<p class=\"from_the_blog_excerpt\">\n\t\t\t\t\t\tEstreia da alian\u00e7a acontece na FB Expo 2025 com curso...\t\t\t\t\t<\/p>\n\t\t\t\t\t                    \n\t\t\t\t\t\t\t\t\t\t\t<a href=\"https:\/\/www.fitnessbrasil.com.br\/es\/newsfitbr\/fb-firma-parceria-com-a-nasm-e-traz-ao-brasil-referencia-internacional-em-formacao-profissional-para-o-fitness\/\" class=\"button  is-gloss is-small mb-0\">\n\t\t\t\t\t\t\tLEIA MAIS\t\t\t\t\t\t<\/a>\n\t\t\t\t\t\n\t\t\t\t\t\n\t\t\t\t\t<\/div>\n\t\t\t\t\t<\/div>\n\t\t\t\t\t\t\t\t\t<\/div>\n\t\t\t<\/div>\n\t\t<\/div><\/div>","protected":false},"excerpt":{"rendered":"","protected":false},"author":2063,"featured_media":0,"parent":4175,"menu_order":0,"comment_status":"closed","ping_status":"closed","template":"page-blank.php","meta":{"_acf_changed":false,"footnotes":""},"folder":[233],"class_list":["post-131593","page","type-page","status-publish","hentry"],"acf":[],"yoast_head":"<!-- This site is optimized with the Yoast SEO plugin v27.4 - https:\/\/yoast.com\/product\/yoast-seo-wordpress\/ -->\n<title>Oferecimento NASM - Fitness Brasil<\/title>\n<meta name=\"description\" content=\"NASM, uma das organiza\u00e7\u00f5es mais reconhecidas globalmente no campo da educa\u00e7\u00e3o e certifica\u00e7\u00e3o profissional em fitness, sa\u00fade e bem-estar.\" \/>\n<meta name=\"robots\" content=\"index, follow, max-snippet:-1, max-image-preview:large, max-video-preview:-1\" \/>\n<link rel=\"canonical\" href=\"https:\/\/www.fitnessbrasil.com.br\/es\/fb-news\/nasm\/\" \/>\n<meta property=\"og:locale\" content=\"es_ES\" \/>\n<meta property=\"og:type\" content=\"article\" \/>\n<meta property=\"og:title\" content=\"Oferecimento NASM - Fitness Brasil\" \/>\n<meta property=\"og:description\" content=\"NASM, uma das organiza\u00e7\u00f5es mais reconhecidas globalmente no campo da educa\u00e7\u00e3o e certifica\u00e7\u00e3o profissional em fitness, sa\u00fade e bem-estar.\" \/>\n<meta property=\"og:url\" content=\"https:\/\/www.fitnessbrasil.com.br\/es\/fb-news\/nasm\/\" \/>\n<meta property=\"og:site_name\" content=\"Fitness Brasil\" \/>\n<meta property=\"article:modified_time\" content=\"2026-02-04T18:45:45+00:00\" \/>\n<meta name=\"twitter:card\" content=\"summary_large_image\" \/>\n<meta name=\"twitter:label1\" content=\"Tiempo de lectura\" \/>\n\t<meta name=\"twitter:data1\" content=\"1 minuto\" \/>\n<script type=\"application\/ld+json\" class=\"yoast-schema-graph\">{\"@context\":\"https:\\\/\\\/schema.org\",\"@graph\":[{\"@type\":\"WebPage\",\"@id\":\"https:\\\/\\\/www.fitnessbrasil.com.br\\\/fb-news\\\/nasm\\\/\",\"url\":\"https:\\\/\\\/www.fitnessbrasil.com.br\\\/fb-news\\\/nasm\\\/\",\"name\":\"Oferecimento NASM - Fitness Brasil\",\"isPartOf\":{\"@id\":\"https:\\\/\\\/www.fitnessbrasil.com.br\\\/#website\"},\"datePublished\":\"2026-02-04T18:33:32+00:00\",\"dateModified\":\"2026-02-04T18:45:45+00:00\",\"description\":\"NASM, uma das organiza\u00e7\u00f5es mais reconhecidas globalmente no campo da educa\u00e7\u00e3o e certifica\u00e7\u00e3o profissional em fitness, sa\u00fade e bem-estar.\",\"breadcrumb\":{\"@id\":\"https:\\\/\\\/www.fitnessbrasil.com.br\\\/fb-news\\\/nasm\\\/#breadcrumb\"},\"inLanguage\":\"es\",\"potentialAction\":[{\"@type\":\"ReadAction\",\"target\":[\"https:\\\/\\\/www.fitnessbrasil.com.br\\\/fb-news\\\/nasm\\\/\"]}]},{\"@type\":\"BreadcrumbList\",\"@id\":\"https:\\\/\\\/www.fitnessbrasil.com.br\\\/fb-news\\\/nasm\\\/#breadcrumb\",\"itemListElement\":[{\"@type\":\"ListItem\",\"position\":1,\"name\":\"In\u00edcio\",\"item\":\"https:\\\/\\\/www.fitnessbrasil.com.br\\\/\"},{\"@type\":\"ListItem\",\"position\":2,\"name\":\"FB News\",\"item\":\"https:\\\/\\\/www.fitnessbrasil.com.br\\\/fb-news\\\/\"},{\"@type\":\"ListItem\",\"position\":3,\"name\":\"Oferecimento NASM\"}]},{\"@type\":\"WebSite\",\"@id\":\"https:\\\/\\\/www.fitnessbrasil.com.br\\\/#website\",\"url\":\"https:\\\/\\\/www.fitnessbrasil.com.br\\\/\",\"name\":\"Fitness Brasil\",\"description\":\"\",\"publisher\":{\"@id\":\"https:\\\/\\\/www.fitnessbrasil.com.br\\\/#organization\"},\"potentialAction\":[{\"@type\":\"SearchAction\",\"target\":{\"@type\":\"EntryPoint\",\"urlTemplate\":\"https:\\\/\\\/www.fitnessbrasil.com.br\\\/?s={search_term_string}\"},\"query-input\":{\"@type\":\"PropertyValueSpecification\",\"valueRequired\":true,\"valueName\":\"search_term_string\"}}],\"inLanguage\":\"es\"},{\"@type\":\"Organization\",\"@id\":\"https:\\\/\\\/www.fitnessbrasil.com.br\\\/#organization\",\"name\":\"Fitness Brasil\",\"url\":\"https:\\\/\\\/www.fitnessbrasil.com.br\\\/\",\"logo\":{\"@type\":\"ImageObject\",\"inLanguage\":\"es\",\"@id\":\"https:\\\/\\\/www.fitnessbrasil.com.br\\\/#\\\/schema\\\/logo\\\/image\\\/\",\"url\":\"https:\\\/\\\/www.fitnessbrasil.com.br\\\/wp-content\\\/uploads\\\/2022\\\/01\\\/Logo-Fitness-Brasil_preto-e-cor.png\",\"contentUrl\":\"https:\\\/\\\/www.fitnessbrasil.com.br\\\/wp-content\\\/uploads\\\/2022\\\/01\\\/Logo-Fitness-Brasil_preto-e-cor.png\",\"width\":593,\"height\":316,\"caption\":\"Fitness Brasil\"},\"image\":{\"@id\":\"https:\\\/\\\/www.fitnessbrasil.com.br\\\/#\\\/schema\\\/logo\\\/image\\\/\"}}]}<\/script>\n<!-- \/ Yoast SEO plugin. -->","yoast_head_json":{"title":"Oferecimento NASM - Fitness Brasil","description":"NASM, uma das organiza\u00e7\u00f5es mais reconhecidas globalmente no campo da educa\u00e7\u00e3o e certifica\u00e7\u00e3o profissional em fitness, sa\u00fade e bem-estar.","robots":{"index":"index","follow":"follow","max-snippet":"max-snippet:-1","max-image-preview":"max-image-preview:large","max-video-preview":"max-video-preview:-1"},"canonical":"https:\/\/www.fitnessbrasil.com.br\/es\/fb-news\/nasm\/","og_locale":"es_ES","og_type":"article","og_title":"Oferecimento NASM - Fitness Brasil","og_description":"NASM, uma das organiza\u00e7\u00f5es mais reconhecidas globalmente no campo da educa\u00e7\u00e3o e certifica\u00e7\u00e3o profissional em fitness, sa\u00fade e bem-estar.","og_url":"https:\/\/www.fitnessbrasil.com.br\/es\/fb-news\/nasm\/","og_site_name":"Fitness Brasil","article_modified_time":"2026-02-04T18:45:45+00:00","twitter_card":"summary_large_image","twitter_misc":{"Tiempo de lectura":"1 minuto"},"schema":{"@context":"https:\/\/schema.org","@graph":[{"@type":"WebPage","@id":"https:\/\/www.fitnessbrasil.com.br\/fb-news\/nasm\/","url":"https:\/\/www.fitnessbrasil.com.br\/fb-news\/nasm\/","name":"Oferecimento NASM - Fitness Brasil","isPartOf":{"@id":"https:\/\/www.fitnessbrasil.com.br\/#website"},"datePublished":"2026-02-04T18:33:32+00:00","dateModified":"2026-02-04T18:45:45+00:00","description":"NASM, uma das organiza\u00e7\u00f5es mais reconhecidas globalmente no campo da educa\u00e7\u00e3o e certifica\u00e7\u00e3o profissional em fitness, sa\u00fade e bem-estar.","breadcrumb":{"@id":"https:\/\/www.fitnessbrasil.com.br\/fb-news\/nasm\/#breadcrumb"},"inLanguage":"es","potentialAction":[{"@type":"ReadAction","target":["https:\/\/www.fitnessbrasil.com.br\/fb-news\/nasm\/"]}]},{"@type":"BreadcrumbList","@id":"https:\/\/www.fitnessbrasil.com.br\/fb-news\/nasm\/#breadcrumb","itemListElement":[{"@type":"ListItem","position":1,"name":"In\u00edcio","item":"https:\/\/www.fitnessbrasil.com.br\/"},{"@type":"ListItem","position":2,"name":"FB News","item":"https:\/\/www.fitnessbrasil.com.br\/fb-news\/"},{"@type":"ListItem","position":3,"name":"Oferecimento NASM"}]},{"@type":"WebSite","@id":"https:\/\/www.fitnessbrasil.com.br\/#website","url":"https:\/\/www.fitnessbrasil.com.br\/","name":"Fitness Brasil","description":"","publisher":{"@id":"https:\/\/www.fitnessbrasil.com.br\/#organization"},"potentialAction":[{"@type":"SearchAction","target":{"@type":"EntryPoint","urlTemplate":"https:\/\/www.fitnessbrasil.com.br\/?s={search_term_string}"},"query-input":{"@type":"PropertyValueSpecification","valueRequired":true,"valueName":"search_term_string"}}],"inLanguage":"es"},{"@type":"Organization","@id":"https:\/\/www.fitnessbrasil.com.br\/#organization","name":"Fitness Brasil","url":"https:\/\/www.fitnessbrasil.com.br\/","logo":{"@type":"ImageObject","inLanguage":"es","@id":"https:\/\/www.fitnessbrasil.com.br\/#\/schema\/logo\/image\/","url":"https:\/\/www.fitnessbrasil.com.br\/wp-content\/uploads\/2022\/01\/Logo-Fitness-Brasil_preto-e-cor.png","contentUrl":"https:\/\/www.fitnessbrasil.com.br\/wp-content\/uploads\/2022\/01\/Logo-Fitness-Brasil_preto-e-cor.png","width":593,"height":316,"caption":"Fitness Brasil"},"image":{"@id":"https:\/\/www.fitnessbrasil.com.br\/#\/schema\/logo\/image\/"}}]}},"_links":{"self":[{"href":"https:\/\/www.fitnessbrasil.com.br\/es\/wp-json\/wp\/v2\/pages\/131593","targetHints":{"allow":["GET"]}}],"collection":[{"href":"https:\/\/www.fitnessbrasil.com.br\/es\/wp-json\/wp\/v2\/pages"}],"about":[{"href":"https:\/\/www.fitnessbrasil.com.br\/es\/wp-json\/wp\/v2\/types\/page"}],"author":[{"embeddable":true,"href":"https:\/\/www.fitnessbrasil.com.br\/es\/wp-json\/wp\/v2\/users\/2063"}],"replies":[{"embeddable":true,"href":"https:\/\/www.fitnessbrasil.com.br\/es\/wp-json\/wp\/v2\/comments?post=131593"}],"version-history":[{"count":3,"href":"https:\/\/www.fitnessbrasil.com.br\/es\/wp-json\/wp\/v2\/pages\/131593\/revisions"}],"predecessor-version":[{"id":131596,"href":"https:\/\/www.fitnessbrasil.com.br\/es\/wp-json\/wp\/v2\/pages\/131593\/revisions\/131596"}],"up":[{"embeddable":true,"href":"https:\/\/www.fitnessbrasil.com.br\/es\/wp-json\/wp\/v2\/pages\/4175"}],"wp:attachment":[{"href":"https:\/\/www.fitnessbrasil.com.br\/es\/wp-json\/wp\/v2\/media?parent=131593"}],"wp:term":[{"taxonomy":"folder","embeddable":true,"href":"https:\/\/www.fitnessbrasil.com.br\/es\/wp-json\/wp\/v2\/folder?post=131593"}],"curies":[{"name":"wp","href":"https:\/\/api.w.org\/{rel}","templated":true}]}}