{"id":34747,"date":"2023-05-15T17:28:36","date_gmt":"2023-05-15T20:28:36","guid":{"rendered":"https:\/\/www.fitnessbrasil.com.br\/?page_id=34747"},"modified":"2023-12-15T11:32:21","modified_gmt":"2023-12-15T14:32:21","slug":"panorama-setorial-2023","status":"publish","type":"page","link":"https:\/\/www.fitnessbrasil.com.br\/es\/panorama-setorial-2023\/","title":{"rendered":"Panorama Setorial 2023"},"content":{"rendered":"<div class=\"banner has-hover\" id=\"banner-1448391948\">\n          <div class=\"banner-inner fill\">\n        <div class=\"banner-bg fill\" >\n                                                \n                    <\/div>\n\t\t\n        <div class=\"banner-layers container\">\n            <div class=\"fill banner-link\"><\/div>            \n\n\t<div class=\"img has-hover x50 md-x50 lg-x50 y10 md-y10 lg-y10\" id=\"image_475871041\">\n\t\t\t\t\t\t\t\t<div class=\"img-inner dark\" >\n\t\t\t<img decoding=\"async\" width=\"800\" height=\"316\" data-src=\"https:\/\/www.fitnessbrasil.com.br\/wp-content\/uploads\/2023\/05\/7nuyko48pcu-800x316.png\" class=\"attachment-medium size-medium lazyload\" alt=\"\" data-srcset=\"https:\/\/www.fitnessbrasil.com.br\/wp-content\/uploads\/2023\/05\/7nuyko48pcu-800x316.png 800w, https:\/\/www.fitnessbrasil.com.br\/wp-content\/uploads\/2023\/05\/7nuyko48pcu-768x303.png 768w, https:\/\/www.fitnessbrasil.com.br\/wp-content\/uploads\/2023\/05\/7nuyko48pcu-18x7.png 18w, https:\/\/www.fitnessbrasil.com.br\/wp-content\/uploads\/2023\/05\/7nuyko48pcu-510x201.png 510w, https:\/\/www.fitnessbrasil.com.br\/wp-content\/uploads\/2023\/05\/7nuyko48pcu.png 1143w\" data-sizes=\"(max-width: 800px) 100vw, 800px\" src=\"data:image\/svg+xml;base64,PHN2ZyB3aWR0aD0iMSIgaGVpZ2h0PSIxIiB4bWxucz0iaHR0cDovL3d3dy53My5vcmcvMjAwMC9zdmciPjwvc3ZnPg==\" style=\"--smush-placeholder-width: 800px; --smush-placeholder-aspect-ratio: 800\/316;\" \/>\t\t\t\t\t\t\n\t\t\t\t\t<\/div>\n\t\t\t\t\t\t\t\t\n<style>\n#image_475871041 {\n  width: 86%;\n}\n<\/style>\n\t<\/div>\n\t\n\n\n        <\/div>\n      <\/div>\n\n            \n<style>\n#banner-1448391948 {\n  padding-top: 380px;\n  background-color: rgb(0, 0, 0);\n}\n<\/style>\n  <\/div>\n\n\n<div class=\"row row-collapse row-full-width\"  id=\"row-374479159\">\n\n\n\t<div id=\"col-455376521\" class=\"col small-12 large-12\"  >\n\t\t\t\t<div class=\"col-inner text-center\" style=\"background-color:rgb(0,0,0);\" >\n\t\t\t\n\t\t\t\n\n\t<div id=\"text-1290674728\" class=\"text\">\n\t\t\n\n\n\t\t\n<style>\n#text-1290674728 {\n  font-size: 1rem;\n  color: rgb(255, 255, 255);\n}\n#text-1290674728 > * {\n  color: rgb(255, 255, 255);\n}\n<\/style>\n\t<\/div>\n\t\n\t<div id=\"text-3351914736\" class=\"text\">\n\t\t\n\n<h3 style=\"text-align: center;\"><b>MATERIAL GRATUITO<\/b><\/h3>\n\t\t\n<style>\n#text-3351914736 {\n  font-size: 1rem;\n  color: rgb(255, 255, 255);\n}\n#text-3351914736 > * {\n  color: rgb(255, 255, 255);\n}\n<\/style>\n\t<\/div>\n\t\n\t<div id=\"text-1959884903\" class=\"text\">\n\t\t\n\n<h2 style=\"text-align: center;\"><strong>OS DADOS MAIS RELEVANTES SOBRE O SEGMENTO <\/strong><\/h2>\n<h2 style=\"text-align: center;\"><strong>DE FITNESS E BEM-ESTAR BRASILEIRO<\/strong><\/h2>\n\t\t\n<style>\n#text-1959884903 {\n  font-size: 1.05rem;\n  line-height: 1.75;\n  color: rgb(255, 176, 0);\n}\n#text-1959884903 > * {\n  color: rgb(255, 176, 0);\n}\n<\/style>\n\t<\/div>\n\t\n<a href=\"https:\/\/marketing.fitnessbrasil.com.br\/panorama-setorial-2-edicao-pt\" class=\"button primary\"  >\n\t\t<span>BAIXAR VERS\u00c3O EM PORTUGU\u00caS<\/span>\n\t<\/a>\n\n\n\t<div id=\"gap-550611575\" class=\"gap-element clearfix\" style=\"display:block; height:auto;\">\n\t\t\n<style>\n#gap-550611575 {\n  padding-top: 10px;\n}\n<\/style>\n\t<\/div>\n\t\n\n\n\t\t<\/div>\n\t\t\t\t\t<\/div>\n\n\t\n\n\n<style>\n#row-374479159 > .col > .col-inner {\n  background-color: rgb(0, 0, 0);\n}\n<\/style>\n<\/div>\n\t<div id=\"gap-2123488834\" class=\"gap-element clearfix\" style=\"display:block; height:auto;\">\n\t\t\n<style>\n#gap-2123488834 {\n  padding-top: 50px;\n}\n<\/style>\n\t<\/div>\n\t\n\n\t<div id=\"text-1924942077\" class=\"text\">\n\t\t\n\n\n\t\t\n<style>\n#text-1924942077 {\n  font-size: 2.95rem;\n  text-align: left;\n  color: rgb(255, 215, 0);\n}\n#text-1924942077 > * {\n  color: rgb(255, 215, 0);\n}\n<\/style>\n\t<\/div>\n\t\n<div class=\"row\"  id=\"row-1692296727\">\n\n\n\t<div id=\"col-1937744428\" class=\"col medium-3 small-6 large-3\"  >\n\t\t\t\t<div class=\"col-inner\"  >\n\t\t\t\n\t\t\t\n\n\t<div class=\"img has-hover x md-x lg-x y md-y lg-y\" id=\"image_869132271\">\n\t\t\t\t\t\t\t\t<div class=\"img-inner dark\" >\n\t\t\t<img decoding=\"async\" width=\"410\" height=\"629\" data-src=\"https:\/\/www.fitnessbrasil.com.br\/wp-content\/uploads\/2023\/05\/20demt78r4f.png\" class=\"attachment-large size-large lazyload\" alt=\"\" data-srcset=\"https:\/\/www.fitnessbrasil.com.br\/wp-content\/uploads\/2023\/05\/20demt78r4f.png 410w, https:\/\/www.fitnessbrasil.com.br\/wp-content\/uploads\/2023\/05\/20demt78r4f-261x400.png 261w, https:\/\/www.fitnessbrasil.com.br\/wp-content\/uploads\/2023\/05\/20demt78r4f-8x12.png 8w\" data-sizes=\"(max-width: 410px) 100vw, 410px\" src=\"data:image\/svg+xml;base64,PHN2ZyB3aWR0aD0iMSIgaGVpZ2h0PSIxIiB4bWxucz0iaHR0cDovL3d3dy53My5vcmcvMjAwMC9zdmciPjwvc3ZnPg==\" style=\"--smush-placeholder-width: 410px; --smush-placeholder-aspect-ratio: 410\/629;\" \/>\t\t\t\t\t\t\n\t\t\t\t\t<\/div>\n\t\t\t\t\t\t\t\t\n<style>\n#image_869132271 {\n  width: 100%;\n}\n<\/style>\n\t<\/div>\n\t\n\n\n\t\t<\/div>\n\t\t\t\t\t<\/div>\n\n\t\n\n\t<div id=\"col-331928667\" class=\"col medium-3 small-6 large-3\"  >\n\t\t\t\t<div class=\"col-inner\"  >\n\t\t\t\n\t\t\t\n\n\t<div class=\"img has-hover x md-x lg-x y md-y lg-y\" id=\"image_67800321\">\n\t\t\t\t\t\t\t\t<div class=\"img-inner dark\" >\n\t\t\t<img decoding=\"async\" width=\"410\" height=\"629\" data-src=\"https:\/\/www.fitnessbrasil.com.br\/wp-content\/uploads\/2023\/05\/5moj8f47j7m.png\" class=\"attachment-large size-large lazyload\" alt=\"\" data-srcset=\"https:\/\/www.fitnessbrasil.com.br\/wp-content\/uploads\/2023\/05\/5moj8f47j7m.png 410w, https:\/\/www.fitnessbrasil.com.br\/wp-content\/uploads\/2023\/05\/5moj8f47j7m-261x400.png 261w, https:\/\/www.fitnessbrasil.com.br\/wp-content\/uploads\/2023\/05\/5moj8f47j7m-8x12.png 8w\" data-sizes=\"(max-width: 410px) 100vw, 410px\" src=\"data:image\/svg+xml;base64,PHN2ZyB3aWR0aD0iMSIgaGVpZ2h0PSIxIiB4bWxucz0iaHR0cDovL3d3dy53My5vcmcvMjAwMC9zdmciPjwvc3ZnPg==\" style=\"--smush-placeholder-width: 410px; --smush-placeholder-aspect-ratio: 410\/629;\" \/>\t\t\t\t\t\t\n\t\t\t\t\t<\/div>\n\t\t\t\t\t\t\t\t\n<style>\n#image_67800321 {\n  width: 100%;\n}\n<\/style>\n\t<\/div>\n\t\n\n\n\t\t<\/div>\n\t\t\t\t\t<\/div>\n\n\t\n\n\t<div id=\"col-1346801766\" class=\"col medium-3 small-6 large-3\"  >\n\t\t\t\t<div class=\"col-inner\"  >\n\t\t\t\n\t\t\t\n\n\t<div class=\"img has-hover x md-x lg-x y md-y lg-y\" id=\"image_340638246\">\n\t\t\t\t\t\t\t\t<div class=\"img-inner dark\" >\n\t\t\t<img decoding=\"async\" width=\"410\" height=\"629\" data-src=\"https:\/\/www.fitnessbrasil.com.br\/wp-content\/uploads\/2023\/05\/zzypolt7sv-1.png\" class=\"attachment-large size-large lazyload\" alt=\"\" data-srcset=\"https:\/\/www.fitnessbrasil.com.br\/wp-content\/uploads\/2023\/05\/zzypolt7sv-1.png 410w, https:\/\/www.fitnessbrasil.com.br\/wp-content\/uploads\/2023\/05\/zzypolt7sv-1-261x400.png 261w, https:\/\/www.fitnessbrasil.com.br\/wp-content\/uploads\/2023\/05\/zzypolt7sv-1-8x12.png 8w\" data-sizes=\"(max-width: 410px) 100vw, 410px\" src=\"data:image\/svg+xml;base64,PHN2ZyB3aWR0aD0iMSIgaGVpZ2h0PSIxIiB4bWxucz0iaHR0cDovL3d3dy53My5vcmcvMjAwMC9zdmciPjwvc3ZnPg==\" style=\"--smush-placeholder-width: 410px; --smush-placeholder-aspect-ratio: 410\/629;\" \/>\t\t\t\t\t\t\n\t\t\t\t\t<\/div>\n\t\t\t\t\t\t\t\t\n<style>\n#image_340638246 {\n  width: 100%;\n}\n<\/style>\n\t<\/div>\n\t\n\n\n\t\t<\/div>\n\t\t\t\t\t<\/div>\n\n\t\n\n\t<div id=\"col-1322503657\" class=\"col medium-3 small-6 large-3\"  >\n\t\t\t\t<div class=\"col-inner\"  >\n\t\t\t\n\t\t\t\n\n\t<div class=\"img has-hover x md-x lg-x y md-y lg-y\" id=\"image_508980544\">\n\t\t\t\t\t\t\t\t<div class=\"img-inner dark\" >\n\t\t\t<img decoding=\"async\" width=\"410\" height=\"629\" data-src=\"https:\/\/www.fitnessbrasil.com.br\/wp-content\/uploads\/2023\/05\/0ysh8hjlfft.png\" class=\"attachment-large size-large lazyload\" alt=\"\" data-srcset=\"https:\/\/www.fitnessbrasil.com.br\/wp-content\/uploads\/2023\/05\/0ysh8hjlfft.png 410w, https:\/\/www.fitnessbrasil.com.br\/wp-content\/uploads\/2023\/05\/0ysh8hjlfft-261x400.png 261w, https:\/\/www.fitnessbrasil.com.br\/wp-content\/uploads\/2023\/05\/0ysh8hjlfft-8x12.png 8w\" data-sizes=\"(max-width: 410px) 100vw, 410px\" src=\"data:image\/svg+xml;base64,PHN2ZyB3aWR0aD0iMSIgaGVpZ2h0PSIxIiB4bWxucz0iaHR0cDovL3d3dy53My5vcmcvMjAwMC9zdmciPjwvc3ZnPg==\" style=\"--smush-placeholder-width: 410px; --smush-placeholder-aspect-ratio: 410\/629;\" \/>\t\t\t\t\t\t\n\t\t\t\t\t<\/div>\n\t\t\t\t\t\t\t\t\n<style>\n#image_508980544 {\n  width: 100%;\n}\n<\/style>\n\t<\/div>\n\t\n\n\n\t\t<\/div>\n\t\t\t\t\t<\/div>\n\n\t\n\n\n<style>\n#row-1692296727 > .col > .col-inner {\n  background-color: rgb(237, 1, 128);\n  border-radius: 70px;\n}\n<\/style>\n<\/div>\n\t<div id=\"gap-568968402\" class=\"gap-element clearfix\" style=\"display:block; height:auto;\">\n\t\t\n<style>\n#gap-568968402 {\n  padding-top: 50px;\n}\n<\/style>\n\t<\/div>\n\t\n\n\n  <div class=\"banner has-hover\" id=\"banner-253402432\">\n          <div class=\"banner-inner fill\">\n        <div class=\"banner-bg fill\" >\n                                                \n                    <\/div>\n\t\t\n        <div class=\"banner-layers container\">\n            <div class=\"fill banner-link\"><\/div>            \n\n   <div id=\"text-box-1739923495\" class=\"text-box banner-layer x50 md-x50 lg-x50 y5 md-y5 lg-y5 res-text\">\n                     <div data-animate=\"flipInY\">           <div class=\"text-box-content text dark\">\n              \n              <div class=\"text-inner text-center\">\n                  \n\n\t<div id=\"text-566537616\" class=\"text\">\n\t\t\n\n<p><strong>MAIS DE 65 P\u00c1GINAS, EM 3 IDIOMAS, COM CONTE\u00daDO IN\u00c9DITO<\/strong><\/p>\n\t\t\n<style>\n#text-566537616 {\n  font-size: 1.55rem;\n  line-height: 0.75;\n  color: rgb(233, 177, 20);\n}\n#text-566537616 > * {\n  color: rgb(233, 177, 20);\n}\n<\/style>\n\t<\/div>\n\t\n\t<div id=\"text-77282106\" class=\"text\">\n\t\t\n\n<p>Dados, gr\u00e1ficos e muita informa\u00e7\u00e3o colocada de forma detalhada e clara, para gerar um f\u00e1cil entendimento e proporcionar os melhores insights para o seu modelo de neg\u00f3cio. Voc\u00ea tamb\u00e9m pode baixar o relat\u00f3rio em ingl\u00eas e espanhol.<\/p>\n\t\t\n<style>\n#text-77282106 {\n  font-size: 1.05rem;\n  line-height: 1.85;\n}\n<\/style>\n\t<\/div>\n\t\n\t<div class=\"img has-hover x md-x lg-x y md-y lg-y\" id=\"image_1988907870\">\n\t\t\t\t\t\t\t\t<div class=\"img-inner dark\" >\n\t\t\t<img decoding=\"async\" width=\"1100\" height=\"394\" data-src=\"https:\/\/www.fitnessbrasil.com.br\/wp-content\/uploads\/2023\/05\/fuwdi00xgte.jpg\" class=\"attachment-original size-original lazyload\" alt=\"\" data-srcset=\"https:\/\/www.fitnessbrasil.com.br\/wp-content\/uploads\/2023\/05\/fuwdi00xgte.jpg 1100w, https:\/\/www.fitnessbrasil.com.br\/wp-content\/uploads\/2023\/05\/fuwdi00xgte-800x287.jpg 800w, https:\/\/www.fitnessbrasil.com.br\/wp-content\/uploads\/2023\/05\/fuwdi00xgte-768x275.jpg 768w, https:\/\/www.fitnessbrasil.com.br\/wp-content\/uploads\/2023\/05\/fuwdi00xgte-18x6.jpg 18w, https:\/\/www.fitnessbrasil.com.br\/wp-content\/uploads\/2023\/05\/fuwdi00xgte-510x183.jpg 510w\" data-sizes=\"(max-width: 1100px) 100vw, 1100px\" src=\"data:image\/svg+xml;base64,PHN2ZyB3aWR0aD0iMSIgaGVpZ2h0PSIxIiB4bWxucz0iaHR0cDovL3d3dy53My5vcmcvMjAwMC9zdmciPjwvc3ZnPg==\" style=\"--smush-placeholder-width: 1100px; --smush-placeholder-aspect-ratio: 1100\/394;\" \/>\t\t\t\t\t\t\n\t\t\t\t\t<\/div>\n\t\t\t\t\t\t\t\t\n<style>\n#image_1988907870 {\n  width: 68%;\n}\n<\/style>\n\t<\/div>\n\t\n\n\t<div id=\"gap-415728204\" class=\"gap-element clearfix\" style=\"display:block; height:auto;\">\n\t\t\n<style>\n#gap-415728204 {\n  padding-top: 30px;\n}\n<\/style>\n\t<\/div>\n\t\n\n<a href=\"https:\/\/marketing.fitnessbrasil.com.br\/panorama-setorial-2-edicao-pt\" class=\"button primary is-large\"  >\n\t\t<span>BAIXAR VERS\u00c3O EM PORTUGU\u00caS<\/span>\n\t<\/a>\n\n\n<a href=\"https:\/\/marketing.fitnessbrasil.com.br\/panorama-setorial-2-edicao-en\" class=\"button primary is-large\"  >\n\t\t<span>ACCESS ENGLISH VERSION<\/span>\n\t<\/a>\n\n\n<a href=\"https:\/\/marketing.fitnessbrasil.com.br\/panorama-setorial-2-edicao-es\" class=\"button primary is-large\"  >\n\t\t<span>acceso ahora en espa\u00f1ol<\/span>\n\t<\/a>\n\n\n\n              <\/div>\n           <\/div>\n       <\/div>                     \n<style>\n#text-box-1739923495 {\n  width: 100%;\n}\n#text-box-1739923495 .text-box-content {\n  font-size: 100%;\n}\n<\/style>\n    <\/div>\n \n\n        <\/div>\n      <\/div>\n\n            \n<style>\n#banner-253402432 {\n  padding-top: 670px;\n  background-color: rgb(0, 0, 0);\n}\n<\/style>\n  <\/div>\n\n\n\n  <div class=\"banner has-hover\" id=\"banner-332498392\">\n          <div class=\"banner-inner fill\">\n        <div class=\"banner-bg fill\" >\n                                                \n                    <\/div>\n\t\t\n        <div class=\"banner-layers container\">\n            <div class=\"fill banner-link\"><\/div>            \n\n   <div id=\"text-box-1326252639\" class=\"text-box banner-layer x50 md-x50 lg-x50 y50 md-y50 lg-y50 res-text\">\n                                <div class=\"text-box-content text dark\">\n              \n              <div class=\"text-inner text-center\">\n                  \n\n\t<div class=\"img has-hover x md-x lg-x y md-y lg-y\" id=\"image_199549629\">\n\t\t\t\t\t\t\t\t<div class=\"img-inner dark\" >\n\t\t\t<img decoding=\"async\" width=\"900\" height=\"751\" data-src=\"https:\/\/www.fitnessbrasil.com.br\/wp-content\/uploads\/2023\/05\/g3xk1criaqf.png\" class=\"attachment-original size-original lazyload\" alt=\"\" data-srcset=\"https:\/\/www.fitnessbrasil.com.br\/wp-content\/uploads\/2023\/05\/g3xk1criaqf.png 900w, https:\/\/www.fitnessbrasil.com.br\/wp-content\/uploads\/2023\/05\/g3xk1criaqf-479x400.png 479w, https:\/\/www.fitnessbrasil.com.br\/wp-content\/uploads\/2023\/05\/g3xk1criaqf-768x641.png 768w, https:\/\/www.fitnessbrasil.com.br\/wp-content\/uploads\/2023\/05\/g3xk1criaqf-14x12.png 14w, https:\/\/www.fitnessbrasil.com.br\/wp-content\/uploads\/2023\/05\/g3xk1criaqf-510x426.png 510w\" data-sizes=\"(max-width: 900px) 100vw, 900px\" src=\"data:image\/svg+xml;base64,PHN2ZyB3aWR0aD0iMSIgaGVpZ2h0PSIxIiB4bWxucz0iaHR0cDovL3d3dy53My5vcmcvMjAwMC9zdmciPjwvc3ZnPg==\" style=\"--smush-placeholder-width: 900px; --smush-placeholder-aspect-ratio: 900\/751;\" \/>\t\t\t\t\t\t\n\t\t\t\t\t<\/div>\n\t\t\t\t\t\t\t\t\n<style>\n#image_199549629 {\n  width: 71%;\n}\n<\/style>\n\t<\/div>\n\t\n\n\n              <\/div>\n           <\/div>\n                            \n<style>\n#text-box-1326252639 {\n  width: 73%;\n}\n#text-box-1326252639 .text-box-content {\n  font-size: 100%;\n}\n<\/style>\n    <\/div>\n \n\n        <\/div>\n      <\/div>\n\n            \n<style>\n#banner-332498392 {\n  padding-top: 500px;\n  background-color: rgb(255, 255, 255);\n}\n<\/style>\n  <\/div>","protected":false},"excerpt":{"rendered":"","protected":false},"author":2063,"featured_media":0,"parent":0,"menu_order":0,"comment_status":"closed","ping_status":"closed","template":"page-blank.php","meta":{"_acf_changed":false,"footnotes":""},"folder":[],"class_list":["post-34747","page","type-page","status-publish","hentry"],"acf":[],"yoast_head":"<!-- This site is optimized with the Yoast SEO plugin v27.2 - https:\/\/yoast.com\/product\/yoast-seo-wordpress\/ -->\n<title>Panorama Setorial 2023 - Fitness Brasil<\/title>\n<meta name=\"robots\" content=\"index, follow, max-snippet:-1, max-image-preview:large, max-video-preview:-1\" \/>\n<link rel=\"canonical\" href=\"https:\/\/www.fitnessbrasil.com.br\/es\/panorama-setorial-2023\/\" \/>\n<meta property=\"og:locale\" content=\"es_ES\" \/>\n<meta property=\"og:type\" content=\"article\" \/>\n<meta property=\"og:title\" content=\"Panorama Setorial 2023 - Fitness Brasil\" \/>\n<meta property=\"og:url\" content=\"https:\/\/www.fitnessbrasil.com.br\/es\/panorama-setorial-2023\/\" \/>\n<meta property=\"og:site_name\" content=\"Fitness Brasil\" \/>\n<meta property=\"article:modified_time\" content=\"2023-12-15T14:32:21+00:00\" \/>\n<meta name=\"twitter:card\" content=\"summary_large_image\" \/>\n<meta name=\"twitter:label1\" content=\"Tiempo de lectura\" \/>\n\t<meta name=\"twitter:data1\" content=\"2 minutos\" \/>\n<script type=\"application\/ld+json\" class=\"yoast-schema-graph\">{\"@context\":\"https:\/\/schema.org\",\"@graph\":[{\"@type\":\"WebPage\",\"@id\":\"https:\/\/www.fitnessbrasil.com.br\/panorama-setorial-2023\/\",\"url\":\"https:\/\/www.fitnessbrasil.com.br\/panorama-setorial-2023\/\",\"name\":\"Panorama Setorial 2023 - Fitness Brasil\",\"isPartOf\":{\"@id\":\"https:\/\/www.fitnessbrasil.com.br\/#website\"},\"datePublished\":\"2023-05-15T20:28:36+00:00\",\"dateModified\":\"2023-12-15T14:32:21+00:00\",\"breadcrumb\":{\"@id\":\"https:\/\/www.fitnessbrasil.com.br\/panorama-setorial-2023\/#breadcrumb\"},\"inLanguage\":\"es\",\"potentialAction\":[{\"@type\":\"ReadAction\",\"target\":[\"https:\/\/www.fitnessbrasil.com.br\/panorama-setorial-2023\/\"]}]},{\"@type\":\"BreadcrumbList\",\"@id\":\"https:\/\/www.fitnessbrasil.com.br\/panorama-setorial-2023\/#breadcrumb\",\"itemListElement\":[{\"@type\":\"ListItem\",\"position\":1,\"name\":\"In\u00edcio\",\"item\":\"https:\/\/www.fitnessbrasil.com.br\/\"},{\"@type\":\"ListItem\",\"position\":2,\"name\":\"Panorama Setorial 2023\"}]},{\"@type\":\"WebSite\",\"@id\":\"https:\/\/www.fitnessbrasil.com.br\/#website\",\"url\":\"https:\/\/www.fitnessbrasil.com.br\/\",\"name\":\"Fitness Brasil\",\"description\":\"\",\"publisher\":{\"@id\":\"https:\/\/www.fitnessbrasil.com.br\/#organization\"},\"potentialAction\":[{\"@type\":\"SearchAction\",\"target\":{\"@type\":\"EntryPoint\",\"urlTemplate\":\"https:\/\/www.fitnessbrasil.com.br\/?s={search_term_string}\"},\"query-input\":{\"@type\":\"PropertyValueSpecification\",\"valueRequired\":true,\"valueName\":\"search_term_string\"}}],\"inLanguage\":\"es\"},{\"@type\":\"Organization\",\"@id\":\"https:\/\/www.fitnessbrasil.com.br\/#organization\",\"name\":\"Fitness Brasil\",\"url\":\"https:\/\/www.fitnessbrasil.com.br\/\",\"logo\":{\"@type\":\"ImageObject\",\"inLanguage\":\"es\",\"@id\":\"https:\/\/www.fitnessbrasil.com.br\/#\/schema\/logo\/image\/\",\"url\":\"https:\/\/www.fitnessbrasil.com.br\/wp-content\/uploads\/2022\/01\/Logo-Fitness-Brasil_preto-e-cor.png\",\"contentUrl\":\"https:\/\/www.fitnessbrasil.com.br\/wp-content\/uploads\/2022\/01\/Logo-Fitness-Brasil_preto-e-cor.png\",\"width\":593,\"height\":316,\"caption\":\"Fitness Brasil\"},\"image\":{\"@id\":\"https:\/\/www.fitnessbrasil.com.br\/#\/schema\/logo\/image\/\"}}]}<\/script>\n<!-- \/ Yoast SEO plugin. -->","yoast_head_json":{"title":"Panorama Setorial 2023 - Fitness Brasil","robots":{"index":"index","follow":"follow","max-snippet":"max-snippet:-1","max-image-preview":"max-image-preview:large","max-video-preview":"max-video-preview:-1"},"canonical":"https:\/\/www.fitnessbrasil.com.br\/es\/panorama-setorial-2023\/","og_locale":"es_ES","og_type":"article","og_title":"Panorama Setorial 2023 - Fitness Brasil","og_url":"https:\/\/www.fitnessbrasil.com.br\/es\/panorama-setorial-2023\/","og_site_name":"Fitness Brasil","article_modified_time":"2023-12-15T14:32:21+00:00","twitter_card":"summary_large_image","twitter_misc":{"Tiempo de lectura":"2 minutos"},"schema":{"@context":"https:\/\/schema.org","@graph":[{"@type":"WebPage","@id":"https:\/\/www.fitnessbrasil.com.br\/panorama-setorial-2023\/","url":"https:\/\/www.fitnessbrasil.com.br\/panorama-setorial-2023\/","name":"Panorama Setorial 2023 - Fitness Brasil","isPartOf":{"@id":"https:\/\/www.fitnessbrasil.com.br\/#website"},"datePublished":"2023-05-15T20:28:36+00:00","dateModified":"2023-12-15T14:32:21+00:00","breadcrumb":{"@id":"https:\/\/www.fitnessbrasil.com.br\/panorama-setorial-2023\/#breadcrumb"},"inLanguage":"es","potentialAction":[{"@type":"ReadAction","target":["https:\/\/www.fitnessbrasil.com.br\/panorama-setorial-2023\/"]}]},{"@type":"BreadcrumbList","@id":"https:\/\/www.fitnessbrasil.com.br\/panorama-setorial-2023\/#breadcrumb","itemListElement":[{"@type":"ListItem","position":1,"name":"In\u00edcio","item":"https:\/\/www.fitnessbrasil.com.br\/"},{"@type":"ListItem","position":2,"name":"Panorama Setorial 2023"}]},{"@type":"WebSite","@id":"https:\/\/www.fitnessbrasil.com.br\/#website","url":"https:\/\/www.fitnessbrasil.com.br\/","name":"Fitness Brasil","description":"","publisher":{"@id":"https:\/\/www.fitnessbrasil.com.br\/#organization"},"potentialAction":[{"@type":"SearchAction","target":{"@type":"EntryPoint","urlTemplate":"https:\/\/www.fitnessbrasil.com.br\/?s={search_term_string}"},"query-input":{"@type":"PropertyValueSpecification","valueRequired":true,"valueName":"search_term_string"}}],"inLanguage":"es"},{"@type":"Organization","@id":"https:\/\/www.fitnessbrasil.com.br\/#organization","name":"Fitness Brasil","url":"https:\/\/www.fitnessbrasil.com.br\/","logo":{"@type":"ImageObject","inLanguage":"es","@id":"https:\/\/www.fitnessbrasil.com.br\/#\/schema\/logo\/image\/","url":"https:\/\/www.fitnessbrasil.com.br\/wp-content\/uploads\/2022\/01\/Logo-Fitness-Brasil_preto-e-cor.png","contentUrl":"https:\/\/www.fitnessbrasil.com.br\/wp-content\/uploads\/2022\/01\/Logo-Fitness-Brasil_preto-e-cor.png","width":593,"height":316,"caption":"Fitness Brasil"},"image":{"@id":"https:\/\/www.fitnessbrasil.com.br\/#\/schema\/logo\/image\/"}}]}},"_links":{"self":[{"href":"https:\/\/www.fitnessbrasil.com.br\/es\/wp-json\/wp\/v2\/pages\/34747","targetHints":{"allow":["GET"]}}],"collection":[{"href":"https:\/\/www.fitnessbrasil.com.br\/es\/wp-json\/wp\/v2\/pages"}],"about":[{"href":"https:\/\/www.fitnessbrasil.com.br\/es\/wp-json\/wp\/v2\/types\/page"}],"author":[{"embeddable":true,"href":"https:\/\/www.fitnessbrasil.com.br\/es\/wp-json\/wp\/v2\/users\/2063"}],"replies":[{"embeddable":true,"href":"https:\/\/www.fitnessbrasil.com.br\/es\/wp-json\/wp\/v2\/comments?post=34747"}],"version-history":[{"count":0,"href":"https:\/\/www.fitnessbrasil.com.br\/es\/wp-json\/wp\/v2\/pages\/34747\/revisions"}],"wp:attachment":[{"href":"https:\/\/www.fitnessbrasil.com.br\/es\/wp-json\/wp\/v2\/media?parent=34747"}],"wp:term":[{"taxonomy":"folder","embeddable":true,"href":"https:\/\/www.fitnessbrasil.com.br\/es\/wp-json\/wp\/v2\/folder?post=34747"}],"curies":[{"name":"wp","href":"https:\/\/api.w.org\/{rel}","templated":true}]}}