{"id":4119,"date":"2022-02-21T18:33:02","date_gmt":"2022-02-21T21:33:02","guid":{"rendered":"https:\/\/www.fitnessbrasil.com.br\/?page_id=4119"},"modified":"2026-02-26T07:41:10","modified_gmt":"2026-02-26T10:41:10","slug":"quem-somos","status":"publish","type":"page","link":"https:\/\/www.fitnessbrasil.com.br\/es\/quem-somos\/","title":{"rendered":"Quem Somos"},"content":{"rendered":"<div class=\"banner has-hover\" id=\"banner-1109270913\">\n          <div class=\"banner-inner fill\">\n        <div class=\"banner-bg fill\" >\n            <img decoding=\"async\" width=\"1020\" height=\"313\" data-src=\"https:\/\/www.fitnessbrasil.com.br\/wp-content\/uploads\/2025\/05\/Apresentacao1-1400x429.png\" class=\"bg lazyload\" alt=\"\" data-srcset=\"https:\/\/www.fitnessbrasil.com.br\/wp-content\/uploads\/2025\/05\/Apresentacao1-1400x429.png 1400w, https:\/\/www.fitnessbrasil.com.br\/wp-content\/uploads\/2025\/05\/Apresentacao1-800x245.png 800w, https:\/\/www.fitnessbrasil.com.br\/wp-content\/uploads\/2025\/05\/Apresentacao1-768x235.png 768w, https:\/\/www.fitnessbrasil.com.br\/wp-content\/uploads\/2025\/05\/Apresentacao1-1536x471.png 1536w, https:\/\/www.fitnessbrasil.com.br\/wp-content\/uploads\/2025\/05\/Apresentacao1-2048x628.png 2048w, https:\/\/www.fitnessbrasil.com.br\/wp-content\/uploads\/2025\/05\/Apresentacao1-18x6.png 18w, https:\/\/www.fitnessbrasil.com.br\/wp-content\/uploads\/2025\/05\/Apresentacao1-510x156.png 510w\" data-sizes=\"(max-width: 1020px) 100vw, 1020px\" src=\"data:image\/svg+xml;base64,PHN2ZyB3aWR0aD0iMSIgaGVpZ2h0PSIxIiB4bWxucz0iaHR0cDovL3d3dy53My5vcmcvMjAwMC9zdmciPjwvc3ZnPg==\" style=\"--smush-placeholder-width: 1020px; --smush-placeholder-aspect-ratio: 1020\/313;\" \/>                        <div class=\"overlay\"><\/div>            \n                    <\/div>\n\t\t\n        <div class=\"banner-layers container\">\n            <div class=\"fill banner-link\"><\/div>            \n\n   <div id=\"text-box-853563952\" class=\"text-box banner-layer x5 md-x5 lg-x5 y15 md-y50 lg-y50 res-text\">\n                                <div class=\"text-box-content text\">\n              \n              <div class=\"text-inner text-left\">\n                  \n\n\t<div id=\"text-3694246858\" class=\"text\">\n\t\t\n\n<h2 class=\"uppercase\"><strong>NUESTRO PROP\u00d3SITO<\/strong><\/h2>\n<h4>Conectando, empoderando y fortaleciendo el mercado del fitness, promoviendo un futuro m\u00e1s saludable para todos.<\/h4>\n\t\t\n<style>\n#text-3694246858 {\n  font-size: 0.8rem;\n  text-align: left;\n  color: rgb(254, 254, 254);\n}\n#text-3694246858 > * {\n  color: rgb(254, 254, 254);\n}\n@media (min-width:550px) {\n  #text-3694246858 {\n    font-size: 1.4rem;\n  }\n}\n<\/style>\n\t<\/div>\n\t\n\n              <\/div>\n           <\/div>\n                            \n<style>\n#text-box-853563952 {\n  width: 90%;\n}\n#text-box-853563952 .text-box-content {\n  font-size: 100%;\n}\n@media (min-width:550px) {\n  #text-box-853563952 {\n    width: 98%;\n  }\n}\n<\/style>\n    <\/div>\n \n\n        <\/div>\n      <\/div>\n\n            \n<style>\n#banner-1109270913 {\n  padding-top: 300px;\n  background-color: rgb(0,0,0);\n}\n#banner-1109270913 .overlay {\n  background-color: rgba(0,0,0,.5);\n}\n#banner-1109270913 .banner-bg img {\n  object-position: center right;\n}\n@media (min-width:550px) {\n  #banner-1109270913 {\n    padding-top: 500px;\n  }\n}\n<\/style>\n  <\/div>\n\n\n<div class=\"row\"  id=\"row-1102626263\">\n\n\n\t<div id=\"col-1309311666\" class=\"col medium-5 small-12 large-5\"  >\n\t\t\t\t<div class=\"col-inner\"  >\n\t\t\t\n\t\t\t\n\n<p>\n  En el din\u00e1mico mundo del fitness, Fitness Brasil se destaca como un punto de referencia que va m\u00e1s all\u00e1 de la mera informaci\u00f3n.<br \/>\n  Es una plataforma que inspira, conecta e impulsa ideas, reuniendo a profesionales y empresas en un entorno f\u00e9rtil.<br \/>\n  para el crecimiento estrat\u00e9gico y la innovaci\u00f3n.\n<\/p>\n<p>\n  M\u00e1s que simplemente ofrecer contenido, somos un catalizador de transformaci\u00f3n. Un espacio donde cuerpo, mente y esp\u00edritu se unen.<br \/>\n  Los sectores se entienden de forma integrada, animando a cada participante a forjar su propio camino hacia...<br \/>\n  Una vida m\u00e1s sana, m\u00e1s plena y con prop\u00f3sito.\n<\/p>\n<p><strong>Por eso somos\u2026<\/strong><\/p>\n<p><strong>Plataforma multicanal para el mercado Fitness:<\/strong> Expo, educaci\u00f3n y contenidos.<\/p>\n\n\t\t<\/div>\n\t\t\t\t\t<\/div>\n\n\t\n\n\t<div id=\"col-106134912\" class=\"col medium-7 small-12 large-7\"  >\n\t\t\t\t<div class=\"col-inner\"  >\n\t\t\t\n\t\t\t\n\n\t<div class=\"img has-hover x md-x lg-x y md-y lg-y\" id=\"image_707279543\">\n\t\t\t\t\t\t\t\t<div class=\"img-inner image-zoom dark\" >\n\t\t\t<img decoding=\"async\" width=\"1020\" height=\"574\" data-src=\"https:\/\/www.fitnessbrasil.com.br\/wp-content\/uploads\/2026\/02\/Fbexpo26-Ativacoes.png\" class=\"attachment-large size-large lazyload\" alt=\"\" data-srcset=\"https:\/\/www.fitnessbrasil.com.br\/wp-content\/uploads\/2026\/02\/Fbexpo26-Ativacoes.png 1280w, https:\/\/www.fitnessbrasil.com.br\/wp-content\/uploads\/2026\/02\/Fbexpo26-Ativacoes-711x400.png 711w, https:\/\/www.fitnessbrasil.com.br\/wp-content\/uploads\/2026\/02\/Fbexpo26-Ativacoes-768x432.png 768w, https:\/\/www.fitnessbrasil.com.br\/wp-content\/uploads\/2026\/02\/Fbexpo26-Ativacoes-18x10.png 18w, https:\/\/www.fitnessbrasil.com.br\/wp-content\/uploads\/2026\/02\/Fbexpo26-Ativacoes-510x287.png 510w\" data-sizes=\"(max-width: 1020px) 100vw, 1020px\" src=\"data:image\/svg+xml;base64,PHN2ZyB3aWR0aD0iMSIgaGVpZ2h0PSIxIiB4bWxucz0iaHR0cDovL3d3dy53My5vcmcvMjAwMC9zdmciPjwvc3ZnPg==\" style=\"--smush-placeholder-width: 1020px; --smush-placeholder-aspect-ratio: 1020\/574;\" \/>\t\t\t\t\t\t\n\t\t\t\t\t<\/div>\n\t\t\t\t\t\t\t\t\n<style>\n#image_707279543 {\n  width: 100%;\n}\n<\/style>\n\t<\/div>\n\t\n\n\n\t\t<\/div>\n\t\t\t\t\t<\/div>\n\n\t\n\n<\/div>\n<div class=\"row\"  id=\"row-2008595914\">\n\n\n\t<div id=\"col-1968527688\" class=\"col medium-7 small-12 large-7\"  >\n\t\t\t\t<div class=\"col-inner\"  >\n\t\t\t\n\t\t\t\n\n\t<div class=\"img has-hover x md-x lg-x y md-y lg-y\" id=\"image_367899170\">\n\t\t\t\t\t\t\t\t<div class=\"img-inner image-zoom dark\" >\n\t\t\t<img decoding=\"async\" width=\"1020\" height=\"574\" data-src=\"https:\/\/www.fitnessbrasil.com.br\/wp-content\/uploads\/2025\/05\/Institucional_FitnessBrasil-1.png\" class=\"attachment-large size-large lazyload\" alt=\"\" data-srcset=\"https:\/\/www.fitnessbrasil.com.br\/wp-content\/uploads\/2025\/05\/Institucional_FitnessBrasil-1.png 1280w, https:\/\/www.fitnessbrasil.com.br\/wp-content\/uploads\/2025\/05\/Institucional_FitnessBrasil-1-711x400.png 711w, https:\/\/www.fitnessbrasil.com.br\/wp-content\/uploads\/2025\/05\/Institucional_FitnessBrasil-1-768x432.png 768w, https:\/\/www.fitnessbrasil.com.br\/wp-content\/uploads\/2025\/05\/Institucional_FitnessBrasil-1-18x10.png 18w, https:\/\/www.fitnessbrasil.com.br\/wp-content\/uploads\/2025\/05\/Institucional_FitnessBrasil-1-510x287.png 510w\" data-sizes=\"(max-width: 1020px) 100vw, 1020px\" src=\"data:image\/svg+xml;base64,PHN2ZyB3aWR0aD0iMSIgaGVpZ2h0PSIxIiB4bWxucz0iaHR0cDovL3d3dy53My5vcmcvMjAwMC9zdmciPjwvc3ZnPg==\" style=\"--smush-placeholder-width: 1020px; --smush-placeholder-aspect-ratio: 1020\/574;\" \/>\t\t\t\t\t\t\n\t\t\t\t\t<\/div>\n\t\t\t\t\t\t\t\t\n<style>\n#image_367899170 {\n  width: 100%;\n}\n<\/style>\n\t<\/div>\n\t\n\n\n\t\t<\/div>\n\t\t\t\t\t<\/div>\n\n\t\n\n\t<div id=\"col-364258965\" class=\"col medium-5 small-12 large-5\"  >\n\t\t\t\t<div class=\"col-inner\"  >\n\t\t\t\n\t\t\t\n\n<p><strong>Manifiesto del Fitness Brasil<\/strong><\/p>\n<p>\n  Creemos que el futuro del fitness brasile\u00f1o no se construir\u00e1 con voces aisladas, sino con una red unida y fuerte.<br \/>\n  y en constante evoluci\u00f3n. Somos m\u00e1s que un sector: somos un movimiento. En Fitness Brasil, nos enfrentamos a la<br \/>\n  Rompimos la fragmentaci\u00f3n, rompimos el aislamiento y conectamos personas, ideas y oportunidades. Democratizamos el conocimiento.<br \/>\n  Valoramos cada eslab\u00f3n de la cadena y ponemos al ser humano en el centro de todo. Porque transformar el mercado es m\u00e1s que...<br \/>\n  Una misi\u00f3n, una vocaci\u00f3n. Y la asumimos. Juntos, somos la fuerza que impulsa el fitness brasile\u00f1o hacia su...<br \/>\n  verdadero potencial.<\/p>\n\n\t\t<\/div>\n\t\t\t\t\t<\/div>\n\n\t\n\n<\/div>\n<div class=\"row\"  id=\"row-2061228166\">\n\n\n\t<div id=\"col-1067153037\" class=\"col small-12 large-12\"  >\n\t\t\t\t<div class=\"col-inner\"  >\n\t\t\t\n\t\t\t\n\n\t<div id=\"text-2511535602\" class=\"text\">\n\t\t\n\n<p data-start=\"0\" data-end=\"276\"><b>Valores del fitness en Brasil<\/b><\/p>\n\t\t\n<style>\n#text-2511535602 {\n  font-size: 2.15rem;\n  text-align: center;\n}\n<\/style>\n\t<\/div>\n\t\n\n\t\t<\/div>\n\t\t\t\t\t<\/div>\n\n\t\n\n<\/div>\n<div class=\"row\"  id=\"row-457421663\">\n\n\n\t<div id=\"col-2086340101\" class=\"col medium-4 small-12 large-4\"  >\n\t\t\t\t<div class=\"col-inner\"  >\n\t\t\t\n\t\t\t\n\n\t<div class=\"box has-hover   has-hover box-text-bottom\" >\n\n\t\t<div class=\"box-image\" style=\"width:50%;\">\n\t\t\t\t\t\t<div class=\"\" >\n\t\t\t\t<img decoding=\"async\" width=\"636\" height=\"636\" data-src=\"https:\/\/www.fitnessbrasil.com.br\/wp-content\/uploads\/2025\/05\/Imagem1.jpg\" class=\"attachment- size- lazyload\" alt=\"\" data-srcset=\"https:\/\/www.fitnessbrasil.com.br\/wp-content\/uploads\/2025\/05\/Imagem1.jpg 636w, https:\/\/www.fitnessbrasil.com.br\/wp-content\/uploads\/2025\/05\/Imagem1-400x400.jpg 400w, https:\/\/www.fitnessbrasil.com.br\/wp-content\/uploads\/2025\/05\/Imagem1-280x280.jpg 280w, https:\/\/www.fitnessbrasil.com.br\/wp-content\/uploads\/2025\/05\/Imagem1-12x12.jpg 12w, https:\/\/www.fitnessbrasil.com.br\/wp-content\/uploads\/2025\/05\/Imagem1-510x510.jpg 510w, https:\/\/www.fitnessbrasil.com.br\/wp-content\/uploads\/2025\/05\/Imagem1-100x100.jpg 100w\" data-sizes=\"(max-width: 636px) 100vw, 636px\" src=\"data:image\/svg+xml;base64,PHN2ZyB3aWR0aD0iMSIgaGVpZ2h0PSIxIiB4bWxucz0iaHR0cDovL3d3dy53My5vcmcvMjAwMC9zdmciPjwvc3ZnPg==\" style=\"--smush-placeholder-width: 636px; --smush-placeholder-aspect-ratio: 636\/636;\" \/>\t\t\t\t\t\t\t\t\t\t\t<\/div>\n\t\t\t\t\t<\/div>\n\n\t\t<div class=\"box-text text-center\" >\n\t\t\t<div class=\"box-text-inner\">\n\t\t\t\t\n\n<h2>Evoluci\u00f3n continua<\/h2>\n\n\t\t\t<\/div>\n\t\t<\/div>\n\t<\/div>\n\t\n\n\t\t<\/div>\n\t\t\t\t\t<\/div>\n\n\t\n\n\t<div id=\"col-616634370\" class=\"col medium-4 small-12 large-4\"  >\n\t\t\t\t<div class=\"col-inner\"  >\n\t\t\t\n\t\t\t\n\n\t<div class=\"box has-hover   has-hover box-text-bottom\" >\n\n\t\t<div class=\"box-image\" style=\"width:50%;\">\n\t\t\t\t\t\t<div class=\"\" >\n\t\t\t\t<img decoding=\"async\" width=\"638\" height=\"638\" data-src=\"https:\/\/www.fitnessbrasil.com.br\/wp-content\/uploads\/2025\/05\/Imagem2.jpg\" class=\"attachment- size- lazyload\" alt=\"\" data-srcset=\"https:\/\/www.fitnessbrasil.com.br\/wp-content\/uploads\/2025\/05\/Imagem2.jpg 638w, https:\/\/www.fitnessbrasil.com.br\/wp-content\/uploads\/2025\/05\/Imagem2-400x400.jpg 400w, https:\/\/www.fitnessbrasil.com.br\/wp-content\/uploads\/2025\/05\/Imagem2-280x280.jpg 280w, https:\/\/www.fitnessbrasil.com.br\/wp-content\/uploads\/2025\/05\/Imagem2-12x12.jpg 12w, https:\/\/www.fitnessbrasil.com.br\/wp-content\/uploads\/2025\/05\/Imagem2-510x510.jpg 510w, https:\/\/www.fitnessbrasil.com.br\/wp-content\/uploads\/2025\/05\/Imagem2-100x100.jpg 100w\" data-sizes=\"(max-width: 638px) 100vw, 638px\" src=\"data:image\/svg+xml;base64,PHN2ZyB3aWR0aD0iMSIgaGVpZ2h0PSIxIiB4bWxucz0iaHR0cDovL3d3dy53My5vcmcvMjAwMC9zdmciPjwvc3ZnPg==\" style=\"--smush-placeholder-width: 638px; --smush-placeholder-aspect-ratio: 638\/638;\" \/>\t\t\t\t\t\t\t\t\t\t\t<\/div>\n\t\t\t\t\t<\/div>\n\n\t\t<div class=\"box-text text-center\" >\n\t\t\t<div class=\"box-text-inner\">\n\t\t\t\t\n\n<h2>Resiliencia inquebrantable<\/h2>\n\n\t\t\t<\/div>\n\t\t<\/div>\n\t<\/div>\n\t\n\n\t\t<\/div>\n\t\t\t\t\t<\/div>\n\n\t\n\n\t<div id=\"col-287988984\" class=\"col medium-4 small-12 large-4\"  >\n\t\t\t\t<div class=\"col-inner\"  >\n\t\t\t\n\t\t\t\n\n\t<div class=\"box has-hover   has-hover box-text-bottom\" >\n\n\t\t<div class=\"box-image\" style=\"width:50%;\">\n\t\t\t\t\t\t<div class=\"\" >\n\t\t\t\t<img decoding=\"async\" width=\"636\" height=\"636\" data-src=\"https:\/\/www.fitnessbrasil.com.br\/wp-content\/uploads\/2025\/05\/Imagem3.jpg\" class=\"attachment- size- lazyload\" alt=\"\" data-srcset=\"https:\/\/www.fitnessbrasil.com.br\/wp-content\/uploads\/2025\/05\/Imagem3.jpg 636w, https:\/\/www.fitnessbrasil.com.br\/wp-content\/uploads\/2025\/05\/Imagem3-400x400.jpg 400w, https:\/\/www.fitnessbrasil.com.br\/wp-content\/uploads\/2025\/05\/Imagem3-280x280.jpg 280w, https:\/\/www.fitnessbrasil.com.br\/wp-content\/uploads\/2025\/05\/Imagem3-12x12.jpg 12w, https:\/\/www.fitnessbrasil.com.br\/wp-content\/uploads\/2025\/05\/Imagem3-510x510.jpg 510w, https:\/\/www.fitnessbrasil.com.br\/wp-content\/uploads\/2025\/05\/Imagem3-100x100.jpg 100w\" data-sizes=\"(max-width: 636px) 100vw, 636px\" src=\"data:image\/svg+xml;base64,PHN2ZyB3aWR0aD0iMSIgaGVpZ2h0PSIxIiB4bWxucz0iaHR0cDovL3d3dy53My5vcmcvMjAwMC9zdmciPjwvc3ZnPg==\" style=\"--smush-placeholder-width: 636px; --smush-placeholder-aspect-ratio: 636\/636;\" \/>\t\t\t\t\t\t\t\t\t\t\t<\/div>\n\t\t\t\t\t<\/div>\n\n\t\t<div class=\"box-text text-center\" >\n\t\t\t<div class=\"box-text-inner\">\n\t\t\t\t\n\n<h2>La confianza como base<\/h2>\n\n\t\t\t<\/div>\n\t\t<\/div>\n\t<\/div>\n\t\n\n\t\t<\/div>\n\t\t\t\t\t<\/div>\n\n\t\n\n<\/div>\n<div class=\"row\"  id=\"row-8629281\">\n\n\n\t<div id=\"col-524096756\" class=\"col medium-4 small-12 large-4\"  >\n\t\t\t\t<div class=\"col-inner\"  >\n\t\t\t\n\t\t\t\n\n\t<div class=\"box has-hover   has-hover box-text-bottom\" >\n\n\t\t<div class=\"box-image\" style=\"width:50%;\">\n\t\t\t\t\t\t<div class=\"\" >\n\t\t\t\t<img decoding=\"async\" width=\"185\" height=\"185\" data-src=\"https:\/\/www.fitnessbrasil.com.br\/wp-content\/uploads\/2025\/05\/Imagem4.jpg\" class=\"attachment- size- lazyload\" alt=\"\" data-srcset=\"https:\/\/www.fitnessbrasil.com.br\/wp-content\/uploads\/2025\/05\/Imagem4.jpg 185w, https:\/\/www.fitnessbrasil.com.br\/wp-content\/uploads\/2025\/05\/Imagem4-12x12.jpg 12w, https:\/\/www.fitnessbrasil.com.br\/wp-content\/uploads\/2025\/05\/Imagem4-100x100.jpg 100w\" data-sizes=\"(max-width: 185px) 100vw, 185px\" src=\"data:image\/svg+xml;base64,PHN2ZyB3aWR0aD0iMSIgaGVpZ2h0PSIxIiB4bWxucz0iaHR0cDovL3d3dy53My5vcmcvMjAwMC9zdmciPjwvc3ZnPg==\" style=\"--smush-placeholder-width: 185px; --smush-placeholder-aspect-ratio: 185\/185;\" \/>\t\t\t\t\t\t\t\t\t\t\t<\/div>\n\t\t\t\t\t<\/div>\n\n\t\t<div class=\"box-text text-center\" >\n\t\t\t<div class=\"box-text-inner\">\n\t\t\t\t\n\n<h2>Agilidad adaptativa<\/h2>\n\n\t\t\t<\/div>\n\t\t<\/div>\n\t<\/div>\n\t\n\n\t\t<\/div>\n\t\t\t\t\t<\/div>\n\n\t\n\n\t<div id=\"col-576936959\" class=\"col medium-4 small-12 large-4\"  >\n\t\t\t\t<div class=\"col-inner\"  >\n\t\t\t\n\t\t\t\n\n\t<div class=\"box has-hover   has-hover box-text-bottom\" >\n\n\t\t<div class=\"box-image\" style=\"width:50%;\">\n\t\t\t\t\t\t<div class=\"\" >\n\t\t\t\t<img decoding=\"async\" width=\"638\" height=\"638\" data-src=\"https:\/\/www.fitnessbrasil.com.br\/wp-content\/uploads\/2025\/05\/Imagem5.jpg\" class=\"attachment- size- lazyload\" alt=\"\" data-srcset=\"https:\/\/www.fitnessbrasil.com.br\/wp-content\/uploads\/2025\/05\/Imagem5.jpg 638w, https:\/\/www.fitnessbrasil.com.br\/wp-content\/uploads\/2025\/05\/Imagem5-400x400.jpg 400w, https:\/\/www.fitnessbrasil.com.br\/wp-content\/uploads\/2025\/05\/Imagem5-280x280.jpg 280w, https:\/\/www.fitnessbrasil.com.br\/wp-content\/uploads\/2025\/05\/Imagem5-12x12.jpg 12w, https:\/\/www.fitnessbrasil.com.br\/wp-content\/uploads\/2025\/05\/Imagem5-510x510.jpg 510w, https:\/\/www.fitnessbrasil.com.br\/wp-content\/uploads\/2025\/05\/Imagem5-100x100.jpg 100w\" data-sizes=\"(max-width: 638px) 100vw, 638px\" src=\"data:image\/svg+xml;base64,PHN2ZyB3aWR0aD0iMSIgaGVpZ2h0PSIxIiB4bWxucz0iaHR0cDovL3d3dy53My5vcmcvMjAwMC9zdmciPjwvc3ZnPg==\" style=\"--smush-placeholder-width: 638px; --smush-placeholder-aspect-ratio: 638\/638;\" \/>\t\t\t\t\t\t\t\t\t\t\t<\/div>\n\t\t\t\t\t<\/div>\n\n\t\t<div class=\"box-text text-center\" >\n\t\t\t<div class=\"box-text-inner\">\n\t\t\t\t\n\n<h2>Excelencia constante<\/h2>\n\n\t\t\t<\/div>\n\t\t<\/div>\n\t<\/div>\n\t\n\n\t\t<\/div>\n\t\t\t\t\t<\/div>\n\n\t\n\n\t<div id=\"col-1534219760\" class=\"col medium-4 small-12 large-4\"  >\n\t\t\t\t<div class=\"col-inner\"  >\n\t\t\t\n\t\t\t\n\n\t<div class=\"box has-hover   has-hover box-text-bottom\" >\n\n\t\t<div class=\"box-image\" style=\"width:50%;\">\n\t\t\t\t\t\t<div class=\"\" >\n\t\t\t\t<img decoding=\"async\" width=\"289\" height=\"289\" data-src=\"https:\/\/www.fitnessbrasil.com.br\/wp-content\/uploads\/2025\/05\/Imagem2-1.jpg\" class=\"attachment- size- lazyload\" alt=\"\" data-srcset=\"https:\/\/www.fitnessbrasil.com.br\/wp-content\/uploads\/2025\/05\/Imagem2-1.jpg 289w, https:\/\/www.fitnessbrasil.com.br\/wp-content\/uploads\/2025\/05\/Imagem2-1-280x280.jpg 280w, https:\/\/www.fitnessbrasil.com.br\/wp-content\/uploads\/2025\/05\/Imagem2-1-12x12.jpg 12w, https:\/\/www.fitnessbrasil.com.br\/wp-content\/uploads\/2025\/05\/Imagem2-1-100x100.jpg 100w\" data-sizes=\"(max-width: 289px) 100vw, 289px\" src=\"data:image\/svg+xml;base64,PHN2ZyB3aWR0aD0iMSIgaGVpZ2h0PSIxIiB4bWxucz0iaHR0cDovL3d3dy53My5vcmcvMjAwMC9zdmciPjwvc3ZnPg==\" style=\"--smush-placeholder-width: 289px; --smush-placeholder-aspect-ratio: 289\/289;\" \/>\t\t\t\t\t\t\t\t\t\t\t<\/div>\n\t\t\t\t\t<\/div>\n\n\t\t<div class=\"box-text text-center\" >\n\t\t\t<div class=\"box-text-inner\">\n\t\t\t\t\n\n<h2>Centrarse en el ser humano<\/h2>\n\n\t\t\t<\/div>\n\t\t<\/div>\n\t<\/div>\n\t\n\n\t\t<\/div>\n\t\t\t\t\t<\/div>\n\n\t\n\n<\/div>\n\t<div id=\"gap-1879594958\" class=\"gap-element clearfix\" style=\"display:block; height:auto;\">\n\t\t\n<style>\n#gap-1879594958 {\n  padding-top: 30px;\n}\n<\/style>\n\t<\/div>","protected":false},"excerpt":{"rendered":"","protected":false},"author":45,"featured_media":13,"parent":0,"menu_order":0,"comment_status":"closed","ping_status":"closed","template":"page-blank.php","meta":{"_acf_changed":false,"footnotes":""},"folder":[],"class_list":["post-4119","page","type-page","status-publish","has-post-thumbnail","hentry"],"acf":[],"yoast_head":"<!-- This site is optimized with the Yoast SEO plugin v27.4 - https:\/\/yoast.com\/product\/yoast-seo-wordpress\/ -->\n<title>Quem Somos - Fitness Brasil<\/title>\n<meta name=\"robots\" content=\"index, follow, max-snippet:-1, max-image-preview:large, max-video-preview:-1\" \/>\n<link rel=\"canonical\" href=\"https:\/\/www.fitnessbrasil.com.br\/es\/quem-somos\/\" \/>\n<meta property=\"og:locale\" content=\"es_ES\" \/>\n<meta property=\"og:type\" content=\"article\" \/>\n<meta property=\"og:title\" content=\"Quem Somos - Fitness Brasil\" \/>\n<meta property=\"og:url\" content=\"https:\/\/www.fitnessbrasil.com.br\/es\/quem-somos\/\" \/>\n<meta property=\"og:site_name\" content=\"Fitness Brasil\" \/>\n<meta property=\"article:modified_time\" content=\"2026-02-26T10:41:10+00:00\" \/>\n<meta property=\"og:image\" content=\"https:\/\/www.fitnessbrasil.com.br\/wp-content\/uploads\/2016\/08\/dummy-1.jpg\" \/>\n\t<meta property=\"og:image:width\" content=\"400\" \/>\n\t<meta property=\"og:image:height\" content=\"260\" \/>\n\t<meta property=\"og:image:type\" content=\"image\/jpeg\" \/>\n<meta name=\"twitter:card\" content=\"summary_large_image\" \/>\n<meta name=\"twitter:label1\" content=\"Tiempo de lectura\" \/>\n\t<meta name=\"twitter:data1\" content=\"2 minutos\" \/>\n<script type=\"application\/ld+json\" class=\"yoast-schema-graph\">{\"@context\":\"https:\\\/\\\/schema.org\",\"@graph\":[{\"@type\":\"WebPage\",\"@id\":\"https:\\\/\\\/www.fitnessbrasil.com.br\\\/quem-somos\\\/\",\"url\":\"https:\\\/\\\/www.fitnessbrasil.com.br\\\/quem-somos\\\/\",\"name\":\"Quem Somos - Fitness Brasil\",\"isPartOf\":{\"@id\":\"https:\\\/\\\/www.fitnessbrasil.com.br\\\/#website\"},\"primaryImageOfPage\":{\"@id\":\"https:\\\/\\\/www.fitnessbrasil.com.br\\\/quem-somos\\\/#primaryimage\"},\"image\":{\"@id\":\"https:\\\/\\\/www.fitnessbrasil.com.br\\\/quem-somos\\\/#primaryimage\"},\"thumbnailUrl\":\"https:\\\/\\\/www.fitnessbrasil.com.br\\\/wp-content\\\/uploads\\\/2016\\\/08\\\/dummy-1.jpg\",\"datePublished\":\"2022-02-21T21:33:02+00:00\",\"dateModified\":\"2026-02-26T10:41:10+00:00\",\"breadcrumb\":{\"@id\":\"https:\\\/\\\/www.fitnessbrasil.com.br\\\/quem-somos\\\/#breadcrumb\"},\"inLanguage\":\"es\",\"potentialAction\":[{\"@type\":\"ReadAction\",\"target\":[\"https:\\\/\\\/www.fitnessbrasil.com.br\\\/quem-somos\\\/\"]}]},{\"@type\":\"ImageObject\",\"inLanguage\":\"es\",\"@id\":\"https:\\\/\\\/www.fitnessbrasil.com.br\\\/quem-somos\\\/#primaryimage\",\"url\":\"https:\\\/\\\/www.fitnessbrasil.com.br\\\/wp-content\\\/uploads\\\/2016\\\/08\\\/dummy-1.jpg\",\"contentUrl\":\"https:\\\/\\\/www.fitnessbrasil.com.br\\\/wp-content\\\/uploads\\\/2016\\\/08\\\/dummy-1.jpg\",\"width\":400,\"height\":260},{\"@type\":\"BreadcrumbList\",\"@id\":\"https:\\\/\\\/www.fitnessbrasil.com.br\\\/quem-somos\\\/#breadcrumb\",\"itemListElement\":[{\"@type\":\"ListItem\",\"position\":1,\"name\":\"In\u00edcio\",\"item\":\"https:\\\/\\\/www.fitnessbrasil.com.br\\\/\"},{\"@type\":\"ListItem\",\"position\":2,\"name\":\"Quem Somos\"}]},{\"@type\":\"WebSite\",\"@id\":\"https:\\\/\\\/www.fitnessbrasil.com.br\\\/#website\",\"url\":\"https:\\\/\\\/www.fitnessbrasil.com.br\\\/\",\"name\":\"Fitness Brasil\",\"description\":\"\",\"publisher\":{\"@id\":\"https:\\\/\\\/www.fitnessbrasil.com.br\\\/#organization\"},\"potentialAction\":[{\"@type\":\"SearchAction\",\"target\":{\"@type\":\"EntryPoint\",\"urlTemplate\":\"https:\\\/\\\/www.fitnessbrasil.com.br\\\/?s={search_term_string}\"},\"query-input\":{\"@type\":\"PropertyValueSpecification\",\"valueRequired\":true,\"valueName\":\"search_term_string\"}}],\"inLanguage\":\"es\"},{\"@type\":\"Organization\",\"@id\":\"https:\\\/\\\/www.fitnessbrasil.com.br\\\/#organization\",\"name\":\"Fitness Brasil\",\"url\":\"https:\\\/\\\/www.fitnessbrasil.com.br\\\/\",\"logo\":{\"@type\":\"ImageObject\",\"inLanguage\":\"es\",\"@id\":\"https:\\\/\\\/www.fitnessbrasil.com.br\\\/#\\\/schema\\\/logo\\\/image\\\/\",\"url\":\"https:\\\/\\\/www.fitnessbrasil.com.br\\\/wp-content\\\/uploads\\\/2022\\\/01\\\/Logo-Fitness-Brasil_preto-e-cor.png\",\"contentUrl\":\"https:\\\/\\\/www.fitnessbrasil.com.br\\\/wp-content\\\/uploads\\\/2022\\\/01\\\/Logo-Fitness-Brasil_preto-e-cor.png\",\"width\":593,\"height\":316,\"caption\":\"Fitness Brasil\"},\"image\":{\"@id\":\"https:\\\/\\\/www.fitnessbrasil.com.br\\\/#\\\/schema\\\/logo\\\/image\\\/\"}}]}<\/script>\n<!-- \/ Yoast SEO plugin. -->","yoast_head_json":{"title":"Quem Somos - Fitness Brasil","robots":{"index":"index","follow":"follow","max-snippet":"max-snippet:-1","max-image-preview":"max-image-preview:large","max-video-preview":"max-video-preview:-1"},"canonical":"https:\/\/www.fitnessbrasil.com.br\/es\/quem-somos\/","og_locale":"es_ES","og_type":"article","og_title":"Quem Somos - Fitness Brasil","og_url":"https:\/\/www.fitnessbrasil.com.br\/es\/quem-somos\/","og_site_name":"Fitness Brasil","article_modified_time":"2026-02-26T10:41:10+00:00","og_image":[{"width":400,"height":260,"url":"https:\/\/www.fitnessbrasil.com.br\/wp-content\/uploads\/2016\/08\/dummy-1.jpg","type":"image\/jpeg"}],"twitter_card":"summary_large_image","twitter_misc":{"Tiempo de lectura":"2 minutos"},"schema":{"@context":"https:\/\/schema.org","@graph":[{"@type":"WebPage","@id":"https:\/\/www.fitnessbrasil.com.br\/quem-somos\/","url":"https:\/\/www.fitnessbrasil.com.br\/quem-somos\/","name":"Quem Somos - Fitness Brasil","isPartOf":{"@id":"https:\/\/www.fitnessbrasil.com.br\/#website"},"primaryImageOfPage":{"@id":"https:\/\/www.fitnessbrasil.com.br\/quem-somos\/#primaryimage"},"image":{"@id":"https:\/\/www.fitnessbrasil.com.br\/quem-somos\/#primaryimage"},"thumbnailUrl":"https:\/\/www.fitnessbrasil.com.br\/wp-content\/uploads\/2016\/08\/dummy-1.jpg","datePublished":"2022-02-21T21:33:02+00:00","dateModified":"2026-02-26T10:41:10+00:00","breadcrumb":{"@id":"https:\/\/www.fitnessbrasil.com.br\/quem-somos\/#breadcrumb"},"inLanguage":"es","potentialAction":[{"@type":"ReadAction","target":["https:\/\/www.fitnessbrasil.com.br\/quem-somos\/"]}]},{"@type":"ImageObject","inLanguage":"es","@id":"https:\/\/www.fitnessbrasil.com.br\/quem-somos\/#primaryimage","url":"https:\/\/www.fitnessbrasil.com.br\/wp-content\/uploads\/2016\/08\/dummy-1.jpg","contentUrl":"https:\/\/www.fitnessbrasil.com.br\/wp-content\/uploads\/2016\/08\/dummy-1.jpg","width":400,"height":260},{"@type":"BreadcrumbList","@id":"https:\/\/www.fitnessbrasil.com.br\/quem-somos\/#breadcrumb","itemListElement":[{"@type":"ListItem","position":1,"name":"In\u00edcio","item":"https:\/\/www.fitnessbrasil.com.br\/"},{"@type":"ListItem","position":2,"name":"Quem Somos"}]},{"@type":"WebSite","@id":"https:\/\/www.fitnessbrasil.com.br\/#website","url":"https:\/\/www.fitnessbrasil.com.br\/","name":"Fitness Brasil","description":"","publisher":{"@id":"https:\/\/www.fitnessbrasil.com.br\/#organization"},"potentialAction":[{"@type":"SearchAction","target":{"@type":"EntryPoint","urlTemplate":"https:\/\/www.fitnessbrasil.com.br\/?s={search_term_string}"},"query-input":{"@type":"PropertyValueSpecification","valueRequired":true,"valueName":"search_term_string"}}],"inLanguage":"es"},{"@type":"Organization","@id":"https:\/\/www.fitnessbrasil.com.br\/#organization","name":"Fitness Brasil","url":"https:\/\/www.fitnessbrasil.com.br\/","logo":{"@type":"ImageObject","inLanguage":"es","@id":"https:\/\/www.fitnessbrasil.com.br\/#\/schema\/logo\/image\/","url":"https:\/\/www.fitnessbrasil.com.br\/wp-content\/uploads\/2022\/01\/Logo-Fitness-Brasil_preto-e-cor.png","contentUrl":"https:\/\/www.fitnessbrasil.com.br\/wp-content\/uploads\/2022\/01\/Logo-Fitness-Brasil_preto-e-cor.png","width":593,"height":316,"caption":"Fitness Brasil"},"image":{"@id":"https:\/\/www.fitnessbrasil.com.br\/#\/schema\/logo\/image\/"}}]}},"_links":{"self":[{"href":"https:\/\/www.fitnessbrasil.com.br\/es\/wp-json\/wp\/v2\/pages\/4119","targetHints":{"allow":["GET"]}}],"collection":[{"href":"https:\/\/www.fitnessbrasil.com.br\/es\/wp-json\/wp\/v2\/pages"}],"about":[{"href":"https:\/\/www.fitnessbrasil.com.br\/es\/wp-json\/wp\/v2\/types\/page"}],"author":[{"embeddable":true,"href":"https:\/\/www.fitnessbrasil.com.br\/es\/wp-json\/wp\/v2\/users\/45"}],"replies":[{"embeddable":true,"href":"https:\/\/www.fitnessbrasil.com.br\/es\/wp-json\/wp\/v2\/comments?post=4119"}],"version-history":[{"count":18,"href":"https:\/\/www.fitnessbrasil.com.br\/es\/wp-json\/wp\/v2\/pages\/4119\/revisions"}],"predecessor-version":[{"id":132026,"href":"https:\/\/www.fitnessbrasil.com.br\/es\/wp-json\/wp\/v2\/pages\/4119\/revisions\/132026"}],"wp:featuredmedia":[{"embeddable":true,"href":"https:\/\/www.fitnessbrasil.com.br\/es\/wp-json\/wp\/v2\/media\/13"}],"wp:attachment":[{"href":"https:\/\/www.fitnessbrasil.com.br\/es\/wp-json\/wp\/v2\/media?parent=4119"}],"wp:term":[{"taxonomy":"folder","embeddable":true,"href":"https:\/\/www.fitnessbrasil.com.br\/es\/wp-json\/wp\/v2\/folder?post=4119"}],"curies":[{"name":"wp","href":"https:\/\/api.w.org\/{rel}","templated":true}]}}