{"id":5214,"date":"2022-03-10T21:47:01","date_gmt":"2022-03-11T00:47:01","guid":{"rendered":"https:\/\/www.fitnessbrasil.com.br\/?page_id=5214"},"modified":"2022-03-14T20:52:55","modified_gmt":"2022-03-14T23:52:55","slug":"fitness-brasil-bahia","status":"publish","type":"page","link":"https:\/\/www.fitnessbrasil.com.br\/es\/cursos-eventos\/fitness-brasil-bahia\/","title":{"rendered":"Fitness Brasil Bahia"},"content":{"rendered":"<section class=\"section\" id=\"section_1087770888\">\n\t\t<div class=\"section-bg fill\" >\n\t\t\t\t\t\t\t\t\t\n\t\t\t\n\n\t\t<\/div>\n\n\t\t\n\n\t\t<div class=\"section-content relative\">\n\t\t\t\n\n\t<div id=\"gap-1102464420\" class=\"gap-element clearfix\" style=\"display:block; height:auto;\">\n\t\t\n<style>\n#gap-1102464420 {\n  padding-top: 30px;\n}\n<\/style>\n\t<\/div>\n\t\n\n\t<div id=\"text-1173146767\" class=\"text\">\n\t\t\n\n<h1 class=\"alt-font\">CURSOS E EVENTOS<\/h1>\n\t\t\n<style>\n#text-1173146767 {\n  font-size: 2rem;\n  text-align: center;\n  color: #17c3b2;\n}\n#text-1173146767 > * {\n  color: #17c3b2;\n}\n<\/style>\n\t<\/div>\n\t\n<div class=\"row row-full-width\"  id=\"row-1457287558\">\n\n\n\t<div id=\"col-1363835240\" class=\"col small-12 large-12\"  >\n\t\t\t\t<div class=\"col-inner\"  >\n\t\t\t\n\t<div class=\"is-border\"\n\t\tstyle=\"border-color:rgb(221, 221, 221);border-width:2px 0px 2px 0px;\">\n\t<\/div>\n\t\t\t\n\n<div class=\"nav-wrapper\"><ul class=\"nav menu-news nav-uppercase nav-horizontal nav-line-bottom text-center nav-center\"><li class=\"active\"><a href=\"https:\/\/www.fitnessbrasil.com.br\/es\/cursos-eventos\/fitness-brasil-bahia\/\">Fitness Brasil Bahia<\/a><\/li><li class=\"\"><a href=\"https:\/\/www.fitnessbrasil.com.br\/es\/cursos-eventos\/fbsp\/\">FBSP<\/a><\/li><li class=\"\"><a href=\"https:\/\/www.fitnessbrasil.com.br\/es\/cursos-eventos\/ihrsa-fb-com-elas\/\">IHRSA FB Com Elas<\/a><\/li><li class=\"\"><a href=\"https:\/\/www.fitnessbrasil.com.br\/es\/cursos-eventos\/saindo-do-caos\/\">Saindo do Caos<\/a><\/li><li class=\"\"><a href=\"https:\/\/www.fitnessbrasil.com.br\/es\/cursos-eventos\/ihrsa-fitness-brasil-eventos\/\">IHRSA Fitness Brasil<\/a><\/li><\/ul><\/div>\n\n\n\t\t<\/div>\n\t\t\t\t\t<\/div>\n\n\t\n\n<\/div>\n\n\n\t\t<\/div>\n\n\t\t\n<style>\n#section_1087770888 {\n  padding-top: 0px;\n  padding-bottom: 0px;\n}\n<\/style>\n\t<\/section>\n\t\n<div class=\"row\"  id=\"row-311984243\">\n\n\n\t<div id=\"col-114998890\" class=\"col small-12 large-12\"  >\n\t\t\t\t<div class=\"col-inner\"  >\n\t\t\t\n\t\t\t\n\n\t<div id=\"text-3140288748\" class=\"text\">\n\t\t\n\n<h2>Fitness Brasil Bahia<\/h2>\n\t\t\n<style>\n#text-3140288748 {\n  text-align: center;\n}\n<\/style>\n\t<\/div>\n\t\n<div class=\"row\"  id=\"row-1822148727\">\n\n\n\t<div id=\"col-1051651710\" class=\"col medium-4 small-12 large-4\"  >\n\t\t\t\t<div class=\"col-inner\"  >\n\t\t\t\n\t\t\t\n\n<p>Em mais de 15 edi\u00e7\u00f5es realizadas, a Fitness Brasil Bahia \u00e9 um evento realizado em Salvador, Bahia.<\/p>\n<p>Com a presen\u00e7a de mais de 70 expositores por edi\u00e7\u00e3o, trazendo os maiores e mais atuais lan\u00e7amentos do mercado<\/p>\n\n\t\t<\/div>\n\t\t\t\t\t<\/div>\n\n\t\n\n\t<div id=\"col-611058222\" class=\"col medium-8 small-12 large-8\"  >\n\t\t\t\t<div class=\"col-inner\"  >\n\t\t\t\n\t\t\t\n\n<div class=\"video video-fit mb\" style=\"padding-top:56.25%;\"><div class=\"geodir-embed-container\"><iframe title=\"FITNESS BRASIL BAHIA\" width=\"1020\" height=\"574\" data-src=\"https:\/\/www.youtube.com\/embed\/YrTzTV3QkI4?feature=oembed\" frameborder=\"0\" allow=\"accelerometer; autoplay; clipboard-write; encrypted-media; gyroscope; picture-in-picture\" allowfullscreen src=\"data:image\/svg+xml;base64,PHN2ZyB3aWR0aD0iMSIgaGVpZ2h0PSIxIiB4bWxucz0iaHR0cDovL3d3dy53My5vcmcvMjAwMC9zdmciPjwvc3ZnPg==\" class=\"lazyload\" data-load-mode=\"1\"><\/iframe><\/div><\/div>\n\n<div class=\"row\"  id=\"row-1214469612\">\n\n\n\t<div id=\"col-391873409\" class=\"col medium-6 small-12 large-6\"  >\n\t\t\t\t<div class=\"col-inner\"  >\n\t\t\t\n\t\t\t\n\n<div class=\"video video-fit mb\" style=\"padding-top:56.25%;\"><div class=\"geodir-embed-container\"><iframe title=\"Fitness Brasil Bahia 2014\" width=\"1020\" height=\"574\" data-src=\"https:\/\/www.youtube.com\/embed\/VNNzF9wLp68?feature=oembed\" frameborder=\"0\" allow=\"accelerometer; autoplay; clipboard-write; encrypted-media; gyroscope; picture-in-picture\" allowfullscreen src=\"data:image\/svg+xml;base64,PHN2ZyB3aWR0aD0iMSIgaGVpZ2h0PSIxIiB4bWxucz0iaHR0cDovL3d3dy53My5vcmcvMjAwMC9zdmciPjwvc3ZnPg==\" class=\"lazyload\" data-load-mode=\"1\"><\/iframe><\/div>\n<\/div>\n\n\n\t\t<\/div>\n\t\t\t\t\t<\/div>\n\n\t\n\n\t<div id=\"col-1346349307\" class=\"col medium-6 small-12 large-6\"  >\n\t\t\t\t<div class=\"col-inner\"  >\n\t\t\t\n\t\t\t\n\n<div class=\"video video-fit mb\" style=\"padding-top:56.25%;\"><div class=\"geodir-embed-container\"><iframe title=\"Fitness Brasil Bahia 2013\" width=\"1020\" height=\"574\" data-src=\"https:\/\/www.youtube.com\/embed\/S99S5GcORwI?feature=oembed\" frameborder=\"0\" allow=\"accelerometer; autoplay; clipboard-write; encrypted-media; gyroscope; picture-in-picture\" allowfullscreen src=\"data:image\/svg+xml;base64,PHN2ZyB3aWR0aD0iMSIgaGVpZ2h0PSIxIiB4bWxucz0iaHR0cDovL3d3dy53My5vcmcvMjAwMC9zdmciPjwvc3ZnPg==\" class=\"lazyload\" data-load-mode=\"1\"><\/iframe><\/div>\n<\/div>\n\n\n\t\t<\/div>\n\t\t\t\t\t<\/div>\n\n\t\n\n<\/div>\n\n\t\t<\/div>\n\t\t\t\t\t<\/div>\n\n\t\n\n<\/div>\n\n\t\t<\/div>\n\t\t\t\t\t<\/div>\n\n\t\n\n<\/div>","protected":false},"excerpt":{"rendered":"","protected":false},"author":45,"featured_media":0,"parent":513,"menu_order":0,"comment_status":"closed","ping_status":"closed","template":"page-blank.php","meta":{"_acf_changed":false,"footnotes":""},"folder":[],"class_list":["post-5214","page","type-page","status-publish","hentry"],"acf":[],"yoast_head":"<!-- This site is optimized with the Yoast SEO plugin v27.2 - https:\/\/yoast.com\/product\/yoast-seo-wordpress\/ -->\n<title>Fitness Brasil Bahia - Fitness Brasil<\/title>\n<meta name=\"robots\" content=\"index, follow, max-snippet:-1, max-image-preview:large, max-video-preview:-1\" \/>\n<link rel=\"canonical\" href=\"https:\/\/www.fitnessbrasil.com.br\/es\/cursos-eventos\/fitness-brasil-bahia\/\" \/>\n<meta property=\"og:locale\" content=\"es_ES\" \/>\n<meta property=\"og:type\" content=\"article\" \/>\n<meta property=\"og:title\" content=\"Fitness Brasil Bahia - Fitness Brasil\" \/>\n<meta property=\"og:url\" content=\"https:\/\/www.fitnessbrasil.com.br\/es\/cursos-eventos\/fitness-brasil-bahia\/\" \/>\n<meta property=\"og:site_name\" content=\"Fitness Brasil\" \/>\n<meta property=\"article:modified_time\" content=\"2022-03-14T23:52:55+00:00\" \/>\n<meta name=\"twitter:card\" content=\"summary_large_image\" \/>\n<meta name=\"twitter:label1\" content=\"Tiempo de lectura\" \/>\n\t<meta name=\"twitter:data1\" content=\"1 minuto\" \/>\n<script type=\"application\/ld+json\" class=\"yoast-schema-graph\">{\"@context\":\"https:\/\/schema.org\",\"@graph\":[{\"@type\":\"WebPage\",\"@id\":\"https:\/\/www.fitnessbrasil.com.br\/cursos-eventos\/fitness-brasil-bahia\/\",\"url\":\"https:\/\/www.fitnessbrasil.com.br\/cursos-eventos\/fitness-brasil-bahia\/\",\"name\":\"Fitness Brasil Bahia - Fitness Brasil\",\"isPartOf\":{\"@id\":\"https:\/\/www.fitnessbrasil.com.br\/#website\"},\"datePublished\":\"2022-03-11T00:47:01+00:00\",\"dateModified\":\"2022-03-14T23:52:55+00:00\",\"breadcrumb\":{\"@id\":\"https:\/\/www.fitnessbrasil.com.br\/cursos-eventos\/fitness-brasil-bahia\/#breadcrumb\"},\"inLanguage\":\"es\",\"potentialAction\":[{\"@type\":\"ReadAction\",\"target\":[\"https:\/\/www.fitnessbrasil.com.br\/cursos-eventos\/fitness-brasil-bahia\/\"]}]},{\"@type\":\"BreadcrumbList\",\"@id\":\"https:\/\/www.fitnessbrasil.com.br\/cursos-eventos\/fitness-brasil-bahia\/#breadcrumb\",\"itemListElement\":[{\"@type\":\"ListItem\",\"position\":1,\"name\":\"In\u00edcio\",\"item\":\"https:\/\/www.fitnessbrasil.com.br\/\"},{\"@type\":\"ListItem\",\"position\":2,\"name\":\"Cursos e Eventos\",\"item\":\"https:\/\/www.fitnessbrasil.com.br\/?page_id=513\"},{\"@type\":\"ListItem\",\"position\":3,\"name\":\"Fitness Brasil Bahia\"}]},{\"@type\":\"WebSite\",\"@id\":\"https:\/\/www.fitnessbrasil.com.br\/#website\",\"url\":\"https:\/\/www.fitnessbrasil.com.br\/\",\"name\":\"Fitness Brasil\",\"description\":\"\",\"publisher\":{\"@id\":\"https:\/\/www.fitnessbrasil.com.br\/#organization\"},\"potentialAction\":[{\"@type\":\"SearchAction\",\"target\":{\"@type\":\"EntryPoint\",\"urlTemplate\":\"https:\/\/www.fitnessbrasil.com.br\/?s={search_term_string}\"},\"query-input\":{\"@type\":\"PropertyValueSpecification\",\"valueRequired\":true,\"valueName\":\"search_term_string\"}}],\"inLanguage\":\"es\"},{\"@type\":\"Organization\",\"@id\":\"https:\/\/www.fitnessbrasil.com.br\/#organization\",\"name\":\"Fitness Brasil\",\"url\":\"https:\/\/www.fitnessbrasil.com.br\/\",\"logo\":{\"@type\":\"ImageObject\",\"inLanguage\":\"es\",\"@id\":\"https:\/\/www.fitnessbrasil.com.br\/#\/schema\/logo\/image\/\",\"url\":\"https:\/\/www.fitnessbrasil.com.br\/wp-content\/uploads\/2022\/01\/Logo-Fitness-Brasil_preto-e-cor.png\",\"contentUrl\":\"https:\/\/www.fitnessbrasil.com.br\/wp-content\/uploads\/2022\/01\/Logo-Fitness-Brasil_preto-e-cor.png\",\"width\":593,\"height\":316,\"caption\":\"Fitness Brasil\"},\"image\":{\"@id\":\"https:\/\/www.fitnessbrasil.com.br\/#\/schema\/logo\/image\/\"}}]}<\/script>\n<!-- \/ Yoast SEO plugin. -->","yoast_head_json":{"title":"Fitness Brasil Bahia - Fitness Brasil","robots":{"index":"index","follow":"follow","max-snippet":"max-snippet:-1","max-image-preview":"max-image-preview:large","max-video-preview":"max-video-preview:-1"},"canonical":"https:\/\/www.fitnessbrasil.com.br\/es\/cursos-eventos\/fitness-brasil-bahia\/","og_locale":"es_ES","og_type":"article","og_title":"Fitness Brasil Bahia - Fitness Brasil","og_url":"https:\/\/www.fitnessbrasil.com.br\/es\/cursos-eventos\/fitness-brasil-bahia\/","og_site_name":"Fitness Brasil","article_modified_time":"2022-03-14T23:52:55+00:00","twitter_card":"summary_large_image","twitter_misc":{"Tiempo de lectura":"1 minuto"},"schema":{"@context":"https:\/\/schema.org","@graph":[{"@type":"WebPage","@id":"https:\/\/www.fitnessbrasil.com.br\/cursos-eventos\/fitness-brasil-bahia\/","url":"https:\/\/www.fitnessbrasil.com.br\/cursos-eventos\/fitness-brasil-bahia\/","name":"Fitness Brasil Bahia - Fitness Brasil","isPartOf":{"@id":"https:\/\/www.fitnessbrasil.com.br\/#website"},"datePublished":"2022-03-11T00:47:01+00:00","dateModified":"2022-03-14T23:52:55+00:00","breadcrumb":{"@id":"https:\/\/www.fitnessbrasil.com.br\/cursos-eventos\/fitness-brasil-bahia\/#breadcrumb"},"inLanguage":"es","potentialAction":[{"@type":"ReadAction","target":["https:\/\/www.fitnessbrasil.com.br\/cursos-eventos\/fitness-brasil-bahia\/"]}]},{"@type":"BreadcrumbList","@id":"https:\/\/www.fitnessbrasil.com.br\/cursos-eventos\/fitness-brasil-bahia\/#breadcrumb","itemListElement":[{"@type":"ListItem","position":1,"name":"In\u00edcio","item":"https:\/\/www.fitnessbrasil.com.br\/"},{"@type":"ListItem","position":2,"name":"Cursos e Eventos","item":"https:\/\/www.fitnessbrasil.com.br\/?page_id=513"},{"@type":"ListItem","position":3,"name":"Fitness Brasil Bahia"}]},{"@type":"WebSite","@id":"https:\/\/www.fitnessbrasil.com.br\/#website","url":"https:\/\/www.fitnessbrasil.com.br\/","name":"Fitness Brasil","description":"","publisher":{"@id":"https:\/\/www.fitnessbrasil.com.br\/#organization"},"potentialAction":[{"@type":"SearchAction","target":{"@type":"EntryPoint","urlTemplate":"https:\/\/www.fitnessbrasil.com.br\/?s={search_term_string}"},"query-input":{"@type":"PropertyValueSpecification","valueRequired":true,"valueName":"search_term_string"}}],"inLanguage":"es"},{"@type":"Organization","@id":"https:\/\/www.fitnessbrasil.com.br\/#organization","name":"Fitness Brasil","url":"https:\/\/www.fitnessbrasil.com.br\/","logo":{"@type":"ImageObject","inLanguage":"es","@id":"https:\/\/www.fitnessbrasil.com.br\/#\/schema\/logo\/image\/","url":"https:\/\/www.fitnessbrasil.com.br\/wp-content\/uploads\/2022\/01\/Logo-Fitness-Brasil_preto-e-cor.png","contentUrl":"https:\/\/www.fitnessbrasil.com.br\/wp-content\/uploads\/2022\/01\/Logo-Fitness-Brasil_preto-e-cor.png","width":593,"height":316,"caption":"Fitness Brasil"},"image":{"@id":"https:\/\/www.fitnessbrasil.com.br\/#\/schema\/logo\/image\/"}}]}},"_links":{"self":[{"href":"https:\/\/www.fitnessbrasil.com.br\/es\/wp-json\/wp\/v2\/pages\/5214","targetHints":{"allow":["GET"]}}],"collection":[{"href":"https:\/\/www.fitnessbrasil.com.br\/es\/wp-json\/wp\/v2\/pages"}],"about":[{"href":"https:\/\/www.fitnessbrasil.com.br\/es\/wp-json\/wp\/v2\/types\/page"}],"author":[{"embeddable":true,"href":"https:\/\/www.fitnessbrasil.com.br\/es\/wp-json\/wp\/v2\/users\/45"}],"replies":[{"embeddable":true,"href":"https:\/\/www.fitnessbrasil.com.br\/es\/wp-json\/wp\/v2\/comments?post=5214"}],"version-history":[{"count":6,"href":"https:\/\/www.fitnessbrasil.com.br\/es\/wp-json\/wp\/v2\/pages\/5214\/revisions"}],"predecessor-version":[{"id":5257,"href":"https:\/\/www.fitnessbrasil.com.br\/es\/wp-json\/wp\/v2\/pages\/5214\/revisions\/5257"}],"up":[{"embeddable":true,"href":"https:\/\/www.fitnessbrasil.com.br\/es\/wp-json\/wp\/v2\/pages\/513"}],"wp:attachment":[{"href":"https:\/\/www.fitnessbrasil.com.br\/es\/wp-json\/wp\/v2\/media?parent=5214"}],"wp:term":[{"taxonomy":"folder","embeddable":true,"href":"https:\/\/www.fitnessbrasil.com.br\/es\/wp-json\/wp\/v2\/folder?post=5214"}],"curies":[{"name":"wp","href":"https:\/\/api.w.org\/{rel}","templated":true}]}}