{"id":5221,"date":"2022-03-10T21:41:34","date_gmt":"2022-03-11T00:41:34","guid":{"rendered":"https:\/\/www.fitnessbrasil.com.br\/?page_id=5221"},"modified":"2022-03-10T21:45:18","modified_gmt":"2022-03-11T00:45:18","slug":"ihrsa-fb-com-elas","status":"publish","type":"page","link":"https:\/\/www.fitnessbrasil.com.br\/es\/cursos-eventos\/ihrsa-fb-com-elas\/","title":{"rendered":"IHRSA FB Com Elas"},"content":{"rendered":"<section class=\"section\" id=\"section_1135252753\">\n\t\t<div class=\"section-bg fill\" >\n\t\t\t\t\t\t\t\t\t\n\t\t\t\n\n\t\t<\/div>\n\n\t\t\n\n\t\t<div class=\"section-content relative\">\n\t\t\t\n\n\t<div id=\"gap-1116709853\" class=\"gap-element clearfix\" style=\"display:block; height:auto;\">\n\t\t\n<style>\n#gap-1116709853 {\n  padding-top: 30px;\n}\n<\/style>\n\t<\/div>\n\t\n\n\t<div id=\"text-3806670625\" class=\"text\">\n\t\t\n\n<h1 class=\"alt-font\">CURSOS E EVENTOS<\/h1>\n\t\t\n<style>\n#text-3806670625 {\n  font-size: 2rem;\n  text-align: center;\n  color: #17c3b2;\n}\n#text-3806670625 > * {\n  color: #17c3b2;\n}\n<\/style>\n\t<\/div>\n\t\n<div class=\"row row-full-width\"  id=\"row-1245427789\">\n\n\n\t<div id=\"col-100623952\" class=\"col small-12 large-12\"  >\n\t\t\t\t<div class=\"col-inner\"  >\n\t\t\t\n\t<div class=\"is-border\"\n\t\tstyle=\"border-color:rgb(221, 221, 221);border-width:2px 0px 2px 0px;\">\n\t<\/div>\n\t\t\t\n\n<div class=\"nav-wrapper\"><ul class=\"nav menu-news nav-uppercase nav-horizontal nav-line-bottom text-center nav-center\"><li class=\"\"><a href=\"https:\/\/www.fitnessbrasil.com.br\/es\/cursos-eventos\/fitness-brasil-bahia\/\">Fitness Brasil Bahia<\/a><\/li><li class=\"\"><a href=\"https:\/\/www.fitnessbrasil.com.br\/es\/cursos-eventos\/fbsp\/\">FBSP<\/a><\/li><li class=\"active\"><a href=\"https:\/\/www.fitnessbrasil.com.br\/es\/cursos-eventos\/ihrsa-fb-com-elas\/\">IHRSA FB Com Elas<\/a><\/li><li class=\"\"><a href=\"https:\/\/www.fitnessbrasil.com.br\/es\/cursos-eventos\/saindo-do-caos\/\">Saindo do Caos<\/a><\/li><li class=\"\"><a href=\"https:\/\/www.fitnessbrasil.com.br\/es\/cursos-eventos\/ihrsa-fitness-brasil-eventos\/\">IHRSA Fitness Brasil<\/a><\/li><\/ul><\/div>\n\n\n\t\t<\/div>\n\t\t\t\t\t<\/div>\n\n\t\n\n<\/div>\n\n\n\t\t<\/div>\n\n\t\t\n<style>\n#section_1135252753 {\n  padding-top: 0px;\n  padding-bottom: 0px;\n}\n<\/style>\n\t<\/section>\n\t\n<div class=\"row\"  id=\"row-1827270251\">\n\n\n\t<div id=\"col-1197988790\" class=\"col small-12 large-12\"  >\n\t\t\t\t<div class=\"col-inner\"  >\n\t\t\t\n\t\t\t\n\n\t<div id=\"text-1994840956\" class=\"text\">\n\t\t\n\n<h2>IHRSA FB com Elas<\/h2>\n\t\t\n<style>\n#text-1994840956 {\n  text-align: center;\n}\n<\/style>\n\t<\/div>\n\t\n\t<div class=\"box has-hover   has-hover box-text-bottom\" >\n\n\t\t<div class=\"box-image\" >\n\t\t\t\t\t\t<div class=\"\" >\n\t\t\t\t<img decoding=\"async\" width=\"1080\" height=\"350\" data-src=\"https:\/\/www.fitnessbrasil.com.br\/wp-content\/uploads\/2021\/12\/FB-com-elas_principal.jpg\" class=\"attachment- size- lazyload\" alt=\"\" data-srcset=\"https:\/\/www.fitnessbrasil.com.br\/wp-content\/uploads\/2021\/12\/FB-com-elas_principal.jpg 1080w, https:\/\/www.fitnessbrasil.com.br\/wp-content\/uploads\/2021\/12\/FB-com-elas_principal-800x259.jpg 800w, https:\/\/www.fitnessbrasil.com.br\/wp-content\/uploads\/2021\/12\/FB-com-elas_principal-768x249.jpg 768w\" data-sizes=\"(max-width: 1080px) 100vw, 1080px\" src=\"data:image\/svg+xml;base64,PHN2ZyB3aWR0aD0iMSIgaGVpZ2h0PSIxIiB4bWxucz0iaHR0cDovL3d3dy53My5vcmcvMjAwMC9zdmciPjwvc3ZnPg==\" style=\"--smush-placeholder-width: 1080px; --smush-placeholder-aspect-ratio: 1080\/350;\" \/>\t\t\t\t\t\t\t\t\t\t\t<\/div>\n\t\t\t\t\t<\/div>\n\n\t\t<div class=\"box-text text-center\" >\n\t\t\t<div class=\"box-text-inner\">\n\t\t\t\t\n\n<a href=\"https:\/\/sun.eduzz.com\/916496\" class=\"button primary is-outline is-large\"  >\n\t\t<span>comprar curso<\/span>\n\t<\/a>\n\n\n\n\t\t\t<\/div>\n\t\t<\/div>\n\t<\/div>\n\t\n<p style=\"text-align: left;\">Nesse encontro incr\u00edvel 100% virtual, reunimos as melhores profissionais do mercado para dividirem seus conhecimentos com a gente sobre gest\u00e3o, lideran\u00e7a, inova\u00e7\u00e3o, tend\u00eancias, vendas e muitos outros temas relevantes para o seu neg\u00f3cio prosperar e superar os tempos t\u00e3o incertos e complexos que estamos vivendo.<\/p>\n<p>\u00a0<\/p>\n<p style=\"text-align: left;\"><strong>CRONOGRAMA<\/strong><\/p>\n<p style=\"text-align: left;\"><strong>Anastasia Yusina<\/strong> &#8211; Minha jornada no Fitness &#8211; Sucessos e fracassos<\/p>\n<p style=\"text-align: left;\"><strong>Thaiz Rodrigues<\/strong> &#8211; Metodologia \u00c1gil &#8211; Transforma\u00e7\u00e3o para voc\u00ea, seu time e seus projetos!<\/p>\n<p style=\"text-align: left;\"><strong>Ivete Gama<\/strong> &#8211; Segredos do marketing geolocalizado &#8211; Aprenda na pr\u00e1tica como construir o seu plano de marketing anual<\/p>\n<p style=\"text-align: left;\"><strong>Cida Conti<\/strong> &#8211; De professora de step \u00e0 empres\u00e1ria de sucesso<\/p>\n<p style=\"text-align: left;\"><strong>Carol Ghorayeb<\/strong> &#8211; Gest\u00e3o da Experi\u00eancia<\/p>\n<p style=\"text-align: left;\"><strong>Ana Paula Oliveira e Priscilla Almeida<\/strong> &#8211; Empreendedorismo de sucesso com Gympass e Ride State<\/p>\n<p style=\"text-align: left;\"><strong>Cris Santos<\/strong> &#8211; Recrutamento e sele\u00e7\u00e3o em tempos de pandemia<\/p>\n<p style=\"text-align: left;\"><strong>M\u00f4nica Tagliari<\/strong> &#8211; O futuro das coletivas no Fitness<\/p>\n<p style=\"text-align: left;\"><strong>Fl\u00e1via Brunoro<\/strong> &#8211; SOFTSKILLS &#8211; Um novo caminho para potencializar sua carreira<\/p>\n<p style=\"text-align: left;\"><strong>Mariela Villar<\/strong> &#8211; A import\u00e2ncia de internacionalizar uma empresa<\/p>\n<p style=\"text-align: left;\"><strong>Patricia Totaro<\/strong> &#8211; A constru\u00e7\u00e3o da experi\u00eancia do cliente atrav\u00e9s da Arquitetura<\/p>\n<p style=\"text-align: left;\"><strong>Dra. Ana Helena A. Figueiredo<\/strong> &#8211; Medicina no estilo de vida<\/p>\n<p style=\"text-align: left;\"><strong>Alessandra e Renata Gailey<\/strong> &#8211; Modelos de neg\u00f3cio na \u00e1rea de Fitness<\/p>\n<p style=\"text-align: left;\"><strong>Noara Pozzer<\/strong> &#8211; EMPLOYER BRANDING &#8211; Sua marca al\u00e9m do convencional<\/p>\n<p style=\"text-align: left;\"><strong>Roberta Durigon<\/strong> &#8211; Toda crise passa, mas \u00e9 preciso ficar atento aos efeitos jur\u00eddicos dos atos que est\u00e3o sendo praticados durante a pandemia<\/p>\n<p style=\"text-align: left;\"><strong>Andrea Vidal<\/strong> &#8211; Como implantar pr\u00e1ticas de treinamento e desenvolvimento na sua empresa em 5 passos<\/p>\n<p style=\"text-align: left;\"><strong>Cau Saad e Fabiana Oliveira<\/strong> &#8211; Protagonismo feminino no mercado fitness e de eletroestimula\u00e7\u00e3o (EMS)<\/p>\n<p style=\"text-align: left;\"><strong>Patricia Lobato<\/strong> &#8211; Equipe desengajada&#8230; Causa ou efeito? Transforme sua realidade atrav\u00e9s dos processos<\/p>\n\n\t\t<\/div>\n\t\t\t\t\t<\/div>\n\n\t\n\n<\/div>","protected":false},"excerpt":{"rendered":"","protected":false},"author":45,"featured_media":0,"parent":513,"menu_order":0,"comment_status":"closed","ping_status":"closed","template":"page-blank.php","meta":{"_acf_changed":false,"footnotes":""},"folder":[],"class_list":["post-5221","page","type-page","status-publish","hentry"],"acf":[],"yoast_head":"<!-- This site is optimized with the Yoast SEO plugin v27.2 - https:\/\/yoast.com\/product\/yoast-seo-wordpress\/ -->\n<title>IHRSA FB Com Elas - Fitness Brasil<\/title>\n<meta name=\"robots\" content=\"index, follow, max-snippet:-1, max-image-preview:large, max-video-preview:-1\" \/>\n<link rel=\"canonical\" href=\"https:\/\/www.fitnessbrasil.com.br\/es\/cursos-eventos\/ihrsa-fb-com-elas\/\" \/>\n<meta property=\"og:locale\" content=\"es_ES\" \/>\n<meta property=\"og:type\" content=\"article\" \/>\n<meta property=\"og:title\" content=\"IHRSA FB Com Elas - Fitness Brasil\" \/>\n<meta property=\"og:url\" content=\"https:\/\/www.fitnessbrasil.com.br\/es\/cursos-eventos\/ihrsa-fb-com-elas\/\" \/>\n<meta property=\"og:site_name\" content=\"Fitness Brasil\" \/>\n<meta property=\"article:modified_time\" content=\"2022-03-11T00:45:18+00:00\" \/>\n<meta name=\"twitter:card\" content=\"summary_large_image\" \/>\n<meta name=\"twitter:label1\" content=\"Tiempo de lectura\" \/>\n\t<meta name=\"twitter:data1\" content=\"2 minutos\" \/>\n<script type=\"application\/ld+json\" class=\"yoast-schema-graph\">{\"@context\":\"https:\/\/schema.org\",\"@graph\":[{\"@type\":\"WebPage\",\"@id\":\"https:\/\/www.fitnessbrasil.com.br\/cursos-eventos\/ihrsa-fb-com-elas\/\",\"url\":\"https:\/\/www.fitnessbrasil.com.br\/cursos-eventos\/ihrsa-fb-com-elas\/\",\"name\":\"IHRSA FB Com Elas - Fitness Brasil\",\"isPartOf\":{\"@id\":\"https:\/\/www.fitnessbrasil.com.br\/#website\"},\"datePublished\":\"2022-03-11T00:41:34+00:00\",\"dateModified\":\"2022-03-11T00:45:18+00:00\",\"breadcrumb\":{\"@id\":\"https:\/\/www.fitnessbrasil.com.br\/cursos-eventos\/ihrsa-fb-com-elas\/#breadcrumb\"},\"inLanguage\":\"es\",\"potentialAction\":[{\"@type\":\"ReadAction\",\"target\":[\"https:\/\/www.fitnessbrasil.com.br\/cursos-eventos\/ihrsa-fb-com-elas\/\"]}]},{\"@type\":\"BreadcrumbList\",\"@id\":\"https:\/\/www.fitnessbrasil.com.br\/cursos-eventos\/ihrsa-fb-com-elas\/#breadcrumb\",\"itemListElement\":[{\"@type\":\"ListItem\",\"position\":1,\"name\":\"In\u00edcio\",\"item\":\"https:\/\/www.fitnessbrasil.com.br\/\"},{\"@type\":\"ListItem\",\"position\":2,\"name\":\"Cursos e Eventos\",\"item\":\"https:\/\/www.fitnessbrasil.com.br\/?page_id=513\"},{\"@type\":\"ListItem\",\"position\":3,\"name\":\"IHRSA FB Com Elas\"}]},{\"@type\":\"WebSite\",\"@id\":\"https:\/\/www.fitnessbrasil.com.br\/#website\",\"url\":\"https:\/\/www.fitnessbrasil.com.br\/\",\"name\":\"Fitness Brasil\",\"description\":\"\",\"publisher\":{\"@id\":\"https:\/\/www.fitnessbrasil.com.br\/#organization\"},\"potentialAction\":[{\"@type\":\"SearchAction\",\"target\":{\"@type\":\"EntryPoint\",\"urlTemplate\":\"https:\/\/www.fitnessbrasil.com.br\/?s={search_term_string}\"},\"query-input\":{\"@type\":\"PropertyValueSpecification\",\"valueRequired\":true,\"valueName\":\"search_term_string\"}}],\"inLanguage\":\"es\"},{\"@type\":\"Organization\",\"@id\":\"https:\/\/www.fitnessbrasil.com.br\/#organization\",\"name\":\"Fitness Brasil\",\"url\":\"https:\/\/www.fitnessbrasil.com.br\/\",\"logo\":{\"@type\":\"ImageObject\",\"inLanguage\":\"es\",\"@id\":\"https:\/\/www.fitnessbrasil.com.br\/#\/schema\/logo\/image\/\",\"url\":\"https:\/\/www.fitnessbrasil.com.br\/wp-content\/uploads\/2022\/01\/Logo-Fitness-Brasil_preto-e-cor.png\",\"contentUrl\":\"https:\/\/www.fitnessbrasil.com.br\/wp-content\/uploads\/2022\/01\/Logo-Fitness-Brasil_preto-e-cor.png\",\"width\":593,\"height\":316,\"caption\":\"Fitness Brasil\"},\"image\":{\"@id\":\"https:\/\/www.fitnessbrasil.com.br\/#\/schema\/logo\/image\/\"}}]}<\/script>\n<!-- \/ Yoast SEO plugin. -->","yoast_head_json":{"title":"IHRSA FB Com Elas - Fitness Brasil","robots":{"index":"index","follow":"follow","max-snippet":"max-snippet:-1","max-image-preview":"max-image-preview:large","max-video-preview":"max-video-preview:-1"},"canonical":"https:\/\/www.fitnessbrasil.com.br\/es\/cursos-eventos\/ihrsa-fb-com-elas\/","og_locale":"es_ES","og_type":"article","og_title":"IHRSA FB Com Elas - Fitness Brasil","og_url":"https:\/\/www.fitnessbrasil.com.br\/es\/cursos-eventos\/ihrsa-fb-com-elas\/","og_site_name":"Fitness Brasil","article_modified_time":"2022-03-11T00:45:18+00:00","twitter_card":"summary_large_image","twitter_misc":{"Tiempo de lectura":"2 minutos"},"schema":{"@context":"https:\/\/schema.org","@graph":[{"@type":"WebPage","@id":"https:\/\/www.fitnessbrasil.com.br\/cursos-eventos\/ihrsa-fb-com-elas\/","url":"https:\/\/www.fitnessbrasil.com.br\/cursos-eventos\/ihrsa-fb-com-elas\/","name":"IHRSA FB Com Elas - Fitness Brasil","isPartOf":{"@id":"https:\/\/www.fitnessbrasil.com.br\/#website"},"datePublished":"2022-03-11T00:41:34+00:00","dateModified":"2022-03-11T00:45:18+00:00","breadcrumb":{"@id":"https:\/\/www.fitnessbrasil.com.br\/cursos-eventos\/ihrsa-fb-com-elas\/#breadcrumb"},"inLanguage":"es","potentialAction":[{"@type":"ReadAction","target":["https:\/\/www.fitnessbrasil.com.br\/cursos-eventos\/ihrsa-fb-com-elas\/"]}]},{"@type":"BreadcrumbList","@id":"https:\/\/www.fitnessbrasil.com.br\/cursos-eventos\/ihrsa-fb-com-elas\/#breadcrumb","itemListElement":[{"@type":"ListItem","position":1,"name":"In\u00edcio","item":"https:\/\/www.fitnessbrasil.com.br\/"},{"@type":"ListItem","position":2,"name":"Cursos e Eventos","item":"https:\/\/www.fitnessbrasil.com.br\/?page_id=513"},{"@type":"ListItem","position":3,"name":"IHRSA FB Com Elas"}]},{"@type":"WebSite","@id":"https:\/\/www.fitnessbrasil.com.br\/#website","url":"https:\/\/www.fitnessbrasil.com.br\/","name":"Fitness Brasil","description":"","publisher":{"@id":"https:\/\/www.fitnessbrasil.com.br\/#organization"},"potentialAction":[{"@type":"SearchAction","target":{"@type":"EntryPoint","urlTemplate":"https:\/\/www.fitnessbrasil.com.br\/?s={search_term_string}"},"query-input":{"@type":"PropertyValueSpecification","valueRequired":true,"valueName":"search_term_string"}}],"inLanguage":"es"},{"@type":"Organization","@id":"https:\/\/www.fitnessbrasil.com.br\/#organization","name":"Fitness Brasil","url":"https:\/\/www.fitnessbrasil.com.br\/","logo":{"@type":"ImageObject","inLanguage":"es","@id":"https:\/\/www.fitnessbrasil.com.br\/#\/schema\/logo\/image\/","url":"https:\/\/www.fitnessbrasil.com.br\/wp-content\/uploads\/2022\/01\/Logo-Fitness-Brasil_preto-e-cor.png","contentUrl":"https:\/\/www.fitnessbrasil.com.br\/wp-content\/uploads\/2022\/01\/Logo-Fitness-Brasil_preto-e-cor.png","width":593,"height":316,"caption":"Fitness Brasil"},"image":{"@id":"https:\/\/www.fitnessbrasil.com.br\/#\/schema\/logo\/image\/"}}]}},"_links":{"self":[{"href":"https:\/\/www.fitnessbrasil.com.br\/es\/wp-json\/wp\/v2\/pages\/5221","targetHints":{"allow":["GET"]}}],"collection":[{"href":"https:\/\/www.fitnessbrasil.com.br\/es\/wp-json\/wp\/v2\/pages"}],"about":[{"href":"https:\/\/www.fitnessbrasil.com.br\/es\/wp-json\/wp\/v2\/types\/page"}],"author":[{"embeddable":true,"href":"https:\/\/www.fitnessbrasil.com.br\/es\/wp-json\/wp\/v2\/users\/45"}],"replies":[{"embeddable":true,"href":"https:\/\/www.fitnessbrasil.com.br\/es\/wp-json\/wp\/v2\/comments?post=5221"}],"version-history":[{"count":2,"href":"https:\/\/www.fitnessbrasil.com.br\/es\/wp-json\/wp\/v2\/pages\/5221\/revisions"}],"predecessor-version":[{"id":5223,"href":"https:\/\/www.fitnessbrasil.com.br\/es\/wp-json\/wp\/v2\/pages\/5221\/revisions\/5223"}],"up":[{"embeddable":true,"href":"https:\/\/www.fitnessbrasil.com.br\/es\/wp-json\/wp\/v2\/pages\/513"}],"wp:attachment":[{"href":"https:\/\/www.fitnessbrasil.com.br\/es\/wp-json\/wp\/v2\/media?parent=5221"}],"wp:term":[{"taxonomy":"folder","embeddable":true,"href":"https:\/\/www.fitnessbrasil.com.br\/es\/wp-json\/wp\/v2\/folder?post=5221"}],"curies":[{"name":"wp","href":"https:\/\/api.w.org\/{rel}","templated":true}]}}