{"id":5226,"date":"2022-03-10T21:46:39","date_gmt":"2022-03-11T00:46:39","guid":{"rendered":"https:\/\/www.fitnessbrasil.com.br\/?page_id=5226"},"modified":"2022-03-10T21:49:23","modified_gmt":"2022-03-11T00:49:23","slug":"saindo-do-caos","status":"publish","type":"page","link":"https:\/\/www.fitnessbrasil.com.br\/es\/cursos-eventos\/saindo-do-caos\/","title":{"rendered":"Saindo do Caos"},"content":{"rendered":"<section class=\"section\" id=\"section_427643562\">\n\t\t<div class=\"section-bg fill\" >\n\t\t\t\t\t\t\t\t\t\n\t\t\t\n\n\t\t<\/div>\n\n\t\t\n\n\t\t<div class=\"section-content relative\">\n\t\t\t\n\n\t<div id=\"gap-1429299188\" class=\"gap-element clearfix\" style=\"display:block; height:auto;\">\n\t\t\n<style>\n#gap-1429299188 {\n  padding-top: 30px;\n}\n<\/style>\n\t<\/div>\n\t\n\n\t<div id=\"text-2517862652\" class=\"text\">\n\t\t\n\n<h1 class=\"alt-font\">CURSOS E EVENTOS<\/h1>\n\t\t\n<style>\n#text-2517862652 {\n  font-size: 2rem;\n  text-align: center;\n  color: #17c3b2;\n}\n#text-2517862652 > * {\n  color: #17c3b2;\n}\n<\/style>\n\t<\/div>\n\t\n<div class=\"row row-full-width\"  id=\"row-1923484618\">\n\n\n\t<div id=\"col-237012061\" class=\"col small-12 large-12\"  >\n\t\t\t\t<div class=\"col-inner\"  >\n\t\t\t\n\t<div class=\"is-border\"\n\t\tstyle=\"border-color:rgb(221, 221, 221);border-width:2px 0px 2px 0px;\">\n\t<\/div>\n\t\t\t\n\n<div class=\"nav-wrapper\"><ul class=\"nav menu-news nav-uppercase nav-horizontal nav-line-bottom text-center nav-center\"><li class=\"\"><a href=\"https:\/\/www.fitnessbrasil.com.br\/es\/cursos-eventos\/fitness-brasil-bahia\/\">Fitness Brasil Bahia<\/a><\/li><li class=\"\"><a href=\"https:\/\/www.fitnessbrasil.com.br\/es\/cursos-eventos\/fbsp\/\">FBSP<\/a><\/li><li class=\"\"><a href=\"https:\/\/www.fitnessbrasil.com.br\/es\/cursos-eventos\/ihrsa-fb-com-elas\/\">IHRSA FB Com Elas<\/a><\/li><li class=\"active\"><a href=\"https:\/\/www.fitnessbrasil.com.br\/es\/cursos-eventos\/saindo-do-caos\/\">Saindo do Caos<\/a><\/li><li class=\"\"><a href=\"https:\/\/www.fitnessbrasil.com.br\/es\/cursos-eventos\/ihrsa-fitness-brasil-eventos\/\">IHRSA Fitness Brasil<\/a><\/li><\/ul><\/div>\n\n\n\t\t<\/div>\n\t\t\t\t\t<\/div>\n\n\t\n\n<\/div>\n\n\n\t\t<\/div>\n\n\t\t\n<style>\n#section_427643562 {\n  padding-top: 0px;\n  padding-bottom: 0px;\n}\n<\/style>\n\t<\/section>\n\t\n<div class=\"row\"  id=\"row-1756575922\">\n\n\n\t<div id=\"col-1274567518\" class=\"col small-12 large-12\"  >\n\t\t\t\t<div class=\"col-inner\"  >\n\t\t\t\n\t\t\t\n\n\t<div id=\"text-2875143390\" class=\"text\">\n\t\t\n\n<h2>Saindo do Caos<\/h2>\n\t\t\n<style>\n#text-2875143390 {\n  text-align: center;\n}\n<\/style>\n\t<\/div>\n\t\n\t<div class=\"box has-hover   has-hover box-text-bottom\" >\n\n\t\t<div class=\"box-image\" >\n\t\t\t\t\t\t<div class=\"\" >\n\t\t\t\t<img decoding=\"async\" width=\"1080\" height=\"350\" data-src=\"https:\/\/www.fitnessbrasil.com.br\/wp-content\/uploads\/2021\/12\/Saindo-do-caos_principal.jpg\" class=\"attachment- size- lazyload\" alt=\"\" data-srcset=\"https:\/\/www.fitnessbrasil.com.br\/wp-content\/uploads\/2021\/12\/Saindo-do-caos_principal.jpg 1080w, https:\/\/www.fitnessbrasil.com.br\/wp-content\/uploads\/2021\/12\/Saindo-do-caos_principal-800x259.jpg 800w, https:\/\/www.fitnessbrasil.com.br\/wp-content\/uploads\/2021\/12\/Saindo-do-caos_principal-768x249.jpg 768w\" data-sizes=\"(max-width: 1080px) 100vw, 1080px\" src=\"data:image\/svg+xml;base64,PHN2ZyB3aWR0aD0iMSIgaGVpZ2h0PSIxIiB4bWxucz0iaHR0cDovL3d3dy53My5vcmcvMjAwMC9zdmciPjwvc3ZnPg==\" style=\"--smush-placeholder-width: 1080px; --smush-placeholder-aspect-ratio: 1080\/350;\" \/>\t\t\t\t\t\t\t\t\t\t\t<\/div>\n\t\t\t\t\t<\/div>\n\n\t\t<div class=\"box-text text-center\" >\n\t\t\t<div class=\"box-text-inner\">\n\t\t\t\t\n\n<a href=\"https:\/\/sun.eduzz.com\/901339\" class=\"button primary is-outline is-large\"  >\n\t\t<span>comprar curso<\/span>\n\t<\/a>\n\n\n<h4 style=\"text-align: left;\">SAINDO DO CAOS: DA SOBREVIV\u00caNCIA \u00c0 RETOMADA<\/h4>\n<p style=\"text-align: left;\">Um curso online desenvolvido para ensinar O QU\u00ca e COMO fazer. Contemplando temas como Finan\u00e7as, Marketing, RH, Jur\u00eddico e Vendas, foi ministrado por um corpo docente criteriosamente selecionado.<br \/>Atrav\u00e9s de aulas expositivas, oficinas, pain\u00e9is tira d\u00favidas e mesas redondas, o curso ocorreu de forma ao vivo e com intera\u00e7\u00f5es em tempo real;<br \/>100% da Receita L\u00edquida de inscri\u00e7\u00f5es est\u00e1 sendo revertida ao Projeto Talentos do Cap\u00e3o<\/p>\n<p>&nbsp;<\/p>\n<p style=\"text-align: left;\"><strong>CRONOGRAMA<\/strong><\/p>\n<p style=\"text-align: left;\"><strong>Cleverson Costa &#8211;<\/strong> Reconquistando a Confian\u00e7a<br \/><strong>Carol Ghorayeb e Karina Bernini &#8211;<\/strong> Humaniza\u00e7\u00e3o da Experi\u00eancia<br \/><strong>Patricia Totaro, Carol Ghorayeb, Karina Bernini e Marco Corradi &#8211;<\/strong> A Nova Experi\u00eancia<br \/><strong>Alessandro Mendes<\/strong> &#8211; Oficina de Marketing Estrat\u00e9gico &#8211; Posicionamento e Diferencia\u00e7\u00e3o, a nova era da competi\u00e7\u00e3o<br \/><strong>Carlinhos Calif\u00f3rnia, Alessandro Mendes e L\u00e9o Cabral &#8211;<\/strong> Pr\u00f3ximos passos<br \/><strong>Ailton Mendes, Daniel Figueiredo e Richard Bilton&nbsp;&#8211;<\/strong> Mesa Redonda ACAD<br \/><strong>Tib\u00e9rio Lemes &#8211;<\/strong> Digital 360\u00ba &#8211; Funis pr\u00e1ticos para vender nas redes sociais e no Google<br \/><strong>Alexandre Greco, Tib\u00e9rio Lemes e Marco Corradi &#8211;<\/strong> Os novos desafios da revolu\u00e7\u00e3o digital<br \/><strong>Luis Amoroso &#8211;<\/strong> SOS ACADEMIA &#8211; Como sobreviver ao inc\u00eandio no caixa<\/p>\n<p style=\"text-align: left;\"><strong>Andrea Vidal &#8211;<\/strong> RH &#8211; As novas prioridades e tend\u00eancias P\u00f3s-Covid<br \/><strong>Giancarlo Oliveira &#8211;<\/strong> GERE &#8211; Gest\u00e3o da Retomada em vendas<br \/><strong>Guillermo V\u00e9lez e Marco Corradi<\/strong> &#8211; Comportamento do mercado Latino Americano<br \/><strong>Ray Algar &#8211;<\/strong> Estrat\u00e9gia p\u00f3s pandemia<br \/><strong>Paulo Jaouiche<\/strong> &#8211; Decis\u00f5es Seguras de Gest\u00e3o &#8211; Trabalhista e LGPD<br \/><strong>Murilo Guerra e F\u00e1bio Saba &#8211;<\/strong> Mantendo a confian\u00e7a &#8211; Muito acima da m\u00e9dia!<\/p>\n\n\t\t\t<\/div>\n\t\t<\/div>\n\t<\/div>\n\t\n\n\t\t<\/div>\n\t\t\t\t\t<\/div>\n\n\t\n\n<\/div>","protected":false},"excerpt":{"rendered":"","protected":false},"author":45,"featured_media":0,"parent":513,"menu_order":0,"comment_status":"closed","ping_status":"closed","template":"page-blank.php","meta":{"_acf_changed":false,"footnotes":""},"folder":[],"class_list":["post-5226","page","type-page","status-publish","hentry"],"acf":[],"yoast_head":"<!-- This site is optimized with the Yoast SEO plugin v27.2 - https:\/\/yoast.com\/product\/yoast-seo-wordpress\/ -->\n<title>Saindo do Caos - Fitness Brasil<\/title>\n<meta name=\"robots\" content=\"index, follow, max-snippet:-1, max-image-preview:large, max-video-preview:-1\" \/>\n<link rel=\"canonical\" href=\"https:\/\/www.fitnessbrasil.com.br\/es\/cursos-eventos\/saindo-do-caos\/\" \/>\n<meta property=\"og:locale\" content=\"es_ES\" \/>\n<meta property=\"og:type\" content=\"article\" \/>\n<meta property=\"og:title\" content=\"Saindo do Caos - Fitness Brasil\" \/>\n<meta property=\"og:url\" content=\"https:\/\/www.fitnessbrasil.com.br\/es\/cursos-eventos\/saindo-do-caos\/\" \/>\n<meta property=\"og:site_name\" content=\"Fitness Brasil\" \/>\n<meta property=\"article:modified_time\" content=\"2022-03-11T00:49:23+00:00\" \/>\n<meta name=\"twitter:card\" content=\"summary_large_image\" \/>\n<meta name=\"twitter:label1\" content=\"Tiempo de lectura\" \/>\n\t<meta name=\"twitter:data1\" content=\"2 minutos\" \/>\n<script type=\"application\/ld+json\" class=\"yoast-schema-graph\">{\"@context\":\"https:\/\/schema.org\",\"@graph\":[{\"@type\":\"WebPage\",\"@id\":\"https:\/\/www.fitnessbrasil.com.br\/cursos-eventos\/saindo-do-caos\/\",\"url\":\"https:\/\/www.fitnessbrasil.com.br\/cursos-eventos\/saindo-do-caos\/\",\"name\":\"Saindo do Caos - Fitness Brasil\",\"isPartOf\":{\"@id\":\"https:\/\/www.fitnessbrasil.com.br\/#website\"},\"datePublished\":\"2022-03-11T00:46:39+00:00\",\"dateModified\":\"2022-03-11T00:49:23+00:00\",\"breadcrumb\":{\"@id\":\"https:\/\/www.fitnessbrasil.com.br\/cursos-eventos\/saindo-do-caos\/#breadcrumb\"},\"inLanguage\":\"es\",\"potentialAction\":[{\"@type\":\"ReadAction\",\"target\":[\"https:\/\/www.fitnessbrasil.com.br\/cursos-eventos\/saindo-do-caos\/\"]}]},{\"@type\":\"BreadcrumbList\",\"@id\":\"https:\/\/www.fitnessbrasil.com.br\/cursos-eventos\/saindo-do-caos\/#breadcrumb\",\"itemListElement\":[{\"@type\":\"ListItem\",\"position\":1,\"name\":\"In\u00edcio\",\"item\":\"https:\/\/www.fitnessbrasil.com.br\/\"},{\"@type\":\"ListItem\",\"position\":2,\"name\":\"Cursos e Eventos\",\"item\":\"https:\/\/www.fitnessbrasil.com.br\/?page_id=513\"},{\"@type\":\"ListItem\",\"position\":3,\"name\":\"Saindo do Caos\"}]},{\"@type\":\"WebSite\",\"@id\":\"https:\/\/www.fitnessbrasil.com.br\/#website\",\"url\":\"https:\/\/www.fitnessbrasil.com.br\/\",\"name\":\"Fitness Brasil\",\"description\":\"\",\"publisher\":{\"@id\":\"https:\/\/www.fitnessbrasil.com.br\/#organization\"},\"potentialAction\":[{\"@type\":\"SearchAction\",\"target\":{\"@type\":\"EntryPoint\",\"urlTemplate\":\"https:\/\/www.fitnessbrasil.com.br\/?s={search_term_string}\"},\"query-input\":{\"@type\":\"PropertyValueSpecification\",\"valueRequired\":true,\"valueName\":\"search_term_string\"}}],\"inLanguage\":\"es\"},{\"@type\":\"Organization\",\"@id\":\"https:\/\/www.fitnessbrasil.com.br\/#organization\",\"name\":\"Fitness Brasil\",\"url\":\"https:\/\/www.fitnessbrasil.com.br\/\",\"logo\":{\"@type\":\"ImageObject\",\"inLanguage\":\"es\",\"@id\":\"https:\/\/www.fitnessbrasil.com.br\/#\/schema\/logo\/image\/\",\"url\":\"https:\/\/www.fitnessbrasil.com.br\/wp-content\/uploads\/2022\/01\/Logo-Fitness-Brasil_preto-e-cor.png\",\"contentUrl\":\"https:\/\/www.fitnessbrasil.com.br\/wp-content\/uploads\/2022\/01\/Logo-Fitness-Brasil_preto-e-cor.png\",\"width\":593,\"height\":316,\"caption\":\"Fitness Brasil\"},\"image\":{\"@id\":\"https:\/\/www.fitnessbrasil.com.br\/#\/schema\/logo\/image\/\"}}]}<\/script>\n<!-- \/ Yoast SEO plugin. -->","yoast_head_json":{"title":"Saindo do Caos - Fitness Brasil","robots":{"index":"index","follow":"follow","max-snippet":"max-snippet:-1","max-image-preview":"max-image-preview:large","max-video-preview":"max-video-preview:-1"},"canonical":"https:\/\/www.fitnessbrasil.com.br\/es\/cursos-eventos\/saindo-do-caos\/","og_locale":"es_ES","og_type":"article","og_title":"Saindo do Caos - Fitness Brasil","og_url":"https:\/\/www.fitnessbrasil.com.br\/es\/cursos-eventos\/saindo-do-caos\/","og_site_name":"Fitness Brasil","article_modified_time":"2022-03-11T00:49:23+00:00","twitter_card":"summary_large_image","twitter_misc":{"Tiempo de lectura":"2 minutos"},"schema":{"@context":"https:\/\/schema.org","@graph":[{"@type":"WebPage","@id":"https:\/\/www.fitnessbrasil.com.br\/cursos-eventos\/saindo-do-caos\/","url":"https:\/\/www.fitnessbrasil.com.br\/cursos-eventos\/saindo-do-caos\/","name":"Saindo do Caos - Fitness Brasil","isPartOf":{"@id":"https:\/\/www.fitnessbrasil.com.br\/#website"},"datePublished":"2022-03-11T00:46:39+00:00","dateModified":"2022-03-11T00:49:23+00:00","breadcrumb":{"@id":"https:\/\/www.fitnessbrasil.com.br\/cursos-eventos\/saindo-do-caos\/#breadcrumb"},"inLanguage":"es","potentialAction":[{"@type":"ReadAction","target":["https:\/\/www.fitnessbrasil.com.br\/cursos-eventos\/saindo-do-caos\/"]}]},{"@type":"BreadcrumbList","@id":"https:\/\/www.fitnessbrasil.com.br\/cursos-eventos\/saindo-do-caos\/#breadcrumb","itemListElement":[{"@type":"ListItem","position":1,"name":"In\u00edcio","item":"https:\/\/www.fitnessbrasil.com.br\/"},{"@type":"ListItem","position":2,"name":"Cursos e Eventos","item":"https:\/\/www.fitnessbrasil.com.br\/?page_id=513"},{"@type":"ListItem","position":3,"name":"Saindo do Caos"}]},{"@type":"WebSite","@id":"https:\/\/www.fitnessbrasil.com.br\/#website","url":"https:\/\/www.fitnessbrasil.com.br\/","name":"Fitness Brasil","description":"","publisher":{"@id":"https:\/\/www.fitnessbrasil.com.br\/#organization"},"potentialAction":[{"@type":"SearchAction","target":{"@type":"EntryPoint","urlTemplate":"https:\/\/www.fitnessbrasil.com.br\/?s={search_term_string}"},"query-input":{"@type":"PropertyValueSpecification","valueRequired":true,"valueName":"search_term_string"}}],"inLanguage":"es"},{"@type":"Organization","@id":"https:\/\/www.fitnessbrasil.com.br\/#organization","name":"Fitness Brasil","url":"https:\/\/www.fitnessbrasil.com.br\/","logo":{"@type":"ImageObject","inLanguage":"es","@id":"https:\/\/www.fitnessbrasil.com.br\/#\/schema\/logo\/image\/","url":"https:\/\/www.fitnessbrasil.com.br\/wp-content\/uploads\/2022\/01\/Logo-Fitness-Brasil_preto-e-cor.png","contentUrl":"https:\/\/www.fitnessbrasil.com.br\/wp-content\/uploads\/2022\/01\/Logo-Fitness-Brasil_preto-e-cor.png","width":593,"height":316,"caption":"Fitness Brasil"},"image":{"@id":"https:\/\/www.fitnessbrasil.com.br\/#\/schema\/logo\/image\/"}}]}},"_links":{"self":[{"href":"https:\/\/www.fitnessbrasil.com.br\/es\/wp-json\/wp\/v2\/pages\/5226","targetHints":{"allow":["GET"]}}],"collection":[{"href":"https:\/\/www.fitnessbrasil.com.br\/es\/wp-json\/wp\/v2\/pages"}],"about":[{"href":"https:\/\/www.fitnessbrasil.com.br\/es\/wp-json\/wp\/v2\/types\/page"}],"author":[{"embeddable":true,"href":"https:\/\/www.fitnessbrasil.com.br\/es\/wp-json\/wp\/v2\/users\/45"}],"replies":[{"embeddable":true,"href":"https:\/\/www.fitnessbrasil.com.br\/es\/wp-json\/wp\/v2\/comments?post=5226"}],"version-history":[{"count":2,"href":"https:\/\/www.fitnessbrasil.com.br\/es\/wp-json\/wp\/v2\/pages\/5226\/revisions"}],"predecessor-version":[{"id":5228,"href":"https:\/\/www.fitnessbrasil.com.br\/es\/wp-json\/wp\/v2\/pages\/5226\/revisions\/5228"}],"up":[{"embeddable":true,"href":"https:\/\/www.fitnessbrasil.com.br\/es\/wp-json\/wp\/v2\/pages\/513"}],"wp:attachment":[{"href":"https:\/\/www.fitnessbrasil.com.br\/es\/wp-json\/wp\/v2\/media?parent=5226"}],"wp:term":[{"taxonomy":"folder","embeddable":true,"href":"https:\/\/www.fitnessbrasil.com.br\/es\/wp-json\/wp\/v2\/folder?post=5226"}],"curies":[{"name":"wp","href":"https:\/\/api.w.org\/{rel}","templated":true}]}}