{"id":69277,"date":"2023-08-22T08:59:37","date_gmt":"2023-08-22T11:59:37","guid":{"rendered":"https:\/\/www.fitnessbrasil.com.br\/?page_id=69277"},"modified":"2025-07-03T13:54:37","modified_gmt":"2025-07-03T16:54:37","slug":"sobre-o-evento-2024","status":"publish","type":"page","link":"https:\/\/www.fitnessbrasil.com.br\/es\/ihrsa-fitness-brasil\/sobre-o-evento-2024\/","title":{"rendered":"Sobre o evento"},"content":{"rendered":"<section class=\"section\" id=\"section_1094073272\">\n\t\t<div class=\"section-bg fill\" >\n\t\t\t\t\t\t\t\t\t\n\t\t\t\n\n\t\t<\/div>\n\n\t\t\n\n\t\t<div class=\"section-content relative\">\n\t\t\t\n\n<div class=\"row align-center\"  id=\"row-1720035615\">\n\n\n\t<div id=\"col-1279462626\" class=\"col small-12 large-12\"  >\n\t\t\t\t<div class=\"col-inner\"  >\n\t\t\t\n\t\t\t\n\n\t<div id=\"text-1701603807\" class=\"text\">\n\t\t\n\n<h2 class=\"alt-font\" style=\"text-align: center;\">vem a\u00ed a ihrsa fitness brasil 2o24<\/h2>\n<h2 class=\"alt-font\" style=\"text-align: center;\">22 a 24 de agosto &#8211; transamerica expo center<\/h2>\n\t\t\n<style>\n#text-1701603807 {\n  font-size: 1.5rem;\n  color: #17c3b2;\n}\n#text-1701603807 > * {\n  color: #17c3b2;\n}\n<\/style>\n\t<\/div>\n\t\n<div class=\"video video-fit mb box-shadow-5\" style=\"padding-top:56.25%;\"><div class=\"geodir-embed-container\"><iframe title=\"IHRSA Fitness Brasil 2024 - Nova marca\" width=\"1020\" height=\"574\" data-src=\"https:\/\/www.youtube.com\/embed\/YEAqlblN91A?feature=oembed\" frameborder=\"0\" allow=\"accelerometer; autoplay; clipboard-write; encrypted-media; gyroscope; picture-in-picture; web-share\" allowfullscreen src=\"data:image\/svg+xml;base64,PHN2ZyB3aWR0aD0iMSIgaGVpZ2h0PSIxIiB4bWxucz0iaHR0cDovL3d3dy53My5vcmcvMjAwMC9zdmciPjwvc3ZnPg==\" class=\"lazyload\" data-load-mode=\"1\"><\/iframe><\/div><\/div>\n\n\n\t\t<\/div>\n\t\t\t\t\t<\/div>\n\n\t\n\n<\/div>\n<div class=\"row align-center\"  id=\"row-1181127627\">\n\n\n\t<div id=\"col-1813776259\" class=\"col small-12 large-12\"  >\n\t\t\t\t<div class=\"col-inner\"  >\n\t\t\t\n\t\t\t\n\n\t<div id=\"text-3264192716\" class=\"text\">\n\t\t\n\n<h2 class=\"alt-font\" style=\"text-align: center;\">Pr\u00f3ximamente habr\u00e1 m\u00e1s informaci\u00f3n.<\/h2>\n\t\t\n<style>\n#text-3264192716 {\n  font-size: 1.5rem;\n  color: #17c3b2;\n}\n#text-3264192716 > * {\n  color: #17c3b2;\n}\n<\/style>\n\t<\/div>\n\t\n\t<div id=\"text-3793960041\" class=\"text hidden\">\n\t\t\n\n<h2 class=\"alt-font\" style=\"text-align: center;\">Programaci\u00f3n<\/h2>\n\t\t\n<style>\n#text-3793960041 {\n  font-size: 1.5rem;\n  color: #17c3b2;\n}\n#text-3793960041 > * {\n  color: #17c3b2;\n}\n<\/style>\n\t<\/div>\n\t\n<div class=\"row\"  id=\"row-1204097168\">\n\n\n\n\n<\/div>\n<div class=\"text-center\"><div class=\"is-divider divider clearfix\" style=\"max-width:100%;height:1px;background-color:rgb(23, 195, 178);\"><\/div><\/div>\n\n\t<div id=\"text-1127143367\" class=\"text\">\n\t\t\n\n<h1 class=\"alt-font\"><span data-text-color=\"primary\">quem participa da ihrsa fitness brasil?<\/span><\/h1>\n\t\t\n<style>\n#text-1127143367 {\n  font-size: 1.5rem;\n  text-align: center;\n}\n<\/style>\n\t<\/div>\n\t\n\t<div class=\"img has-hover x md-x lg-x y md-y lg-y\" id=\"image_157661864\">\n\t\t\t\t\t\t\t\t<div class=\"img-inner dark\" >\n\t\t\t<img decoding=\"async\" width=\"1020\" height=\"682\" data-src=\"https:\/\/www.fitnessbrasil.com.br\/wp-content\/uploads\/2022\/02\/Captura-de-Tela-12.png\" class=\"attachment-large size-large lazyload\" alt=\"\" data-srcset=\"https:\/\/www.fitnessbrasil.com.br\/wp-content\/uploads\/2022\/02\/Captura-de-Tela-12.png 1124w, https:\/\/www.fitnessbrasil.com.br\/wp-content\/uploads\/2022\/02\/Captura-de-Tela-12-599x400.png 599w, https:\/\/www.fitnessbrasil.com.br\/wp-content\/uploads\/2022\/02\/Captura-de-Tela-12-768x513.png 768w\" data-sizes=\"(max-width: 1020px) 100vw, 1020px\" src=\"data:image\/svg+xml;base64,PHN2ZyB3aWR0aD0iMSIgaGVpZ2h0PSIxIiB4bWxucz0iaHR0cDovL3d3dy53My5vcmcvMjAwMC9zdmciPjwvc3ZnPg==\" style=\"--smush-placeholder-width: 1020px; --smush-placeholder-aspect-ratio: 1020\/682;\" \/>\t\t\t\t\t\t\n\t\t\t\t\t<\/div>\n\t\t\t\t\t\t\t\t\n<style>\n#image_157661864 {\n  width: 100%;\n}\n<\/style>\n\t<\/div>\n\t\n\n<div class=\"video video-fit mb hidden\" style=\"padding-top:56.25%;\"><div class=\"geodir-embed-container\"><iframe title=\"Planta da Feira IHRSA 2022\" width=\"1020\" height=\"574\" data-src=\"https:\/\/www.youtube.com\/embed\/4hU5HHZnhuQ?feature=oembed\" frameborder=\"0\" allow=\"accelerometer; autoplay; clipboard-write; encrypted-media; gyroscope; picture-in-picture\" allowfullscreen src=\"data:image\/svg+xml;base64,PHN2ZyB3aWR0aD0iMSIgaGVpZ2h0PSIxIiB4bWxucz0iaHR0cDovL3d3dy53My5vcmcvMjAwMC9zdmciPjwvc3ZnPg==\" class=\"lazyload\" data-load-mode=\"1\"><\/iframe><\/div>\n<\/div>\n\n<div class=\"text-center\"><div class=\"is-divider divider clearfix\" style=\"max-width:100%;height:1px;background-color:rgb(23, 195, 178);\"><\/div><\/div>\n\n\n\t\t<\/div>\n\t\t\t\t\t<\/div>\n\n\t\n\n<\/div>\n\t<div id=\"text-815042571\" class=\"text hidden\">\n\t\t\n\n<p style=\"text-align: center;\">Protocolo do processo da Prefeitura sobre a venda de ingressos. Atua\u00e7\u00e3o do CONTRU, n\u00famero 6068.<\/p>\n\t\t\t<\/div>\n\t\n\n\t\t<\/div>\n\n\t\t\n<style>\n#section_1094073272 {\n  padding-top: 30px;\n  padding-bottom: 30px;\n}\n<\/style>\n\t<\/section>\n\t\n<div class=\"row row-full-width\"  id=\"row-1921309476\">\n\n\n\t<div id=\"col-2021359648\" class=\"col medium-2 small-12 large-2\"  >\n\t\t\t\t<div class=\"col-inner\"  >\n\t\t\t\n\t\t\t\n\n\n\t\t<\/div>\n\t\t\t\t\t<\/div>\n\n\t\n\n\t<div id=\"col-573609589\" class=\"col medium-8 small-12 large-8\"  >\n\t\t\t\t<div class=\"col-inner text-center\"  >\n\t\t\t\n\t\t\t\n\n\t<div class=\"img has-hover x md-x lg-x y md-y lg-y\" id=\"image_62680533\">\n\t\t\t\t\t\t\t\t<div class=\"img-inner dark\" >\n\t\t\t<img decoding=\"async\" width=\"687\" height=\"197\" data-src=\"https:\/\/www.fitnessbrasil.com.br\/wp-content\/uploads\/2023\/08\/realizacao-2023-08-22-085737.png\" class=\"attachment-medium size-medium lazyload\" alt=\"\" data-srcset=\"https:\/\/www.fitnessbrasil.com.br\/wp-content\/uploads\/2023\/08\/realizacao-2023-08-22-085737.png 687w, https:\/\/www.fitnessbrasil.com.br\/wp-content\/uploads\/2023\/08\/realizacao-2023-08-22-085737-18x5.png 18w, https:\/\/www.fitnessbrasil.com.br\/wp-content\/uploads\/2023\/08\/realizacao-2023-08-22-085737-510x146.png 510w\" data-sizes=\"(max-width: 687px) 100vw, 687px\" src=\"data:image\/svg+xml;base64,PHN2ZyB3aWR0aD0iMSIgaGVpZ2h0PSIxIiB4bWxucz0iaHR0cDovL3d3dy53My5vcmcvMjAwMC9zdmciPjwvc3ZnPg==\" style=\"--smush-placeholder-width: 687px; --smush-placeholder-aspect-ratio: 687\/197;\" \/>\t\t\t\t\t\t\n\t\t\t\t\t<\/div>\n\t\t\t\t\t\t\t\t\n<style>\n#image_62680533 {\n  width: 55%;\n}\n<\/style>\n\t<\/div>\n\t\n\n\n\t\t<\/div>\n\t\t\t\t\t<\/div>\n\n\t\n\n\t<div id=\"col-1074392987\" class=\"col medium-2 small-12 large-2\"  >\n\t\t\t\t<div class=\"col-inner\"  >\n\t\t\t\n\t\t\t\n\n\n\t\t<\/div>\n\t\t\t\t\t<\/div>\n\n\t\n\n<\/div>","protected":false},"excerpt":{"rendered":"","protected":false},"author":2063,"featured_media":13,"parent":4086,"menu_order":0,"comment_status":"closed","ping_status":"closed","template":"page-blank.php","meta":{"_acf_changed":false,"footnotes":""},"folder":[208],"class_list":["post-69277","page","type-page","status-publish","has-post-thumbnail","hentry"],"acf":[],"yoast_head":"<!-- This site is optimized with the Yoast SEO plugin v27.4 - https:\/\/yoast.com\/product\/yoast-seo-wordpress\/ -->\n<title>Sobre o evento - Fitness Brasil<\/title>\n<meta name=\"robots\" content=\"index, follow, max-snippet:-1, max-image-preview:large, max-video-preview:-1\" \/>\n<link rel=\"canonical\" href=\"https:\/\/www.fitnessbrasil.com.br\/es\/ihrsa-fitness-brasil\/sobre-o-evento-2024\/\" \/>\n<meta property=\"og:locale\" content=\"es_ES\" \/>\n<meta property=\"og:type\" content=\"article\" \/>\n<meta property=\"og:title\" content=\"Sobre o evento - Fitness Brasil\" \/>\n<meta property=\"og:url\" content=\"https:\/\/www.fitnessbrasil.com.br\/es\/ihrsa-fitness-brasil\/sobre-o-evento-2024\/\" \/>\n<meta property=\"og:site_name\" content=\"Fitness Brasil\" \/>\n<meta property=\"article:modified_time\" content=\"2025-07-03T16:54:37+00:00\" \/>\n<meta property=\"og:image\" content=\"https:\/\/www.fitnessbrasil.com.br\/wp-content\/uploads\/2016\/08\/dummy-1.jpg\" \/>\n\t<meta property=\"og:image:width\" content=\"400\" \/>\n\t<meta property=\"og:image:height\" content=\"260\" \/>\n\t<meta property=\"og:image:type\" content=\"image\/jpeg\" \/>\n<meta name=\"twitter:card\" content=\"summary_large_image\" \/>\n<meta name=\"twitter:label1\" content=\"Tiempo de lectura\" \/>\n\t<meta name=\"twitter:data1\" content=\"2 minutos\" \/>\n<script type=\"application\/ld+json\" class=\"yoast-schema-graph\">{\"@context\":\"https:\\\/\\\/schema.org\",\"@graph\":[{\"@type\":\"WebPage\",\"@id\":\"https:\\\/\\\/www.fitnessbrasil.com.br\\\/ihrsa-fitness-brasil\\\/sobre-o-evento-2024\\\/\",\"url\":\"https:\\\/\\\/www.fitnessbrasil.com.br\\\/ihrsa-fitness-brasil\\\/sobre-o-evento-2024\\\/\",\"name\":\"Sobre o evento - Fitness Brasil\",\"isPartOf\":{\"@id\":\"https:\\\/\\\/www.fitnessbrasil.com.br\\\/#website\"},\"primaryImageOfPage\":{\"@id\":\"https:\\\/\\\/www.fitnessbrasil.com.br\\\/ihrsa-fitness-brasil\\\/sobre-o-evento-2024\\\/#primaryimage\"},\"image\":{\"@id\":\"https:\\\/\\\/www.fitnessbrasil.com.br\\\/ihrsa-fitness-brasil\\\/sobre-o-evento-2024\\\/#primaryimage\"},\"thumbnailUrl\":\"https:\\\/\\\/www.fitnessbrasil.com.br\\\/wp-content\\\/uploads\\\/2016\\\/08\\\/dummy-1.jpg\",\"datePublished\":\"2023-08-22T11:59:37+00:00\",\"dateModified\":\"2025-07-03T16:54:37+00:00\",\"breadcrumb\":{\"@id\":\"https:\\\/\\\/www.fitnessbrasil.com.br\\\/ihrsa-fitness-brasil\\\/sobre-o-evento-2024\\\/#breadcrumb\"},\"inLanguage\":\"es\",\"potentialAction\":[{\"@type\":\"ReadAction\",\"target\":[\"https:\\\/\\\/www.fitnessbrasil.com.br\\\/ihrsa-fitness-brasil\\\/sobre-o-evento-2024\\\/\"]}]},{\"@type\":\"ImageObject\",\"inLanguage\":\"es\",\"@id\":\"https:\\\/\\\/www.fitnessbrasil.com.br\\\/ihrsa-fitness-brasil\\\/sobre-o-evento-2024\\\/#primaryimage\",\"url\":\"https:\\\/\\\/www.fitnessbrasil.com.br\\\/wp-content\\\/uploads\\\/2016\\\/08\\\/dummy-1.jpg\",\"contentUrl\":\"https:\\\/\\\/www.fitnessbrasil.com.br\\\/wp-content\\\/uploads\\\/2016\\\/08\\\/dummy-1.jpg\",\"width\":400,\"height\":260},{\"@type\":\"BreadcrumbList\",\"@id\":\"https:\\\/\\\/www.fitnessbrasil.com.br\\\/ihrsa-fitness-brasil\\\/sobre-o-evento-2024\\\/#breadcrumb\",\"itemListElement\":[{\"@type\":\"ListItem\",\"position\":1,\"name\":\"In\u00edcio\",\"item\":\"https:\\\/\\\/www.fitnessbrasil.com.br\\\/\"},{\"@type\":\"ListItem\",\"position\":2,\"name\":\"IHRSA Fitness Brasil\",\"item\":\"https:\\\/\\\/www.fitnessbrasil.com.br\\\/?page_id=4086\"},{\"@type\":\"ListItem\",\"position\":3,\"name\":\"Sobre o evento\"}]},{\"@type\":\"WebSite\",\"@id\":\"https:\\\/\\\/www.fitnessbrasil.com.br\\\/#website\",\"url\":\"https:\\\/\\\/www.fitnessbrasil.com.br\\\/\",\"name\":\"Fitness Brasil\",\"description\":\"\",\"publisher\":{\"@id\":\"https:\\\/\\\/www.fitnessbrasil.com.br\\\/#organization\"},\"potentialAction\":[{\"@type\":\"SearchAction\",\"target\":{\"@type\":\"EntryPoint\",\"urlTemplate\":\"https:\\\/\\\/www.fitnessbrasil.com.br\\\/?s={search_term_string}\"},\"query-input\":{\"@type\":\"PropertyValueSpecification\",\"valueRequired\":true,\"valueName\":\"search_term_string\"}}],\"inLanguage\":\"es\"},{\"@type\":\"Organization\",\"@id\":\"https:\\\/\\\/www.fitnessbrasil.com.br\\\/#organization\",\"name\":\"Fitness Brasil\",\"url\":\"https:\\\/\\\/www.fitnessbrasil.com.br\\\/\",\"logo\":{\"@type\":\"ImageObject\",\"inLanguage\":\"es\",\"@id\":\"https:\\\/\\\/www.fitnessbrasil.com.br\\\/#\\\/schema\\\/logo\\\/image\\\/\",\"url\":\"https:\\\/\\\/www.fitnessbrasil.com.br\\\/wp-content\\\/uploads\\\/2022\\\/01\\\/Logo-Fitness-Brasil_preto-e-cor.png\",\"contentUrl\":\"https:\\\/\\\/www.fitnessbrasil.com.br\\\/wp-content\\\/uploads\\\/2022\\\/01\\\/Logo-Fitness-Brasil_preto-e-cor.png\",\"width\":593,\"height\":316,\"caption\":\"Fitness Brasil\"},\"image\":{\"@id\":\"https:\\\/\\\/www.fitnessbrasil.com.br\\\/#\\\/schema\\\/logo\\\/image\\\/\"}}]}<\/script>\n<!-- \/ Yoast SEO plugin. -->","yoast_head_json":{"title":"Sobre o evento - Fitness Brasil","robots":{"index":"index","follow":"follow","max-snippet":"max-snippet:-1","max-image-preview":"max-image-preview:large","max-video-preview":"max-video-preview:-1"},"canonical":"https:\/\/www.fitnessbrasil.com.br\/es\/ihrsa-fitness-brasil\/sobre-o-evento-2024\/","og_locale":"es_ES","og_type":"article","og_title":"Sobre o evento - Fitness Brasil","og_url":"https:\/\/www.fitnessbrasil.com.br\/es\/ihrsa-fitness-brasil\/sobre-o-evento-2024\/","og_site_name":"Fitness Brasil","article_modified_time":"2025-07-03T16:54:37+00:00","og_image":[{"width":400,"height":260,"url":"https:\/\/www.fitnessbrasil.com.br\/wp-content\/uploads\/2016\/08\/dummy-1.jpg","type":"image\/jpeg"}],"twitter_card":"summary_large_image","twitter_misc":{"Tiempo de lectura":"2 minutos"},"schema":{"@context":"https:\/\/schema.org","@graph":[{"@type":"WebPage","@id":"https:\/\/www.fitnessbrasil.com.br\/ihrsa-fitness-brasil\/sobre-o-evento-2024\/","url":"https:\/\/www.fitnessbrasil.com.br\/ihrsa-fitness-brasil\/sobre-o-evento-2024\/","name":"Sobre o evento - Fitness Brasil","isPartOf":{"@id":"https:\/\/www.fitnessbrasil.com.br\/#website"},"primaryImageOfPage":{"@id":"https:\/\/www.fitnessbrasil.com.br\/ihrsa-fitness-brasil\/sobre-o-evento-2024\/#primaryimage"},"image":{"@id":"https:\/\/www.fitnessbrasil.com.br\/ihrsa-fitness-brasil\/sobre-o-evento-2024\/#primaryimage"},"thumbnailUrl":"https:\/\/www.fitnessbrasil.com.br\/wp-content\/uploads\/2016\/08\/dummy-1.jpg","datePublished":"2023-08-22T11:59:37+00:00","dateModified":"2025-07-03T16:54:37+00:00","breadcrumb":{"@id":"https:\/\/www.fitnessbrasil.com.br\/ihrsa-fitness-brasil\/sobre-o-evento-2024\/#breadcrumb"},"inLanguage":"es","potentialAction":[{"@type":"ReadAction","target":["https:\/\/www.fitnessbrasil.com.br\/ihrsa-fitness-brasil\/sobre-o-evento-2024\/"]}]},{"@type":"ImageObject","inLanguage":"es","@id":"https:\/\/www.fitnessbrasil.com.br\/ihrsa-fitness-brasil\/sobre-o-evento-2024\/#primaryimage","url":"https:\/\/www.fitnessbrasil.com.br\/wp-content\/uploads\/2016\/08\/dummy-1.jpg","contentUrl":"https:\/\/www.fitnessbrasil.com.br\/wp-content\/uploads\/2016\/08\/dummy-1.jpg","width":400,"height":260},{"@type":"BreadcrumbList","@id":"https:\/\/www.fitnessbrasil.com.br\/ihrsa-fitness-brasil\/sobre-o-evento-2024\/#breadcrumb","itemListElement":[{"@type":"ListItem","position":1,"name":"In\u00edcio","item":"https:\/\/www.fitnessbrasil.com.br\/"},{"@type":"ListItem","position":2,"name":"IHRSA Fitness Brasil","item":"https:\/\/www.fitnessbrasil.com.br\/?page_id=4086"},{"@type":"ListItem","position":3,"name":"Sobre o evento"}]},{"@type":"WebSite","@id":"https:\/\/www.fitnessbrasil.com.br\/#website","url":"https:\/\/www.fitnessbrasil.com.br\/","name":"Fitness Brasil","description":"","publisher":{"@id":"https:\/\/www.fitnessbrasil.com.br\/#organization"},"potentialAction":[{"@type":"SearchAction","target":{"@type":"EntryPoint","urlTemplate":"https:\/\/www.fitnessbrasil.com.br\/?s={search_term_string}"},"query-input":{"@type":"PropertyValueSpecification","valueRequired":true,"valueName":"search_term_string"}}],"inLanguage":"es"},{"@type":"Organization","@id":"https:\/\/www.fitnessbrasil.com.br\/#organization","name":"Fitness Brasil","url":"https:\/\/www.fitnessbrasil.com.br\/","logo":{"@type":"ImageObject","inLanguage":"es","@id":"https:\/\/www.fitnessbrasil.com.br\/#\/schema\/logo\/image\/","url":"https:\/\/www.fitnessbrasil.com.br\/wp-content\/uploads\/2022\/01\/Logo-Fitness-Brasil_preto-e-cor.png","contentUrl":"https:\/\/www.fitnessbrasil.com.br\/wp-content\/uploads\/2022\/01\/Logo-Fitness-Brasil_preto-e-cor.png","width":593,"height":316,"caption":"Fitness Brasil"},"image":{"@id":"https:\/\/www.fitnessbrasil.com.br\/#\/schema\/logo\/image\/"}}]}},"_links":{"self":[{"href":"https:\/\/www.fitnessbrasil.com.br\/es\/wp-json\/wp\/v2\/pages\/69277","targetHints":{"allow":["GET"]}}],"collection":[{"href":"https:\/\/www.fitnessbrasil.com.br\/es\/wp-json\/wp\/v2\/pages"}],"about":[{"href":"https:\/\/www.fitnessbrasil.com.br\/es\/wp-json\/wp\/v2\/types\/page"}],"author":[{"embeddable":true,"href":"https:\/\/www.fitnessbrasil.com.br\/es\/wp-json\/wp\/v2\/users\/2063"}],"replies":[{"embeddable":true,"href":"https:\/\/www.fitnessbrasil.com.br\/es\/wp-json\/wp\/v2\/comments?post=69277"}],"version-history":[{"count":0,"href":"https:\/\/www.fitnessbrasil.com.br\/es\/wp-json\/wp\/v2\/pages\/69277\/revisions"}],"up":[{"embeddable":true,"href":"https:\/\/www.fitnessbrasil.com.br\/es\/wp-json\/wp\/v2\/pages\/4086"}],"wp:featuredmedia":[{"embeddable":true,"href":"https:\/\/www.fitnessbrasil.com.br\/es\/wp-json\/wp\/v2\/media\/13"}],"wp:attachment":[{"href":"https:\/\/www.fitnessbrasil.com.br\/es\/wp-json\/wp\/v2\/media?parent=69277"}],"wp:term":[{"taxonomy":"folder","embeddable":true,"href":"https:\/\/www.fitnessbrasil.com.br\/es\/wp-json\/wp\/v2\/folder?post=69277"}],"curies":[{"name":"wp","href":"https:\/\/api.w.org\/{rel}","templated":true}]}}