{"id":121419,"date":"2025-02-19T15:51:42","date_gmt":"2025-02-19T18:51:42","guid":{"rendered":"https:\/\/www.fitnessbrasil.com.br\/?post_type=product&#038;p=121419"},"modified":"2026-05-17T18:16:03","modified_gmt":"2026-05-17T21:16:03","slug":"curso-de-emagrecimento-sustentavel-e-eficaz","status":"publish","type":"product","link":"https:\/\/www.fitnessbrasil.com.br\/es\/producto\/curso-de-emagrecimento-sustentavel-e-eficaz\/","title":{"rendered":"Emagrecimento Definitivo: Estrat\u00e9gias Pr\u00e1ticas e Comprovadas pela Ci\u00eancia"},"content":{"rendered":"","protected":false},"excerpt":{"rendered":"","protected":false},"featured_media":121421,"template":"","meta":{"_acf_changed":false},"product_brand":[],"product_cat":[503],"product_tag":[],"class_list":{"0":"post-121419","1":"product","2":"type-product","3":"status-publish","4":"has-post-thumbnail","6":"product_cat-curso-tecnico-fbe2025","8":"first","9":"instock","10":"taxable","11":"shipping-taxable","12":"purchasable","13":"product-type-simple"},"acf":[],"yoast_head":"<!-- This site is optimized with the Yoast SEO plugin v27.4 - https:\/\/yoast.com\/product\/yoast-seo-wordpress\/ -->\n<title>Curso de Emagrecimento Sustent\u00e1vel e Eficaz<\/title>\n<meta name=\"description\" content=\"Curso de Emagrecimento Sustent\u00e1vel e Eficaz. Aprenda como o metabolismo, treino e nutri\u00e7\u00e3o influenciam na perda de peso. Inscreva-se!\" \/>\n<meta name=\"robots\" content=\"index, follow, max-snippet:-1, max-image-preview:large, max-video-preview:-1\" \/>\n<link rel=\"canonical\" href=\"https:\/\/www.fitnessbrasil.com.br\/es\/producto\/curso-de-emagrecimento-sustentavel-e-eficaz\/\" \/>\n<meta property=\"og:locale\" content=\"es_ES\" \/>\n<meta property=\"og:type\" content=\"article\" \/>\n<meta property=\"og:title\" content=\"Curso de Emagrecimento Sustent\u00e1vel e Eficaz\" \/>\n<meta property=\"og:description\" content=\"Curso de Emagrecimento Sustent\u00e1vel e Eficaz. Aprenda como o metabolismo, treino e nutri\u00e7\u00e3o influenciam na perda de peso. Inscreva-se!\" \/>\n<meta property=\"og:url\" content=\"https:\/\/www.fitnessbrasil.com.br\/es\/producto\/curso-de-emagrecimento-sustentavel-e-eficaz\/\" \/>\n<meta property=\"og:site_name\" content=\"Fitness Brasil\" \/>\n<meta property=\"article:modified_time\" content=\"2026-05-17T21:16:03+00:00\" \/>\n<meta property=\"og:image\" content=\"https:\/\/www.fitnessbrasil.com.br\/wp-content\/uploads\/2025\/02\/ap_fbexpo25_thumbs_tec_Emagrecimento_Definitivo.jpg\" \/>\n\t<meta property=\"og:image:width\" content=\"1080\" \/>\n\t<meta property=\"og:image:height\" content=\"1080\" \/>\n\t<meta property=\"og:image:type\" content=\"image\/jpeg\" \/>\n<meta name=\"twitter:card\" content=\"summary_large_image\" \/>\n<meta name=\"twitter:label1\" content=\"Tiempo de lectura\" \/>\n\t<meta name=\"twitter:data1\" content=\"1 minuto\" \/>\n<script type=\"application\/ld+json\" class=\"yoast-schema-graph\">{\"@context\":\"https:\\\/\\\/schema.org\",\"@graph\":[{\"@type\":\"WebPage\",\"@id\":\"https:\\\/\\\/www.fitnessbrasil.com.br\\\/produto\\\/curso-de-emagrecimento-sustentavel-e-eficaz\\\/\",\"url\":\"https:\\\/\\\/www.fitnessbrasil.com.br\\\/produto\\\/curso-de-emagrecimento-sustentavel-e-eficaz\\\/\",\"name\":\"Curso de Emagrecimento Sustent\u00e1vel e Eficaz\",\"isPartOf\":{\"@id\":\"https:\\\/\\\/www.fitnessbrasil.com.br\\\/#website\"},\"primaryImageOfPage\":{\"@id\":\"https:\\\/\\\/www.fitnessbrasil.com.br\\\/produto\\\/curso-de-emagrecimento-sustentavel-e-eficaz\\\/#primaryimage\"},\"image\":{\"@id\":\"https:\\\/\\\/www.fitnessbrasil.com.br\\\/produto\\\/curso-de-emagrecimento-sustentavel-e-eficaz\\\/#primaryimage\"},\"thumbnailUrl\":\"https:\\\/\\\/www.fitnessbrasil.com.br\\\/wp-content\\\/uploads\\\/2025\\\/02\\\/ap_fbexpo25_thumbs_tec_Emagrecimento_Definitivo.jpg\",\"datePublished\":\"2025-02-19T18:51:42+00:00\",\"dateModified\":\"2026-05-17T21:16:03+00:00\",\"description\":\"Curso de Emagrecimento Sustent\u00e1vel e Eficaz. Aprenda como o metabolismo, treino e nutri\u00e7\u00e3o influenciam na perda de peso. Inscreva-se!\",\"breadcrumb\":{\"@id\":\"https:\\\/\\\/www.fitnessbrasil.com.br\\\/produto\\\/curso-de-emagrecimento-sustentavel-e-eficaz\\\/#breadcrumb\"},\"inLanguage\":\"es\",\"potentialAction\":[{\"@type\":\"ReadAction\",\"target\":[\"https:\\\/\\\/www.fitnessbrasil.com.br\\\/produto\\\/curso-de-emagrecimento-sustentavel-e-eficaz\\\/\"]}]},{\"@type\":\"ImageObject\",\"inLanguage\":\"es\",\"@id\":\"https:\\\/\\\/www.fitnessbrasil.com.br\\\/produto\\\/curso-de-emagrecimento-sustentavel-e-eficaz\\\/#primaryimage\",\"url\":\"https:\\\/\\\/www.fitnessbrasil.com.br\\\/wp-content\\\/uploads\\\/2025\\\/02\\\/ap_fbexpo25_thumbs_tec_Emagrecimento_Definitivo.jpg\",\"contentUrl\":\"https:\\\/\\\/www.fitnessbrasil.com.br\\\/wp-content\\\/uploads\\\/2025\\\/02\\\/ap_fbexpo25_thumbs_tec_Emagrecimento_Definitivo.jpg\",\"width\":1080,\"height\":1080},{\"@type\":\"BreadcrumbList\",\"@id\":\"https:\\\/\\\/www.fitnessbrasil.com.br\\\/produto\\\/curso-de-emagrecimento-sustentavel-e-eficaz\\\/#breadcrumb\",\"itemListElement\":[{\"@type\":\"ListItem\",\"position\":1,\"name\":\"In\u00edcio\",\"item\":\"https:\\\/\\\/www.fitnessbrasil.com.br\\\/\"},{\"@type\":\"ListItem\",\"position\":2,\"name\":\"Loja\",\"item\":\"https:\\\/\\\/www.fitnessbrasil.com.br\\\/loja-2\\\/\"},{\"@type\":\"ListItem\",\"position\":3,\"name\":\"Emagrecimento Definitivo: Estrat\u00e9gias Pr\u00e1ticas e Comprovadas pela Ci\u00eancia\"}]},{\"@type\":\"WebSite\",\"@id\":\"https:\\\/\\\/www.fitnessbrasil.com.br\\\/#website\",\"url\":\"https:\\\/\\\/www.fitnessbrasil.com.br\\\/\",\"name\":\"Fitness Brasil\",\"description\":\"\",\"publisher\":{\"@id\":\"https:\\\/\\\/www.fitnessbrasil.com.br\\\/#organization\"},\"potentialAction\":[{\"@type\":\"SearchAction\",\"target\":{\"@type\":\"EntryPoint\",\"urlTemplate\":\"https:\\\/\\\/www.fitnessbrasil.com.br\\\/?s={search_term_string}\"},\"query-input\":{\"@type\":\"PropertyValueSpecification\",\"valueRequired\":true,\"valueName\":\"search_term_string\"}}],\"inLanguage\":\"es\"},{\"@type\":\"Organization\",\"@id\":\"https:\\\/\\\/www.fitnessbrasil.com.br\\\/#organization\",\"name\":\"Fitness Brasil\",\"url\":\"https:\\\/\\\/www.fitnessbrasil.com.br\\\/\",\"logo\":{\"@type\":\"ImageObject\",\"inLanguage\":\"es\",\"@id\":\"https:\\\/\\\/www.fitnessbrasil.com.br\\\/#\\\/schema\\\/logo\\\/image\\\/\",\"url\":\"https:\\\/\\\/www.fitnessbrasil.com.br\\\/wp-content\\\/uploads\\\/2022\\\/01\\\/Logo-Fitness-Brasil_preto-e-cor.png\",\"contentUrl\":\"https:\\\/\\\/www.fitnessbrasil.com.br\\\/wp-content\\\/uploads\\\/2022\\\/01\\\/Logo-Fitness-Brasil_preto-e-cor.png\",\"width\":593,\"height\":316,\"caption\":\"Fitness Brasil\"},\"image\":{\"@id\":\"https:\\\/\\\/www.fitnessbrasil.com.br\\\/#\\\/schema\\\/logo\\\/image\\\/\"}}]}<\/script>\n<!-- \/ Yoast SEO plugin. -->","yoast_head_json":{"title":"Curso de Emagrecimento Sustent\u00e1vel e Eficaz","description":"Curso de Emagrecimento Sustent\u00e1vel e Eficaz. Aprenda como o metabolismo, treino e nutri\u00e7\u00e3o influenciam na perda de peso. Inscreva-se!","robots":{"index":"index","follow":"follow","max-snippet":"max-snippet:-1","max-image-preview":"max-image-preview:large","max-video-preview":"max-video-preview:-1"},"canonical":"https:\/\/www.fitnessbrasil.com.br\/es\/producto\/curso-de-emagrecimento-sustentavel-e-eficaz\/","og_locale":"es_ES","og_type":"article","og_title":"Curso de Emagrecimento Sustent\u00e1vel e Eficaz","og_description":"Curso de Emagrecimento Sustent\u00e1vel e Eficaz. Aprenda como o metabolismo, treino e nutri\u00e7\u00e3o influenciam na perda de peso. Inscreva-se!","og_url":"https:\/\/www.fitnessbrasil.com.br\/es\/producto\/curso-de-emagrecimento-sustentavel-e-eficaz\/","og_site_name":"Fitness Brasil","article_modified_time":"2026-05-17T21:16:03+00:00","og_image":[{"width":1080,"height":1080,"url":"https:\/\/www.fitnessbrasil.com.br\/wp-content\/uploads\/2025\/02\/ap_fbexpo25_thumbs_tec_Emagrecimento_Definitivo.jpg","type":"image\/jpeg"}],"twitter_card":"summary_large_image","twitter_misc":{"Tiempo de lectura":"1 minuto"},"schema":{"@context":"https:\/\/schema.org","@graph":[{"@type":"WebPage","@id":"https:\/\/www.fitnessbrasil.com.br\/produto\/curso-de-emagrecimento-sustentavel-e-eficaz\/","url":"https:\/\/www.fitnessbrasil.com.br\/produto\/curso-de-emagrecimento-sustentavel-e-eficaz\/","name":"Curso de Emagrecimento Sustent\u00e1vel e Eficaz","isPartOf":{"@id":"https:\/\/www.fitnessbrasil.com.br\/#website"},"primaryImageOfPage":{"@id":"https:\/\/www.fitnessbrasil.com.br\/produto\/curso-de-emagrecimento-sustentavel-e-eficaz\/#primaryimage"},"image":{"@id":"https:\/\/www.fitnessbrasil.com.br\/produto\/curso-de-emagrecimento-sustentavel-e-eficaz\/#primaryimage"},"thumbnailUrl":"https:\/\/www.fitnessbrasil.com.br\/wp-content\/uploads\/2025\/02\/ap_fbexpo25_thumbs_tec_Emagrecimento_Definitivo.jpg","datePublished":"2025-02-19T18:51:42+00:00","dateModified":"2026-05-17T21:16:03+00:00","description":"Curso de Emagrecimento Sustent\u00e1vel e Eficaz. Aprenda como o metabolismo, treino e nutri\u00e7\u00e3o influenciam na perda de peso. Inscreva-se!","breadcrumb":{"@id":"https:\/\/www.fitnessbrasil.com.br\/produto\/curso-de-emagrecimento-sustentavel-e-eficaz\/#breadcrumb"},"inLanguage":"es","potentialAction":[{"@type":"ReadAction","target":["https:\/\/www.fitnessbrasil.com.br\/produto\/curso-de-emagrecimento-sustentavel-e-eficaz\/"]}]},{"@type":"ImageObject","inLanguage":"es","@id":"https:\/\/www.fitnessbrasil.com.br\/produto\/curso-de-emagrecimento-sustentavel-e-eficaz\/#primaryimage","url":"https:\/\/www.fitnessbrasil.com.br\/wp-content\/uploads\/2025\/02\/ap_fbexpo25_thumbs_tec_Emagrecimento_Definitivo.jpg","contentUrl":"https:\/\/www.fitnessbrasil.com.br\/wp-content\/uploads\/2025\/02\/ap_fbexpo25_thumbs_tec_Emagrecimento_Definitivo.jpg","width":1080,"height":1080},{"@type":"BreadcrumbList","@id":"https:\/\/www.fitnessbrasil.com.br\/produto\/curso-de-emagrecimento-sustentavel-e-eficaz\/#breadcrumb","itemListElement":[{"@type":"ListItem","position":1,"name":"In\u00edcio","item":"https:\/\/www.fitnessbrasil.com.br\/"},{"@type":"ListItem","position":2,"name":"Loja","item":"https:\/\/www.fitnessbrasil.com.br\/loja-2\/"},{"@type":"ListItem","position":3,"name":"Emagrecimento Definitivo: Estrat\u00e9gias Pr\u00e1ticas e Comprovadas pela Ci\u00eancia"}]},{"@type":"WebSite","@id":"https:\/\/www.fitnessbrasil.com.br\/#website","url":"https:\/\/www.fitnessbrasil.com.br\/","name":"Fitness Brasil","description":"","publisher":{"@id":"https:\/\/www.fitnessbrasil.com.br\/#organization"},"potentialAction":[{"@type":"SearchAction","target":{"@type":"EntryPoint","urlTemplate":"https:\/\/www.fitnessbrasil.com.br\/?s={search_term_string}"},"query-input":{"@type":"PropertyValueSpecification","valueRequired":true,"valueName":"search_term_string"}}],"inLanguage":"es"},{"@type":"Organization","@id":"https:\/\/www.fitnessbrasil.com.br\/#organization","name":"Fitness Brasil","url":"https:\/\/www.fitnessbrasil.com.br\/","logo":{"@type":"ImageObject","inLanguage":"es","@id":"https:\/\/www.fitnessbrasil.com.br\/#\/schema\/logo\/image\/","url":"https:\/\/www.fitnessbrasil.com.br\/wp-content\/uploads\/2022\/01\/Logo-Fitness-Brasil_preto-e-cor.png","contentUrl":"https:\/\/www.fitnessbrasil.com.br\/wp-content\/uploads\/2022\/01\/Logo-Fitness-Brasil_preto-e-cor.png","width":593,"height":316,"caption":"Fitness Brasil"},"image":{"@id":"https:\/\/www.fitnessbrasil.com.br\/#\/schema\/logo\/image\/"}}]}},"_links":{"self":[{"href":"https:\/\/www.fitnessbrasil.com.br\/es\/wp-json\/wp\/v2\/product\/121419","targetHints":{"allow":["GET"]}}],"collection":[{"href":"https:\/\/www.fitnessbrasil.com.br\/es\/wp-json\/wp\/v2\/product"}],"about":[{"href":"https:\/\/www.fitnessbrasil.com.br\/es\/wp-json\/wp\/v2\/types\/product"}],"wp:featuredmedia":[{"embeddable":true,"href":"https:\/\/www.fitnessbrasil.com.br\/es\/wp-json\/wp\/v2\/media\/121421"}],"wp:attachment":[{"href":"https:\/\/www.fitnessbrasil.com.br\/es\/wp-json\/wp\/v2\/media?parent=121419"}],"wp:term":[{"taxonomy":"product_brand","embeddable":true,"href":"https:\/\/www.fitnessbrasil.com.br\/es\/wp-json\/wp\/v2\/product_brand?post=121419"},{"taxonomy":"product_cat","embeddable":true,"href":"https:\/\/www.fitnessbrasil.com.br\/es\/wp-json\/wp\/v2\/product_cat?post=121419"},{"taxonomy":"product_tag","embeddable":true,"href":"https:\/\/www.fitnessbrasil.com.br\/es\/wp-json\/wp\/v2\/product_tag?post=121419"}],"curies":[{"name":"wp","href":"https:\/\/api.w.org\/{rel}","templated":true}]}}