{"id":131166,"date":"2026-01-23T10:25:27","date_gmt":"2026-01-23T13:25:27","guid":{"rendered":"https:\/\/www.fitnessbrasil.com.br\/?post_type=product&#038;p=131166"},"modified":"2026-05-03T10:16:06","modified_gmt":"2026-05-03T13:16:06","slug":"hipertrofia-total-construindo-massa-muscular-de-forma-inteligente","status":"publish","type":"product","link":"https:\/\/www.fitnessbrasil.com.br\/es\/producto\/hipertrofia-total-construindo-massa-muscular-de-forma-inteligente\/","title":{"rendered":"Hipertrofia total: desarrollo inteligente de masa muscular"},"content":{"rendered":"","protected":false},"excerpt":{"rendered":"","protected":false},"featured_media":131253,"template":"","meta":{"_acf_changed":false},"product_brand":[],"product_cat":[569,562,563],"product_tag":[],"class_list":{"0":"post-131166","1":"product","2":"type-product","3":"status-publish","4":"has-post-thumbnail","6":"product_cat-cursos-tecnicos-fbexpo-26","7":"product_cat-fitness-brasil-expo-2026","8":"product_cat-passaporte-tecnico-fb-expo-26","10":"first","11":"instock","12":"sale","13":"taxable","14":"shipping-taxable","15":"purchasable","16":"product-type-simple"},"acf":[],"yoast_head":"<!-- This site is optimized with the Yoast SEO plugin v27.4 - https:\/\/yoast.com\/product\/yoast-seo-wordpress\/ -->\n<title>HIPERTROFIA TOTAL: CONSTRUINDO MASSA MUSCULAR DE FORMA INTELIGENTE - Fitness Brasil<\/title>\n<meta name=\"description\" content=\"Inscreva-se nos cursos t\u00e9cnicos da Fitness Brasil Expo 2026 - pr\u00e1tica real e acesso \u00e0 maior feira fitness da Am\u00e9rica Latina. Vagas limitadas.\" \/>\n<meta name=\"robots\" content=\"index, follow, max-snippet:-1, max-image-preview:large, max-video-preview:-1\" \/>\n<link rel=\"canonical\" href=\"https:\/\/www.fitnessbrasil.com.br\/es\/producto\/hipertrofia-total-construindo-massa-muscular-de-forma-inteligente\/\" \/>\n<meta property=\"og:locale\" content=\"es_ES\" \/>\n<meta property=\"og:type\" content=\"article\" \/>\n<meta property=\"og:title\" content=\"HIPERTROFIA TOTAL: CONSTRUINDO MASSA MUSCULAR DE FORMA INTELIGENTE - Fitness Brasil\" \/>\n<meta property=\"og:description\" content=\"Inscreva-se nos cursos t\u00e9cnicos da Fitness Brasil Expo 2026 - pr\u00e1tica real e acesso \u00e0 maior feira fitness da Am\u00e9rica Latina. Vagas limitadas.\" \/>\n<meta property=\"og:url\" content=\"https:\/\/www.fitnessbrasil.com.br\/es\/producto\/hipertrofia-total-construindo-massa-muscular-de-forma-inteligente\/\" \/>\n<meta property=\"og:site_name\" content=\"Fitness Brasil\" \/>\n<meta property=\"article:modified_time\" content=\"2026-05-03T13:16:06+00:00\" \/>\n<meta property=\"og:image\" content=\"https:\/\/www.fitnessbrasil.com.br\/wp-content\/uploads\/2026\/01\/fbexpo26_Thumbs_Tec_Hipertrofia.png\" \/>\n\t<meta property=\"og:image:width\" content=\"1080\" \/>\n\t<meta property=\"og:image:height\" content=\"1080\" \/>\n\t<meta property=\"og:image:type\" content=\"image\/png\" \/>\n<meta name=\"twitter:card\" content=\"summary_large_image\" \/>\n<meta name=\"twitter:label1\" content=\"Tiempo de lectura\" \/>\n\t<meta name=\"twitter:data1\" content=\"1 minuto\" \/>\n<script type=\"application\/ld+json\" class=\"yoast-schema-graph\">{\"@context\":\"https:\\\/\\\/schema.org\",\"@graph\":[{\"@type\":\"WebPage\",\"@id\":\"https:\\\/\\\/www.fitnessbrasil.com.br\\\/produto\\\/hipertrofia-total-construindo-massa-muscular-de-forma-inteligente\\\/\",\"url\":\"https:\\\/\\\/www.fitnessbrasil.com.br\\\/produto\\\/hipertrofia-total-construindo-massa-muscular-de-forma-inteligente\\\/\",\"name\":\"HIPERTROFIA TOTAL: CONSTRUINDO MASSA MUSCULAR DE FORMA INTELIGENTE - Fitness Brasil\",\"isPartOf\":{\"@id\":\"https:\\\/\\\/www.fitnessbrasil.com.br\\\/#website\"},\"primaryImageOfPage\":{\"@id\":\"https:\\\/\\\/www.fitnessbrasil.com.br\\\/produto\\\/hipertrofia-total-construindo-massa-muscular-de-forma-inteligente\\\/#primaryimage\"},\"image\":{\"@id\":\"https:\\\/\\\/www.fitnessbrasil.com.br\\\/produto\\\/hipertrofia-total-construindo-massa-muscular-de-forma-inteligente\\\/#primaryimage\"},\"thumbnailUrl\":\"https:\\\/\\\/www.fitnessbrasil.com.br\\\/wp-content\\\/uploads\\\/2026\\\/01\\\/fbexpo26_Thumbs_Tec_Hipertrofia.png\",\"datePublished\":\"2026-01-23T13:25:27+00:00\",\"dateModified\":\"2026-05-03T13:16:06+00:00\",\"description\":\"Inscreva-se nos cursos t\u00e9cnicos da Fitness Brasil Expo 2026 - pr\u00e1tica real e acesso \u00e0 maior feira fitness da Am\u00e9rica Latina. Vagas limitadas.\",\"breadcrumb\":{\"@id\":\"https:\\\/\\\/www.fitnessbrasil.com.br\\\/produto\\\/hipertrofia-total-construindo-massa-muscular-de-forma-inteligente\\\/#breadcrumb\"},\"inLanguage\":\"es\",\"potentialAction\":[{\"@type\":\"ReadAction\",\"target\":[\"https:\\\/\\\/www.fitnessbrasil.com.br\\\/produto\\\/hipertrofia-total-construindo-massa-muscular-de-forma-inteligente\\\/\"]}]},{\"@type\":\"ImageObject\",\"inLanguage\":\"es\",\"@id\":\"https:\\\/\\\/www.fitnessbrasil.com.br\\\/produto\\\/hipertrofia-total-construindo-massa-muscular-de-forma-inteligente\\\/#primaryimage\",\"url\":\"https:\\\/\\\/www.fitnessbrasil.com.br\\\/wp-content\\\/uploads\\\/2026\\\/01\\\/fbexpo26_Thumbs_Tec_Hipertrofia.png\",\"contentUrl\":\"https:\\\/\\\/www.fitnessbrasil.com.br\\\/wp-content\\\/uploads\\\/2026\\\/01\\\/fbexpo26_Thumbs_Tec_Hipertrofia.png\",\"width\":1080,\"height\":1080},{\"@type\":\"BreadcrumbList\",\"@id\":\"https:\\\/\\\/www.fitnessbrasil.com.br\\\/produto\\\/hipertrofia-total-construindo-massa-muscular-de-forma-inteligente\\\/#breadcrumb\",\"itemListElement\":[{\"@type\":\"ListItem\",\"position\":1,\"name\":\"In\u00edcio\",\"item\":\"https:\\\/\\\/www.fitnessbrasil.com.br\\\/\"},{\"@type\":\"ListItem\",\"position\":2,\"name\":\"Loja\",\"item\":\"https:\\\/\\\/www.fitnessbrasil.com.br\\\/loja-2\\\/\"},{\"@type\":\"ListItem\",\"position\":3,\"name\":\"HIPERTROFIA TOTAL: CONSTRUINDO MASSA MUSCULAR DE FORMA INTELIGENTE\"}]},{\"@type\":\"WebSite\",\"@id\":\"https:\\\/\\\/www.fitnessbrasil.com.br\\\/#website\",\"url\":\"https:\\\/\\\/www.fitnessbrasil.com.br\\\/\",\"name\":\"Fitness Brasil\",\"description\":\"\",\"publisher\":{\"@id\":\"https:\\\/\\\/www.fitnessbrasil.com.br\\\/#organization\"},\"potentialAction\":[{\"@type\":\"SearchAction\",\"target\":{\"@type\":\"EntryPoint\",\"urlTemplate\":\"https:\\\/\\\/www.fitnessbrasil.com.br\\\/?s={search_term_string}\"},\"query-input\":{\"@type\":\"PropertyValueSpecification\",\"valueRequired\":true,\"valueName\":\"search_term_string\"}}],\"inLanguage\":\"es\"},{\"@type\":\"Organization\",\"@id\":\"https:\\\/\\\/www.fitnessbrasil.com.br\\\/#organization\",\"name\":\"Fitness Brasil\",\"url\":\"https:\\\/\\\/www.fitnessbrasil.com.br\\\/\",\"logo\":{\"@type\":\"ImageObject\",\"inLanguage\":\"es\",\"@id\":\"https:\\\/\\\/www.fitnessbrasil.com.br\\\/#\\\/schema\\\/logo\\\/image\\\/\",\"url\":\"https:\\\/\\\/www.fitnessbrasil.com.br\\\/wp-content\\\/uploads\\\/2022\\\/01\\\/Logo-Fitness-Brasil_preto-e-cor.png\",\"contentUrl\":\"https:\\\/\\\/www.fitnessbrasil.com.br\\\/wp-content\\\/uploads\\\/2022\\\/01\\\/Logo-Fitness-Brasil_preto-e-cor.png\",\"width\":593,\"height\":316,\"caption\":\"Fitness Brasil\"},\"image\":{\"@id\":\"https:\\\/\\\/www.fitnessbrasil.com.br\\\/#\\\/schema\\\/logo\\\/image\\\/\"}}]}<\/script>\n<!-- \/ Yoast SEO plugin. -->","yoast_head_json":{"title":"HIPERTROFIA TOTAL: CONSTRUINDO MASSA MUSCULAR DE FORMA INTELIGENTE - Fitness Brasil","description":"Inscreva-se nos cursos t\u00e9cnicos da Fitness Brasil Expo 2026 - pr\u00e1tica real e acesso \u00e0 maior feira fitness da Am\u00e9rica Latina. Vagas limitadas.","robots":{"index":"index","follow":"follow","max-snippet":"max-snippet:-1","max-image-preview":"max-image-preview:large","max-video-preview":"max-video-preview:-1"},"canonical":"https:\/\/www.fitnessbrasil.com.br\/es\/producto\/hipertrofia-total-construindo-massa-muscular-de-forma-inteligente\/","og_locale":"es_ES","og_type":"article","og_title":"HIPERTROFIA TOTAL: CONSTRUINDO MASSA MUSCULAR DE FORMA INTELIGENTE - Fitness Brasil","og_description":"Inscreva-se nos cursos t\u00e9cnicos da Fitness Brasil Expo 2026 - pr\u00e1tica real e acesso \u00e0 maior feira fitness da Am\u00e9rica Latina. Vagas limitadas.","og_url":"https:\/\/www.fitnessbrasil.com.br\/es\/producto\/hipertrofia-total-construindo-massa-muscular-de-forma-inteligente\/","og_site_name":"Fitness Brasil","article_modified_time":"2026-05-03T13:16:06+00:00","og_image":[{"width":1080,"height":1080,"url":"https:\/\/www.fitnessbrasil.com.br\/wp-content\/uploads\/2026\/01\/fbexpo26_Thumbs_Tec_Hipertrofia.png","type":"image\/png"}],"twitter_card":"summary_large_image","twitter_misc":{"Tiempo de lectura":"1 minuto"},"schema":{"@context":"https:\/\/schema.org","@graph":[{"@type":"WebPage","@id":"https:\/\/www.fitnessbrasil.com.br\/produto\/hipertrofia-total-construindo-massa-muscular-de-forma-inteligente\/","url":"https:\/\/www.fitnessbrasil.com.br\/produto\/hipertrofia-total-construindo-massa-muscular-de-forma-inteligente\/","name":"HIPERTROFIA TOTAL: CONSTRUINDO MASSA MUSCULAR DE FORMA INTELIGENTE - Fitness Brasil","isPartOf":{"@id":"https:\/\/www.fitnessbrasil.com.br\/#website"},"primaryImageOfPage":{"@id":"https:\/\/www.fitnessbrasil.com.br\/produto\/hipertrofia-total-construindo-massa-muscular-de-forma-inteligente\/#primaryimage"},"image":{"@id":"https:\/\/www.fitnessbrasil.com.br\/produto\/hipertrofia-total-construindo-massa-muscular-de-forma-inteligente\/#primaryimage"},"thumbnailUrl":"https:\/\/www.fitnessbrasil.com.br\/wp-content\/uploads\/2026\/01\/fbexpo26_Thumbs_Tec_Hipertrofia.png","datePublished":"2026-01-23T13:25:27+00:00","dateModified":"2026-05-03T13:16:06+00:00","description":"Inscreva-se nos cursos t\u00e9cnicos da Fitness Brasil Expo 2026 - pr\u00e1tica real e acesso \u00e0 maior feira fitness da Am\u00e9rica Latina. Vagas limitadas.","breadcrumb":{"@id":"https:\/\/www.fitnessbrasil.com.br\/produto\/hipertrofia-total-construindo-massa-muscular-de-forma-inteligente\/#breadcrumb"},"inLanguage":"es","potentialAction":[{"@type":"ReadAction","target":["https:\/\/www.fitnessbrasil.com.br\/produto\/hipertrofia-total-construindo-massa-muscular-de-forma-inteligente\/"]}]},{"@type":"ImageObject","inLanguage":"es","@id":"https:\/\/www.fitnessbrasil.com.br\/produto\/hipertrofia-total-construindo-massa-muscular-de-forma-inteligente\/#primaryimage","url":"https:\/\/www.fitnessbrasil.com.br\/wp-content\/uploads\/2026\/01\/fbexpo26_Thumbs_Tec_Hipertrofia.png","contentUrl":"https:\/\/www.fitnessbrasil.com.br\/wp-content\/uploads\/2026\/01\/fbexpo26_Thumbs_Tec_Hipertrofia.png","width":1080,"height":1080},{"@type":"BreadcrumbList","@id":"https:\/\/www.fitnessbrasil.com.br\/produto\/hipertrofia-total-construindo-massa-muscular-de-forma-inteligente\/#breadcrumb","itemListElement":[{"@type":"ListItem","position":1,"name":"In\u00edcio","item":"https:\/\/www.fitnessbrasil.com.br\/"},{"@type":"ListItem","position":2,"name":"Loja","item":"https:\/\/www.fitnessbrasil.com.br\/loja-2\/"},{"@type":"ListItem","position":3,"name":"HIPERTROFIA TOTAL: CONSTRUINDO MASSA MUSCULAR DE FORMA INTELIGENTE"}]},{"@type":"WebSite","@id":"https:\/\/www.fitnessbrasil.com.br\/#website","url":"https:\/\/www.fitnessbrasil.com.br\/","name":"Fitness Brasil","description":"","publisher":{"@id":"https:\/\/www.fitnessbrasil.com.br\/#organization"},"potentialAction":[{"@type":"SearchAction","target":{"@type":"EntryPoint","urlTemplate":"https:\/\/www.fitnessbrasil.com.br\/?s={search_term_string}"},"query-input":{"@type":"PropertyValueSpecification","valueRequired":true,"valueName":"search_term_string"}}],"inLanguage":"es"},{"@type":"Organization","@id":"https:\/\/www.fitnessbrasil.com.br\/#organization","name":"Fitness Brasil","url":"https:\/\/www.fitnessbrasil.com.br\/","logo":{"@type":"ImageObject","inLanguage":"es","@id":"https:\/\/www.fitnessbrasil.com.br\/#\/schema\/logo\/image\/","url":"https:\/\/www.fitnessbrasil.com.br\/wp-content\/uploads\/2022\/01\/Logo-Fitness-Brasil_preto-e-cor.png","contentUrl":"https:\/\/www.fitnessbrasil.com.br\/wp-content\/uploads\/2022\/01\/Logo-Fitness-Brasil_preto-e-cor.png","width":593,"height":316,"caption":"Fitness Brasil"},"image":{"@id":"https:\/\/www.fitnessbrasil.com.br\/#\/schema\/logo\/image\/"}}]}},"_links":{"self":[{"href":"https:\/\/www.fitnessbrasil.com.br\/es\/wp-json\/wp\/v2\/product\/131166","targetHints":{"allow":["GET"]}}],"collection":[{"href":"https:\/\/www.fitnessbrasil.com.br\/es\/wp-json\/wp\/v2\/product"}],"about":[{"href":"https:\/\/www.fitnessbrasil.com.br\/es\/wp-json\/wp\/v2\/types\/product"}],"wp:featuredmedia":[{"embeddable":true,"href":"https:\/\/www.fitnessbrasil.com.br\/es\/wp-json\/wp\/v2\/media\/131253"}],"wp:attachment":[{"href":"https:\/\/www.fitnessbrasil.com.br\/es\/wp-json\/wp\/v2\/media?parent=131166"}],"wp:term":[{"taxonomy":"product_brand","embeddable":true,"href":"https:\/\/www.fitnessbrasil.com.br\/es\/wp-json\/wp\/v2\/product_brand?post=131166"},{"taxonomy":"product_cat","embeddable":true,"href":"https:\/\/www.fitnessbrasil.com.br\/es\/wp-json\/wp\/v2\/product_cat?post=131166"},{"taxonomy":"product_tag","embeddable":true,"href":"https:\/\/www.fitnessbrasil.com.br\/es\/wp-json\/wp\/v2\/product_tag?post=131166"}],"curies":[{"name":"wp","href":"https:\/\/api.w.org\/{rel}","templated":true}]}}