{"id":131425,"date":"2026-01-29T11:37:17","date_gmt":"2026-01-29T14:37:17","guid":{"rendered":"https:\/\/www.fitnessbrasil.com.br\/?post_type=product&#038;p=131425"},"modified":"2026-05-13T17:16:50","modified_gmt":"2026-05-13T20:16:50","slug":"conferencia-de-gestao-e-negocios-dia-2-28-08-fitness-brasil-expo-2026-dia2","status":"publish","type":"product","link":"https:\/\/www.fitnessbrasil.com.br\/es\/producto\/conferencia-de-gestao-e-negocios-dia-2-28-08-fitness-brasil-expo-2026-dia2\/","title":{"rendered":"Confer\u00eancia de Gest\u00e3o e Neg\u00f3cios &#8211; Dia 2- 28\/08 &#8211; Fitness Brasil Expo 2026"},"content":{"rendered":"","protected":false},"excerpt":{"rendered":"","protected":false},"featured_media":131426,"template":"","meta":{"_acf_changed":false},"product_brand":[],"product_cat":[562,568],"product_tag":[],"class_list":{"0":"post-131425","1":"product","2":"type-product","3":"status-publish","4":"has-post-thumbnail","6":"product_cat-fitness-brasil-expo-2026","7":"product_cat-gestao-e-negocios-fbe2026","9":"first","10":"instock","11":"sale","12":"taxable","13":"shipping-taxable","14":"purchasable","15":"product-type-simple"},"acf":[],"yoast_head":"<!-- This site is optimized with the Yoast SEO plugin v27.4 - https:\/\/yoast.com\/product\/yoast-seo-wordpress\/ -->\n<title>Confer\u00eancia de Gest\u00e3o &amp; Neg\u00f3cios Dia 2 | FB Expo 2026<\/title>\n<meta name=\"description\" content=\"Participe do Dia 2 da Confer\u00eancia de Gest\u00e3o &amp; Neg\u00f3cios da FB Expo 2026 com palestras, networking e estrat\u00e9gias para academias.\" \/>\n<meta name=\"robots\" content=\"index, follow, max-snippet:-1, max-image-preview:large, max-video-preview:-1\" \/>\n<link rel=\"canonical\" href=\"https:\/\/www.fitnessbrasil.com.br\/es\/producto\/conferencia-de-gestao-e-negocios-dia-2-28-08-fitness-brasil-expo-2026-dia2\/\" \/>\n<meta property=\"og:locale\" content=\"es_ES\" \/>\n<meta property=\"og:type\" content=\"article\" \/>\n<meta property=\"og:title\" content=\"Confer\u00eancia de Gest\u00e3o &amp; Neg\u00f3cios Dia 2 | FB Expo 2026\" \/>\n<meta property=\"og:description\" content=\"Participe do Dia 2 da Confer\u00eancia de Gest\u00e3o &amp; Neg\u00f3cios da FB Expo 2026 com palestras, networking e estrat\u00e9gias para academias.\" \/>\n<meta property=\"og:url\" content=\"https:\/\/www.fitnessbrasil.com.br\/es\/producto\/conferencia-de-gestao-e-negocios-dia-2-28-08-fitness-brasil-expo-2026-dia2\/\" \/>\n<meta property=\"og:site_name\" content=\"Fitness Brasil\" \/>\n<meta property=\"article:modified_time\" content=\"2026-05-13T20:16:50+00:00\" \/>\n<meta property=\"og:image\" content=\"https:\/\/www.fitnessbrasil.com.br\/wp-content\/uploads\/2026\/01\/fbexpo26_Thumbs_Gestao_Dia2.png\" \/>\n\t<meta property=\"og:image:width\" content=\"1080\" \/>\n\t<meta property=\"og:image:height\" content=\"1080\" \/>\n\t<meta property=\"og:image:type\" content=\"image\/png\" \/>\n<meta name=\"twitter:card\" content=\"summary_large_image\" \/>\n<meta name=\"twitter:label1\" content=\"Tiempo de lectura\" \/>\n\t<meta name=\"twitter:data1\" content=\"1 minuto\" \/>\n<script type=\"application\/ld+json\" class=\"yoast-schema-graph\">{\"@context\":\"https:\\\/\\\/schema.org\",\"@graph\":[{\"@type\":\"WebPage\",\"@id\":\"https:\\\/\\\/www.fitnessbrasil.com.br\\\/produto\\\/conferencia-de-gestao-e-negocios-dia-2-28-08-fitness-brasil-expo-2026-dia2\\\/\",\"url\":\"https:\\\/\\\/www.fitnessbrasil.com.br\\\/produto\\\/conferencia-de-gestao-e-negocios-dia-2-28-08-fitness-brasil-expo-2026-dia2\\\/\",\"name\":\"Confer\u00eancia de Gest\u00e3o & Neg\u00f3cios Dia 2 | FB Expo 2026\",\"isPartOf\":{\"@id\":\"https:\\\/\\\/www.fitnessbrasil.com.br\\\/#website\"},\"primaryImageOfPage\":{\"@id\":\"https:\\\/\\\/www.fitnessbrasil.com.br\\\/produto\\\/conferencia-de-gestao-e-negocios-dia-2-28-08-fitness-brasil-expo-2026-dia2\\\/#primaryimage\"},\"image\":{\"@id\":\"https:\\\/\\\/www.fitnessbrasil.com.br\\\/produto\\\/conferencia-de-gestao-e-negocios-dia-2-28-08-fitness-brasil-expo-2026-dia2\\\/#primaryimage\"},\"thumbnailUrl\":\"https:\\\/\\\/www.fitnessbrasil.com.br\\\/wp-content\\\/uploads\\\/2026\\\/01\\\/fbexpo26_Thumbs_Gestao_Dia2.png\",\"datePublished\":\"2026-01-29T14:37:17+00:00\",\"dateModified\":\"2026-05-13T20:16:50+00:00\",\"description\":\"Participe do Dia 2 da Confer\u00eancia de Gest\u00e3o & Neg\u00f3cios da FB Expo 2026 com palestras, networking e estrat\u00e9gias para academias.\",\"breadcrumb\":{\"@id\":\"https:\\\/\\\/www.fitnessbrasil.com.br\\\/produto\\\/conferencia-de-gestao-e-negocios-dia-2-28-08-fitness-brasil-expo-2026-dia2\\\/#breadcrumb\"},\"inLanguage\":\"es\",\"potentialAction\":[{\"@type\":\"ReadAction\",\"target\":[\"https:\\\/\\\/www.fitnessbrasil.com.br\\\/produto\\\/conferencia-de-gestao-e-negocios-dia-2-28-08-fitness-brasil-expo-2026-dia2\\\/\"]}]},{\"@type\":\"ImageObject\",\"inLanguage\":\"es\",\"@id\":\"https:\\\/\\\/www.fitnessbrasil.com.br\\\/produto\\\/conferencia-de-gestao-e-negocios-dia-2-28-08-fitness-brasil-expo-2026-dia2\\\/#primaryimage\",\"url\":\"https:\\\/\\\/www.fitnessbrasil.com.br\\\/wp-content\\\/uploads\\\/2026\\\/01\\\/fbexpo26_Thumbs_Gestao_Dia2.png\",\"contentUrl\":\"https:\\\/\\\/www.fitnessbrasil.com.br\\\/wp-content\\\/uploads\\\/2026\\\/01\\\/fbexpo26_Thumbs_Gestao_Dia2.png\",\"width\":1080,\"height\":1080},{\"@type\":\"BreadcrumbList\",\"@id\":\"https:\\\/\\\/www.fitnessbrasil.com.br\\\/produto\\\/conferencia-de-gestao-e-negocios-dia-2-28-08-fitness-brasil-expo-2026-dia2\\\/#breadcrumb\",\"itemListElement\":[{\"@type\":\"ListItem\",\"position\":1,\"name\":\"In\u00edcio\",\"item\":\"https:\\\/\\\/www.fitnessbrasil.com.br\\\/\"},{\"@type\":\"ListItem\",\"position\":2,\"name\":\"Loja\",\"item\":\"https:\\\/\\\/www.fitnessbrasil.com.br\\\/loja-2\\\/\"},{\"@type\":\"ListItem\",\"position\":3,\"name\":\"Confer\u00eancia de Gest\u00e3o e Neg\u00f3cios &#8211; Dia 2- 28\\\/08 &#8211; Fitness Brasil Expo 2026\"}]},{\"@type\":\"WebSite\",\"@id\":\"https:\\\/\\\/www.fitnessbrasil.com.br\\\/#website\",\"url\":\"https:\\\/\\\/www.fitnessbrasil.com.br\\\/\",\"name\":\"Fitness Brasil\",\"description\":\"\",\"publisher\":{\"@id\":\"https:\\\/\\\/www.fitnessbrasil.com.br\\\/#organization\"},\"potentialAction\":[{\"@type\":\"SearchAction\",\"target\":{\"@type\":\"EntryPoint\",\"urlTemplate\":\"https:\\\/\\\/www.fitnessbrasil.com.br\\\/?s={search_term_string}\"},\"query-input\":{\"@type\":\"PropertyValueSpecification\",\"valueRequired\":true,\"valueName\":\"search_term_string\"}}],\"inLanguage\":\"es\"},{\"@type\":\"Organization\",\"@id\":\"https:\\\/\\\/www.fitnessbrasil.com.br\\\/#organization\",\"name\":\"Fitness Brasil\",\"url\":\"https:\\\/\\\/www.fitnessbrasil.com.br\\\/\",\"logo\":{\"@type\":\"ImageObject\",\"inLanguage\":\"es\",\"@id\":\"https:\\\/\\\/www.fitnessbrasil.com.br\\\/#\\\/schema\\\/logo\\\/image\\\/\",\"url\":\"https:\\\/\\\/www.fitnessbrasil.com.br\\\/wp-content\\\/uploads\\\/2022\\\/01\\\/Logo-Fitness-Brasil_preto-e-cor.png\",\"contentUrl\":\"https:\\\/\\\/www.fitnessbrasil.com.br\\\/wp-content\\\/uploads\\\/2022\\\/01\\\/Logo-Fitness-Brasil_preto-e-cor.png\",\"width\":593,\"height\":316,\"caption\":\"Fitness Brasil\"},\"image\":{\"@id\":\"https:\\\/\\\/www.fitnessbrasil.com.br\\\/#\\\/schema\\\/logo\\\/image\\\/\"}}]}<\/script>\n<!-- \/ Yoast SEO plugin. -->","yoast_head_json":{"title":"Confer\u00eancia de Gest\u00e3o & Neg\u00f3cios Dia 2 | FB Expo 2026","description":"Participe do Dia 2 da Confer\u00eancia de Gest\u00e3o & Neg\u00f3cios da FB Expo 2026 com palestras, networking e estrat\u00e9gias para academias.","robots":{"index":"index","follow":"follow","max-snippet":"max-snippet:-1","max-image-preview":"max-image-preview:large","max-video-preview":"max-video-preview:-1"},"canonical":"https:\/\/www.fitnessbrasil.com.br\/es\/producto\/conferencia-de-gestao-e-negocios-dia-2-28-08-fitness-brasil-expo-2026-dia2\/","og_locale":"es_ES","og_type":"article","og_title":"Confer\u00eancia de Gest\u00e3o & Neg\u00f3cios Dia 2 | FB Expo 2026","og_description":"Participe do Dia 2 da Confer\u00eancia de Gest\u00e3o & Neg\u00f3cios da FB Expo 2026 com palestras, networking e estrat\u00e9gias para academias.","og_url":"https:\/\/www.fitnessbrasil.com.br\/es\/producto\/conferencia-de-gestao-e-negocios-dia-2-28-08-fitness-brasil-expo-2026-dia2\/","og_site_name":"Fitness Brasil","article_modified_time":"2026-05-13T20:16:50+00:00","og_image":[{"width":1080,"height":1080,"url":"https:\/\/www.fitnessbrasil.com.br\/wp-content\/uploads\/2026\/01\/fbexpo26_Thumbs_Gestao_Dia2.png","type":"image\/png"}],"twitter_card":"summary_large_image","twitter_misc":{"Tiempo de lectura":"1 minuto"},"schema":{"@context":"https:\/\/schema.org","@graph":[{"@type":"WebPage","@id":"https:\/\/www.fitnessbrasil.com.br\/produto\/conferencia-de-gestao-e-negocios-dia-2-28-08-fitness-brasil-expo-2026-dia2\/","url":"https:\/\/www.fitnessbrasil.com.br\/produto\/conferencia-de-gestao-e-negocios-dia-2-28-08-fitness-brasil-expo-2026-dia2\/","name":"Confer\u00eancia de Gest\u00e3o & Neg\u00f3cios Dia 2 | FB Expo 2026","isPartOf":{"@id":"https:\/\/www.fitnessbrasil.com.br\/#website"},"primaryImageOfPage":{"@id":"https:\/\/www.fitnessbrasil.com.br\/produto\/conferencia-de-gestao-e-negocios-dia-2-28-08-fitness-brasil-expo-2026-dia2\/#primaryimage"},"image":{"@id":"https:\/\/www.fitnessbrasil.com.br\/produto\/conferencia-de-gestao-e-negocios-dia-2-28-08-fitness-brasil-expo-2026-dia2\/#primaryimage"},"thumbnailUrl":"https:\/\/www.fitnessbrasil.com.br\/wp-content\/uploads\/2026\/01\/fbexpo26_Thumbs_Gestao_Dia2.png","datePublished":"2026-01-29T14:37:17+00:00","dateModified":"2026-05-13T20:16:50+00:00","description":"Participe do Dia 2 da Confer\u00eancia de Gest\u00e3o & Neg\u00f3cios da FB Expo 2026 com palestras, networking e estrat\u00e9gias para academias.","breadcrumb":{"@id":"https:\/\/www.fitnessbrasil.com.br\/produto\/conferencia-de-gestao-e-negocios-dia-2-28-08-fitness-brasil-expo-2026-dia2\/#breadcrumb"},"inLanguage":"es","potentialAction":[{"@type":"ReadAction","target":["https:\/\/www.fitnessbrasil.com.br\/produto\/conferencia-de-gestao-e-negocios-dia-2-28-08-fitness-brasil-expo-2026-dia2\/"]}]},{"@type":"ImageObject","inLanguage":"es","@id":"https:\/\/www.fitnessbrasil.com.br\/produto\/conferencia-de-gestao-e-negocios-dia-2-28-08-fitness-brasil-expo-2026-dia2\/#primaryimage","url":"https:\/\/www.fitnessbrasil.com.br\/wp-content\/uploads\/2026\/01\/fbexpo26_Thumbs_Gestao_Dia2.png","contentUrl":"https:\/\/www.fitnessbrasil.com.br\/wp-content\/uploads\/2026\/01\/fbexpo26_Thumbs_Gestao_Dia2.png","width":1080,"height":1080},{"@type":"BreadcrumbList","@id":"https:\/\/www.fitnessbrasil.com.br\/produto\/conferencia-de-gestao-e-negocios-dia-2-28-08-fitness-brasil-expo-2026-dia2\/#breadcrumb","itemListElement":[{"@type":"ListItem","position":1,"name":"In\u00edcio","item":"https:\/\/www.fitnessbrasil.com.br\/"},{"@type":"ListItem","position":2,"name":"Loja","item":"https:\/\/www.fitnessbrasil.com.br\/loja-2\/"},{"@type":"ListItem","position":3,"name":"Confer\u00eancia de Gest\u00e3o e Neg\u00f3cios &#8211; Dia 2- 28\/08 &#8211; Fitness Brasil Expo 2026"}]},{"@type":"WebSite","@id":"https:\/\/www.fitnessbrasil.com.br\/#website","url":"https:\/\/www.fitnessbrasil.com.br\/","name":"Fitness Brasil","description":"","publisher":{"@id":"https:\/\/www.fitnessbrasil.com.br\/#organization"},"potentialAction":[{"@type":"SearchAction","target":{"@type":"EntryPoint","urlTemplate":"https:\/\/www.fitnessbrasil.com.br\/?s={search_term_string}"},"query-input":{"@type":"PropertyValueSpecification","valueRequired":true,"valueName":"search_term_string"}}],"inLanguage":"es"},{"@type":"Organization","@id":"https:\/\/www.fitnessbrasil.com.br\/#organization","name":"Fitness Brasil","url":"https:\/\/www.fitnessbrasil.com.br\/","logo":{"@type":"ImageObject","inLanguage":"es","@id":"https:\/\/www.fitnessbrasil.com.br\/#\/schema\/logo\/image\/","url":"https:\/\/www.fitnessbrasil.com.br\/wp-content\/uploads\/2022\/01\/Logo-Fitness-Brasil_preto-e-cor.png","contentUrl":"https:\/\/www.fitnessbrasil.com.br\/wp-content\/uploads\/2022\/01\/Logo-Fitness-Brasil_preto-e-cor.png","width":593,"height":316,"caption":"Fitness Brasil"},"image":{"@id":"https:\/\/www.fitnessbrasil.com.br\/#\/schema\/logo\/image\/"}}]}},"_links":{"self":[{"href":"https:\/\/www.fitnessbrasil.com.br\/es\/wp-json\/wp\/v2\/product\/131425","targetHints":{"allow":["GET"]}}],"collection":[{"href":"https:\/\/www.fitnessbrasil.com.br\/es\/wp-json\/wp\/v2\/product"}],"about":[{"href":"https:\/\/www.fitnessbrasil.com.br\/es\/wp-json\/wp\/v2\/types\/product"}],"wp:featuredmedia":[{"embeddable":true,"href":"https:\/\/www.fitnessbrasil.com.br\/es\/wp-json\/wp\/v2\/media\/131426"}],"wp:attachment":[{"href":"https:\/\/www.fitnessbrasil.com.br\/es\/wp-json\/wp\/v2\/media?parent=131425"}],"wp:term":[{"taxonomy":"product_brand","embeddable":true,"href":"https:\/\/www.fitnessbrasil.com.br\/es\/wp-json\/wp\/v2\/product_brand?post=131425"},{"taxonomy":"product_cat","embeddable":true,"href":"https:\/\/www.fitnessbrasil.com.br\/es\/wp-json\/wp\/v2\/product_cat?post=131425"},{"taxonomy":"product_tag","embeddable":true,"href":"https:\/\/www.fitnessbrasil.com.br\/es\/wp-json\/wp\/v2\/product_tag?post=131425"}],"curies":[{"name":"wp","href":"https:\/\/api.w.org\/{rel}","templated":true}]}}