{"id":131827,"date":"2026-02-18T19:29:05","date_gmt":"2026-02-18T22:29:05","guid":{"rendered":"https:\/\/www.fitnessbrasil.com.br\/?post_type=product&#038;p=131827"},"modified":"2026-04-06T11:16:10","modified_gmt":"2026-04-06T14:16:10","slug":"musculacao-para-grupos-especiais-conhecimento-que-eleva-sua-autoridade","status":"publish","type":"product","link":"https:\/\/www.fitnessbrasil.com.br\/es\/producto\/musculacao-para-grupos-especiais-conhecimento-que-eleva-sua-autoridade\/","title":{"rendered":"MUSCULA\u00c7\u00c3O PARA GRUPOS ESPECIAIS : CONHECIMENTO QUE ELEVA SUA AUTORIDADE"},"content":{"rendered":"","protected":false},"excerpt":{"rendered":"","protected":false},"featured_media":131828,"template":"","meta":{"_acf_changed":false},"product_brand":[],"product_cat":[503,563],"product_tag":[],"class_list":{"0":"post-131827","1":"product","2":"type-product","3":"status-publish","4":"has-post-thumbnail","6":"product_cat-curso-tecnico-fbe2025","7":"product_cat-passaporte-tecnico-fb-expo-26","9":"first","10":"instock","11":"sale","12":"taxable","13":"shipping-taxable","14":"purchasable","15":"product-type-simple"},"acf":[],"yoast_head":"<!-- This site is optimized with the Yoast SEO plugin v27.2 - https:\/\/yoast.com\/product\/yoast-seo-wordpress\/ -->\n<title>MUSCULA\u00c7\u00c3O PARA GRUPOS ESPECIAIS : CONHECIMENTO QUE ELEVA SUA AUTORIDADE - Fitness Brasil<\/title>\n<meta name=\"description\" content=\"Inscreva-se nos cursos t\u00e9cnicos da Fitness Brasil Expo 2026 - pr\u00e1tica real e acesso \u00e0 maior feira fitness da Am\u00e9rica Latina. Vagas limitadas.\" \/>\n<meta name=\"robots\" content=\"index, follow, max-snippet:-1, max-image-preview:large, max-video-preview:-1\" \/>\n<link rel=\"canonical\" href=\"https:\/\/www.fitnessbrasil.com.br\/es\/producto\/musculacao-para-grupos-especiais-conhecimento-que-eleva-sua-autoridade\/\" \/>\n<meta property=\"og:locale\" content=\"es_ES\" \/>\n<meta property=\"og:type\" content=\"article\" \/>\n<meta property=\"og:title\" content=\"MUSCULA\u00c7\u00c3O PARA GRUPOS ESPECIAIS : CONHECIMENTO QUE ELEVA SUA AUTORIDADE - Fitness Brasil\" \/>\n<meta property=\"og:description\" content=\"Inscreva-se nos cursos t\u00e9cnicos da Fitness Brasil Expo 2026 - pr\u00e1tica real e acesso \u00e0 maior feira fitness da Am\u00e9rica Latina. Vagas limitadas.\" \/>\n<meta property=\"og:url\" content=\"https:\/\/www.fitnessbrasil.com.br\/es\/producto\/musculacao-para-grupos-especiais-conhecimento-que-eleva-sua-autoridade\/\" \/>\n<meta property=\"og:site_name\" content=\"Fitness Brasil\" \/>\n<meta property=\"article:modified_time\" content=\"2026-04-06T14:16:10+00:00\" \/>\n<meta property=\"og:image\" content=\"https:\/\/www.fitnessbrasil.com.br\/wp-content\/uploads\/2026\/02\/fbexpo26_Thumbs_Tec_MusculacaoGruposEspeciais.png\" \/>\n\t<meta property=\"og:image:width\" content=\"1080\" \/>\n\t<meta property=\"og:image:height\" content=\"1080\" \/>\n\t<meta property=\"og:image:type\" content=\"image\/png\" \/>\n<meta name=\"twitter:card\" content=\"summary_large_image\" \/>\n<meta name=\"twitter:label1\" content=\"Tiempo de lectura\" \/>\n\t<meta name=\"twitter:data1\" content=\"1 minuto\" \/>\n<script type=\"application\/ld+json\" class=\"yoast-schema-graph\">{\"@context\":\"https:\/\/schema.org\",\"@graph\":[{\"@type\":\"WebPage\",\"@id\":\"https:\/\/www.fitnessbrasil.com.br\/produto\/musculacao-para-grupos-especiais-conhecimento-que-eleva-sua-autoridade\/\",\"url\":\"https:\/\/www.fitnessbrasil.com.br\/produto\/musculacao-para-grupos-especiais-conhecimento-que-eleva-sua-autoridade\/\",\"name\":\"MUSCULA\u00c7\u00c3O PARA GRUPOS ESPECIAIS : CONHECIMENTO QUE ELEVA SUA AUTORIDADE - Fitness Brasil\",\"isPartOf\":{\"@id\":\"https:\/\/www.fitnessbrasil.com.br\/#website\"},\"primaryImageOfPage\":{\"@id\":\"https:\/\/www.fitnessbrasil.com.br\/produto\/musculacao-para-grupos-especiais-conhecimento-que-eleva-sua-autoridade\/#primaryimage\"},\"image\":{\"@id\":\"https:\/\/www.fitnessbrasil.com.br\/produto\/musculacao-para-grupos-especiais-conhecimento-que-eleva-sua-autoridade\/#primaryimage\"},\"thumbnailUrl\":\"https:\/\/www.fitnessbrasil.com.br\/wp-content\/uploads\/2026\/02\/fbexpo26_Thumbs_Tec_MusculacaoGruposEspeciais.png\",\"datePublished\":\"2026-02-18T22:29:05+00:00\",\"dateModified\":\"2026-04-06T14:16:10+00:00\",\"description\":\"Inscreva-se nos cursos t\u00e9cnicos da Fitness Brasil Expo 2026 - pr\u00e1tica real e acesso \u00e0 maior feira fitness da Am\u00e9rica Latina. Vagas limitadas.\",\"breadcrumb\":{\"@id\":\"https:\/\/www.fitnessbrasil.com.br\/produto\/musculacao-para-grupos-especiais-conhecimento-que-eleva-sua-autoridade\/#breadcrumb\"},\"inLanguage\":\"es\",\"potentialAction\":[{\"@type\":\"ReadAction\",\"target\":[\"https:\/\/www.fitnessbrasil.com.br\/produto\/musculacao-para-grupos-especiais-conhecimento-que-eleva-sua-autoridade\/\"]}]},{\"@type\":\"ImageObject\",\"inLanguage\":\"es\",\"@id\":\"https:\/\/www.fitnessbrasil.com.br\/produto\/musculacao-para-grupos-especiais-conhecimento-que-eleva-sua-autoridade\/#primaryimage\",\"url\":\"https:\/\/www.fitnessbrasil.com.br\/wp-content\/uploads\/2026\/02\/fbexpo26_Thumbs_Tec_MusculacaoGruposEspeciais.png\",\"contentUrl\":\"https:\/\/www.fitnessbrasil.com.br\/wp-content\/uploads\/2026\/02\/fbexpo26_Thumbs_Tec_MusculacaoGruposEspeciais.png\",\"width\":1080,\"height\":1080},{\"@type\":\"BreadcrumbList\",\"@id\":\"https:\/\/www.fitnessbrasil.com.br\/produto\/musculacao-para-grupos-especiais-conhecimento-que-eleva-sua-autoridade\/#breadcrumb\",\"itemListElement\":[{\"@type\":\"ListItem\",\"position\":1,\"name\":\"In\u00edcio\",\"item\":\"https:\/\/www.fitnessbrasil.com.br\/\"},{\"@type\":\"ListItem\",\"position\":2,\"name\":\"Loja\",\"item\":\"https:\/\/www.fitnessbrasil.com.br\/loja-2\/\"},{\"@type\":\"ListItem\",\"position\":3,\"name\":\"MUSCULA\u00c7\u00c3O PARA GRUPOS ESPECIAIS : CONHECIMENTO QUE ELEVA SUA AUTORIDADE\"}]},{\"@type\":\"WebSite\",\"@id\":\"https:\/\/www.fitnessbrasil.com.br\/#website\",\"url\":\"https:\/\/www.fitnessbrasil.com.br\/\",\"name\":\"Fitness Brasil\",\"description\":\"\",\"publisher\":{\"@id\":\"https:\/\/www.fitnessbrasil.com.br\/#organization\"},\"potentialAction\":[{\"@type\":\"SearchAction\",\"target\":{\"@type\":\"EntryPoint\",\"urlTemplate\":\"https:\/\/www.fitnessbrasil.com.br\/?s={search_term_string}\"},\"query-input\":{\"@type\":\"PropertyValueSpecification\",\"valueRequired\":true,\"valueName\":\"search_term_string\"}}],\"inLanguage\":\"es\"},{\"@type\":\"Organization\",\"@id\":\"https:\/\/www.fitnessbrasil.com.br\/#organization\",\"name\":\"Fitness Brasil\",\"url\":\"https:\/\/www.fitnessbrasil.com.br\/\",\"logo\":{\"@type\":\"ImageObject\",\"inLanguage\":\"es\",\"@id\":\"https:\/\/www.fitnessbrasil.com.br\/#\/schema\/logo\/image\/\",\"url\":\"https:\/\/www.fitnessbrasil.com.br\/wp-content\/uploads\/2022\/01\/Logo-Fitness-Brasil_preto-e-cor.png\",\"contentUrl\":\"https:\/\/www.fitnessbrasil.com.br\/wp-content\/uploads\/2022\/01\/Logo-Fitness-Brasil_preto-e-cor.png\",\"width\":593,\"height\":316,\"caption\":\"Fitness Brasil\"},\"image\":{\"@id\":\"https:\/\/www.fitnessbrasil.com.br\/#\/schema\/logo\/image\/\"}}]}<\/script>\n<!-- \/ Yoast SEO plugin. -->","yoast_head_json":{"title":"MUSCULA\u00c7\u00c3O PARA GRUPOS ESPECIAIS : CONHECIMENTO QUE ELEVA SUA AUTORIDADE - Fitness Brasil","description":"Inscreva-se nos cursos t\u00e9cnicos da Fitness Brasil Expo 2026 - pr\u00e1tica real e acesso \u00e0 maior feira fitness da Am\u00e9rica Latina. Vagas limitadas.","robots":{"index":"index","follow":"follow","max-snippet":"max-snippet:-1","max-image-preview":"max-image-preview:large","max-video-preview":"max-video-preview:-1"},"canonical":"https:\/\/www.fitnessbrasil.com.br\/es\/producto\/musculacao-para-grupos-especiais-conhecimento-que-eleva-sua-autoridade\/","og_locale":"es_ES","og_type":"article","og_title":"MUSCULA\u00c7\u00c3O PARA GRUPOS ESPECIAIS : CONHECIMENTO QUE ELEVA SUA AUTORIDADE - Fitness Brasil","og_description":"Inscreva-se nos cursos t\u00e9cnicos da Fitness Brasil Expo 2026 - pr\u00e1tica real e acesso \u00e0 maior feira fitness da Am\u00e9rica Latina. Vagas limitadas.","og_url":"https:\/\/www.fitnessbrasil.com.br\/es\/producto\/musculacao-para-grupos-especiais-conhecimento-que-eleva-sua-autoridade\/","og_site_name":"Fitness Brasil","article_modified_time":"2026-04-06T14:16:10+00:00","og_image":[{"width":1080,"height":1080,"url":"https:\/\/www.fitnessbrasil.com.br\/wp-content\/uploads\/2026\/02\/fbexpo26_Thumbs_Tec_MusculacaoGruposEspeciais.png","type":"image\/png"}],"twitter_card":"summary_large_image","twitter_misc":{"Tiempo de lectura":"1 minuto"},"schema":{"@context":"https:\/\/schema.org","@graph":[{"@type":"WebPage","@id":"https:\/\/www.fitnessbrasil.com.br\/produto\/musculacao-para-grupos-especiais-conhecimento-que-eleva-sua-autoridade\/","url":"https:\/\/www.fitnessbrasil.com.br\/produto\/musculacao-para-grupos-especiais-conhecimento-que-eleva-sua-autoridade\/","name":"MUSCULA\u00c7\u00c3O PARA GRUPOS ESPECIAIS : CONHECIMENTO QUE ELEVA SUA AUTORIDADE - Fitness Brasil","isPartOf":{"@id":"https:\/\/www.fitnessbrasil.com.br\/#website"},"primaryImageOfPage":{"@id":"https:\/\/www.fitnessbrasil.com.br\/produto\/musculacao-para-grupos-especiais-conhecimento-que-eleva-sua-autoridade\/#primaryimage"},"image":{"@id":"https:\/\/www.fitnessbrasil.com.br\/produto\/musculacao-para-grupos-especiais-conhecimento-que-eleva-sua-autoridade\/#primaryimage"},"thumbnailUrl":"https:\/\/www.fitnessbrasil.com.br\/wp-content\/uploads\/2026\/02\/fbexpo26_Thumbs_Tec_MusculacaoGruposEspeciais.png","datePublished":"2026-02-18T22:29:05+00:00","dateModified":"2026-04-06T14:16:10+00:00","description":"Inscreva-se nos cursos t\u00e9cnicos da Fitness Brasil Expo 2026 - pr\u00e1tica real e acesso \u00e0 maior feira fitness da Am\u00e9rica Latina. Vagas limitadas.","breadcrumb":{"@id":"https:\/\/www.fitnessbrasil.com.br\/produto\/musculacao-para-grupos-especiais-conhecimento-que-eleva-sua-autoridade\/#breadcrumb"},"inLanguage":"es","potentialAction":[{"@type":"ReadAction","target":["https:\/\/www.fitnessbrasil.com.br\/produto\/musculacao-para-grupos-especiais-conhecimento-que-eleva-sua-autoridade\/"]}]},{"@type":"ImageObject","inLanguage":"es","@id":"https:\/\/www.fitnessbrasil.com.br\/produto\/musculacao-para-grupos-especiais-conhecimento-que-eleva-sua-autoridade\/#primaryimage","url":"https:\/\/www.fitnessbrasil.com.br\/wp-content\/uploads\/2026\/02\/fbexpo26_Thumbs_Tec_MusculacaoGruposEspeciais.png","contentUrl":"https:\/\/www.fitnessbrasil.com.br\/wp-content\/uploads\/2026\/02\/fbexpo26_Thumbs_Tec_MusculacaoGruposEspeciais.png","width":1080,"height":1080},{"@type":"BreadcrumbList","@id":"https:\/\/www.fitnessbrasil.com.br\/produto\/musculacao-para-grupos-especiais-conhecimento-que-eleva-sua-autoridade\/#breadcrumb","itemListElement":[{"@type":"ListItem","position":1,"name":"In\u00edcio","item":"https:\/\/www.fitnessbrasil.com.br\/"},{"@type":"ListItem","position":2,"name":"Loja","item":"https:\/\/www.fitnessbrasil.com.br\/loja-2\/"},{"@type":"ListItem","position":3,"name":"MUSCULA\u00c7\u00c3O PARA GRUPOS ESPECIAIS : CONHECIMENTO QUE ELEVA SUA AUTORIDADE"}]},{"@type":"WebSite","@id":"https:\/\/www.fitnessbrasil.com.br\/#website","url":"https:\/\/www.fitnessbrasil.com.br\/","name":"Fitness Brasil","description":"","publisher":{"@id":"https:\/\/www.fitnessbrasil.com.br\/#organization"},"potentialAction":[{"@type":"SearchAction","target":{"@type":"EntryPoint","urlTemplate":"https:\/\/www.fitnessbrasil.com.br\/?s={search_term_string}"},"query-input":{"@type":"PropertyValueSpecification","valueRequired":true,"valueName":"search_term_string"}}],"inLanguage":"es"},{"@type":"Organization","@id":"https:\/\/www.fitnessbrasil.com.br\/#organization","name":"Fitness Brasil","url":"https:\/\/www.fitnessbrasil.com.br\/","logo":{"@type":"ImageObject","inLanguage":"es","@id":"https:\/\/www.fitnessbrasil.com.br\/#\/schema\/logo\/image\/","url":"https:\/\/www.fitnessbrasil.com.br\/wp-content\/uploads\/2022\/01\/Logo-Fitness-Brasil_preto-e-cor.png","contentUrl":"https:\/\/www.fitnessbrasil.com.br\/wp-content\/uploads\/2022\/01\/Logo-Fitness-Brasil_preto-e-cor.png","width":593,"height":316,"caption":"Fitness Brasil"},"image":{"@id":"https:\/\/www.fitnessbrasil.com.br\/#\/schema\/logo\/image\/"}}]}},"_links":{"self":[{"href":"https:\/\/www.fitnessbrasil.com.br\/es\/wp-json\/wp\/v2\/product\/131827","targetHints":{"allow":["GET"]}}],"collection":[{"href":"https:\/\/www.fitnessbrasil.com.br\/es\/wp-json\/wp\/v2\/product"}],"about":[{"href":"https:\/\/www.fitnessbrasil.com.br\/es\/wp-json\/wp\/v2\/types\/product"}],"wp:featuredmedia":[{"embeddable":true,"href":"https:\/\/www.fitnessbrasil.com.br\/es\/wp-json\/wp\/v2\/media\/131828"}],"wp:attachment":[{"href":"https:\/\/www.fitnessbrasil.com.br\/es\/wp-json\/wp\/v2\/media?parent=131827"}],"wp:term":[{"taxonomy":"product_brand","embeddable":true,"href":"https:\/\/www.fitnessbrasil.com.br\/es\/wp-json\/wp\/v2\/product_brand?post=131827"},{"taxonomy":"product_cat","embeddable":true,"href":"https:\/\/www.fitnessbrasil.com.br\/es\/wp-json\/wp\/v2\/product_cat?post=131827"},{"taxonomy":"product_tag","embeddable":true,"href":"https:\/\/www.fitnessbrasil.com.br\/es\/wp-json\/wp\/v2\/product_tag?post=131827"}],"curies":[{"name":"wp","href":"https:\/\/api.w.org\/{rel}","templated":true}]}}