{"id":132740,"date":"2026-04-07T16:23:30","date_gmt":"2026-04-07T19:23:30","guid":{"rendered":"https:\/\/www.fitnessbrasil.com.br\/?post_type=product&#038;p=132740"},"modified":"2026-04-07T21:16:01","modified_gmt":"2026-04-08T00:16:01","slug":"dor-e-reabilitacao-na-pratica-da-avaliacao-ao-resultado-real-no-paciente","status":"publish","type":"product","link":"https:\/\/www.fitnessbrasil.com.br\/es\/producto\/dor-e-reabilitacao-na-pratica-da-avaliacao-ao-resultado-real-no-paciente\/","title":{"rendered":"DOR E REABILITA\u00c7\u00c3O NA PR\u00c1TICA: DA AVALIA\u00c7\u00c3O AO RESULTADO REAL NO PACIENTE"},"content":{"rendered":"","protected":false},"excerpt":{"rendered":"","protected":false},"featured_media":0,"template":"","meta":{"_acf_changed":false},"product_brand":[],"product_cat":[503,563],"product_tag":[],"class_list":{"0":"post-132740","1":"product","2":"type-product","3":"status-publish","5":"product_cat-curso-tecnico-fbe2025","6":"product_cat-passaporte-tecnico-fb-expo-26","8":"first","9":"instock","10":"sale","11":"taxable","12":"shipping-taxable","13":"purchasable","14":"product-type-simple"},"acf":[],"yoast_head":"<!-- This site is optimized with the Yoast SEO plugin v27.2 - https:\/\/yoast.com\/product\/yoast-seo-wordpress\/ -->\n<title>DOR E REABILITA\u00c7\u00c3O NA PR\u00c1TICA: DA AVALIA\u00c7\u00c3O AO RESULTADO REAL NO PACIENTE - Fitness Brasil<\/title>\n<meta name=\"description\" content=\"Inscreva-se nos cursos t\u00e9cnicos da Fitness Brasil Expo 2026 - pr\u00e1tica real e acesso \u00e0 maior feira fitness da Am\u00e9rica Latina. Vagas limitadas.\" \/>\n<meta name=\"robots\" content=\"index, follow, max-snippet:-1, max-image-preview:large, max-video-preview:-1\" \/>\n<link rel=\"canonical\" href=\"https:\/\/www.fitnessbrasil.com.br\/es\/producto\/dor-e-reabilitacao-na-pratica-da-avaliacao-ao-resultado-real-no-paciente\/\" \/>\n<meta property=\"og:locale\" content=\"es_ES\" \/>\n<meta property=\"og:type\" content=\"article\" \/>\n<meta property=\"og:title\" content=\"DOR E REABILITA\u00c7\u00c3O NA PR\u00c1TICA: DA AVALIA\u00c7\u00c3O AO RESULTADO REAL NO PACIENTE - Fitness Brasil\" \/>\n<meta property=\"og:description\" content=\"Inscreva-se nos cursos t\u00e9cnicos da Fitness Brasil Expo 2026 - pr\u00e1tica real e acesso \u00e0 maior feira fitness da Am\u00e9rica Latina. Vagas limitadas.\" \/>\n<meta property=\"og:url\" content=\"https:\/\/www.fitnessbrasil.com.br\/es\/producto\/dor-e-reabilitacao-na-pratica-da-avaliacao-ao-resultado-real-no-paciente\/\" \/>\n<meta property=\"og:site_name\" content=\"Fitness Brasil\" \/>\n<meta property=\"article:modified_time\" content=\"2026-04-08T00:16:01+00:00\" \/>\n<meta name=\"twitter:card\" content=\"summary_large_image\" \/>\n<script type=\"application\/ld+json\" class=\"yoast-schema-graph\">{\"@context\":\"https:\/\/schema.org\",\"@graph\":[{\"@type\":\"WebPage\",\"@id\":\"https:\/\/www.fitnessbrasil.com.br\/produto\/dor-e-reabilitacao-na-pratica-da-avaliacao-ao-resultado-real-no-paciente\/\",\"url\":\"https:\/\/www.fitnessbrasil.com.br\/produto\/dor-e-reabilitacao-na-pratica-da-avaliacao-ao-resultado-real-no-paciente\/\",\"name\":\"DOR E REABILITA\u00c7\u00c3O NA PR\u00c1TICA: DA AVALIA\u00c7\u00c3O AO RESULTADO REAL NO PACIENTE - Fitness Brasil\",\"isPartOf\":{\"@id\":\"https:\/\/www.fitnessbrasil.com.br\/#website\"},\"datePublished\":\"2026-04-07T19:23:30+00:00\",\"dateModified\":\"2026-04-08T00:16:01+00:00\",\"description\":\"Inscreva-se nos cursos t\u00e9cnicos da Fitness Brasil Expo 2026 - pr\u00e1tica real e acesso \u00e0 maior feira fitness da Am\u00e9rica Latina. Vagas limitadas.\",\"breadcrumb\":{\"@id\":\"https:\/\/www.fitnessbrasil.com.br\/produto\/dor-e-reabilitacao-na-pratica-da-avaliacao-ao-resultado-real-no-paciente\/#breadcrumb\"},\"inLanguage\":\"es\",\"potentialAction\":[{\"@type\":\"ReadAction\",\"target\":[\"https:\/\/www.fitnessbrasil.com.br\/produto\/dor-e-reabilitacao-na-pratica-da-avaliacao-ao-resultado-real-no-paciente\/\"]}]},{\"@type\":\"BreadcrumbList\",\"@id\":\"https:\/\/www.fitnessbrasil.com.br\/produto\/dor-e-reabilitacao-na-pratica-da-avaliacao-ao-resultado-real-no-paciente\/#breadcrumb\",\"itemListElement\":[{\"@type\":\"ListItem\",\"position\":1,\"name\":\"In\u00edcio\",\"item\":\"https:\/\/www.fitnessbrasil.com.br\/\"},{\"@type\":\"ListItem\",\"position\":2,\"name\":\"Loja\",\"item\":\"https:\/\/www.fitnessbrasil.com.br\/loja-2\/\"},{\"@type\":\"ListItem\",\"position\":3,\"name\":\"DOR E REABILITA\u00c7\u00c3O NA PR\u00c1TICA: DA AVALIA\u00c7\u00c3O AO RESULTADO REAL NO PACIENTE\"}]},{\"@type\":\"WebSite\",\"@id\":\"https:\/\/www.fitnessbrasil.com.br\/#website\",\"url\":\"https:\/\/www.fitnessbrasil.com.br\/\",\"name\":\"Fitness Brasil\",\"description\":\"\",\"publisher\":{\"@id\":\"https:\/\/www.fitnessbrasil.com.br\/#organization\"},\"potentialAction\":[{\"@type\":\"SearchAction\",\"target\":{\"@type\":\"EntryPoint\",\"urlTemplate\":\"https:\/\/www.fitnessbrasil.com.br\/?s={search_term_string}\"},\"query-input\":{\"@type\":\"PropertyValueSpecification\",\"valueRequired\":true,\"valueName\":\"search_term_string\"}}],\"inLanguage\":\"es\"},{\"@type\":\"Organization\",\"@id\":\"https:\/\/www.fitnessbrasil.com.br\/#organization\",\"name\":\"Fitness Brasil\",\"url\":\"https:\/\/www.fitnessbrasil.com.br\/\",\"logo\":{\"@type\":\"ImageObject\",\"inLanguage\":\"es\",\"@id\":\"https:\/\/www.fitnessbrasil.com.br\/#\/schema\/logo\/image\/\",\"url\":\"https:\/\/www.fitnessbrasil.com.br\/wp-content\/uploads\/2022\/01\/Logo-Fitness-Brasil_preto-e-cor.png\",\"contentUrl\":\"https:\/\/www.fitnessbrasil.com.br\/wp-content\/uploads\/2022\/01\/Logo-Fitness-Brasil_preto-e-cor.png\",\"width\":593,\"height\":316,\"caption\":\"Fitness Brasil\"},\"image\":{\"@id\":\"https:\/\/www.fitnessbrasil.com.br\/#\/schema\/logo\/image\/\"}}]}<\/script>\n<!-- \/ Yoast SEO plugin. -->","yoast_head_json":{"title":"DOR E REABILITA\u00c7\u00c3O NA PR\u00c1TICA: DA AVALIA\u00c7\u00c3O AO RESULTADO REAL NO PACIENTE - Fitness Brasil","description":"Inscreva-se nos cursos t\u00e9cnicos da Fitness Brasil Expo 2026 - pr\u00e1tica real e acesso \u00e0 maior feira fitness da Am\u00e9rica Latina. Vagas limitadas.","robots":{"index":"index","follow":"follow","max-snippet":"max-snippet:-1","max-image-preview":"max-image-preview:large","max-video-preview":"max-video-preview:-1"},"canonical":"https:\/\/www.fitnessbrasil.com.br\/es\/producto\/dor-e-reabilitacao-na-pratica-da-avaliacao-ao-resultado-real-no-paciente\/","og_locale":"es_ES","og_type":"article","og_title":"DOR E REABILITA\u00c7\u00c3O NA PR\u00c1TICA: DA AVALIA\u00c7\u00c3O AO RESULTADO REAL NO PACIENTE - Fitness Brasil","og_description":"Inscreva-se nos cursos t\u00e9cnicos da Fitness Brasil Expo 2026 - pr\u00e1tica real e acesso \u00e0 maior feira fitness da Am\u00e9rica Latina. Vagas limitadas.","og_url":"https:\/\/www.fitnessbrasil.com.br\/es\/producto\/dor-e-reabilitacao-na-pratica-da-avaliacao-ao-resultado-real-no-paciente\/","og_site_name":"Fitness Brasil","article_modified_time":"2026-04-08T00:16:01+00:00","twitter_card":"summary_large_image","schema":{"@context":"https:\/\/schema.org","@graph":[{"@type":"WebPage","@id":"https:\/\/www.fitnessbrasil.com.br\/produto\/dor-e-reabilitacao-na-pratica-da-avaliacao-ao-resultado-real-no-paciente\/","url":"https:\/\/www.fitnessbrasil.com.br\/produto\/dor-e-reabilitacao-na-pratica-da-avaliacao-ao-resultado-real-no-paciente\/","name":"DOR E REABILITA\u00c7\u00c3O NA PR\u00c1TICA: DA AVALIA\u00c7\u00c3O AO RESULTADO REAL NO PACIENTE - Fitness Brasil","isPartOf":{"@id":"https:\/\/www.fitnessbrasil.com.br\/#website"},"datePublished":"2026-04-07T19:23:30+00:00","dateModified":"2026-04-08T00:16:01+00:00","description":"Inscreva-se nos cursos t\u00e9cnicos da Fitness Brasil Expo 2026 - pr\u00e1tica real e acesso \u00e0 maior feira fitness da Am\u00e9rica Latina. Vagas limitadas.","breadcrumb":{"@id":"https:\/\/www.fitnessbrasil.com.br\/produto\/dor-e-reabilitacao-na-pratica-da-avaliacao-ao-resultado-real-no-paciente\/#breadcrumb"},"inLanguage":"es","potentialAction":[{"@type":"ReadAction","target":["https:\/\/www.fitnessbrasil.com.br\/produto\/dor-e-reabilitacao-na-pratica-da-avaliacao-ao-resultado-real-no-paciente\/"]}]},{"@type":"BreadcrumbList","@id":"https:\/\/www.fitnessbrasil.com.br\/produto\/dor-e-reabilitacao-na-pratica-da-avaliacao-ao-resultado-real-no-paciente\/#breadcrumb","itemListElement":[{"@type":"ListItem","position":1,"name":"In\u00edcio","item":"https:\/\/www.fitnessbrasil.com.br\/"},{"@type":"ListItem","position":2,"name":"Loja","item":"https:\/\/www.fitnessbrasil.com.br\/loja-2\/"},{"@type":"ListItem","position":3,"name":"DOR E REABILITA\u00c7\u00c3O NA PR\u00c1TICA: DA AVALIA\u00c7\u00c3O AO RESULTADO REAL NO PACIENTE"}]},{"@type":"WebSite","@id":"https:\/\/www.fitnessbrasil.com.br\/#website","url":"https:\/\/www.fitnessbrasil.com.br\/","name":"Fitness Brasil","description":"","publisher":{"@id":"https:\/\/www.fitnessbrasil.com.br\/#organization"},"potentialAction":[{"@type":"SearchAction","target":{"@type":"EntryPoint","urlTemplate":"https:\/\/www.fitnessbrasil.com.br\/?s={search_term_string}"},"query-input":{"@type":"PropertyValueSpecification","valueRequired":true,"valueName":"search_term_string"}}],"inLanguage":"es"},{"@type":"Organization","@id":"https:\/\/www.fitnessbrasil.com.br\/#organization","name":"Fitness Brasil","url":"https:\/\/www.fitnessbrasil.com.br\/","logo":{"@type":"ImageObject","inLanguage":"es","@id":"https:\/\/www.fitnessbrasil.com.br\/#\/schema\/logo\/image\/","url":"https:\/\/www.fitnessbrasil.com.br\/wp-content\/uploads\/2022\/01\/Logo-Fitness-Brasil_preto-e-cor.png","contentUrl":"https:\/\/www.fitnessbrasil.com.br\/wp-content\/uploads\/2022\/01\/Logo-Fitness-Brasil_preto-e-cor.png","width":593,"height":316,"caption":"Fitness Brasil"},"image":{"@id":"https:\/\/www.fitnessbrasil.com.br\/#\/schema\/logo\/image\/"}}]}},"_links":{"self":[{"href":"https:\/\/www.fitnessbrasil.com.br\/es\/wp-json\/wp\/v2\/product\/132740","targetHints":{"allow":["GET"]}}],"collection":[{"href":"https:\/\/www.fitnessbrasil.com.br\/es\/wp-json\/wp\/v2\/product"}],"about":[{"href":"https:\/\/www.fitnessbrasil.com.br\/es\/wp-json\/wp\/v2\/types\/product"}],"wp:attachment":[{"href":"https:\/\/www.fitnessbrasil.com.br\/es\/wp-json\/wp\/v2\/media?parent=132740"}],"wp:term":[{"taxonomy":"product_brand","embeddable":true,"href":"https:\/\/www.fitnessbrasil.com.br\/es\/wp-json\/wp\/v2\/product_brand?post=132740"},{"taxonomy":"product_cat","embeddable":true,"href":"https:\/\/www.fitnessbrasil.com.br\/es\/wp-json\/wp\/v2\/product_cat?post=132740"},{"taxonomy":"product_tag","embeddable":true,"href":"https:\/\/www.fitnessbrasil.com.br\/es\/wp-json\/wp\/v2\/product_tag?post=132740"}],"curies":[{"name":"wp","href":"https:\/\/api.w.org\/{rel}","templated":true}]}}